{"id":321343,"date":"2023-09-05T19:19:19","date_gmt":"2024-03-19T17:33:07","guid":{"rendered":"https:\/\/www.moskito.cz\/produkt\/couteau-de-tir-microtech-utx-85-satin-232-5\/"},"modified":"2025-05-07T11:06:22","modified_gmt":"2025-05-07T10:06:22","slug":"couteau-de-tir-microtech-utx-85-satin-232-5","status":"publish","type":"product","link":"https:\/\/www.moskito.cz\/fr\/produkt\/couteau-de-tir-microtech-utx-85-satin-232-5\/","title":{"rendered":"Couteau de tir Microtech UTX-85 Satin 232-5"},"content":{"rendered":"<p>Couteau de tir <strong>Microtech<\/strong> UTX-85 Satin 232-5<\/p>\n<p><strong>Le couteau Microtech UTX-85<\/strong> OTF est la combinaison parfaite entre taille compacte et excellentes performances. D&rsquo;une taille <strong>Ultratech<\/strong> \u00e0 85 % <strong>, le Microtech UTX-85<\/strong> est fabriqu\u00e9 \u00e0 partir des m\u00eames mat\u00e9riaux, sur les m\u00eames machines et avec la m\u00eame ing\u00e9niosit\u00e9 que son pr\u00e9d\u00e9cesseur. Le Microtech UTX-85 est le couteau parfait pour toutes les situations, quelle que soit la t\u00e2che que vous effectuez ; il s&rsquo;int\u00e9grera parfaitement \u00e0 votre style de vie. Gr\u00e2ce \u00e0 l&rsquo;ouverture et \u00e0 la fermeture rapides d&rsquo;une seule main, il accomplit le travail en quelques secondes. \u00c9quip\u00e9 d&rsquo;un clip de poche double face et d&rsquo;une taille compacte, c&rsquo;est un choix parfait pour un usage et un transport quotidiens.<\/p>\n<p>Caract\u00e9ristiques<br \/>\nAction&nbsp;: Double action \u2013&nbsp;Tir automatique\/r\u00e9traction automatique<br \/>\nLongueur totale : 18,75 cm<br \/>\nLongueur de la lame : 7,81 cm<br \/>\nTranchant : 7,17 cm<br \/>\nAcier : M390<br \/>\nStyle de lame&nbsp;: Dague combin\u00e9e double satin\u00e9e<br \/>\nCh\u00e2ssis&nbsp;: alliage AL 6061-T6, rev\u00eatement dur noir Mil-Spec anodis\u00e9<br \/>\nMat\u00e9riau du manche : aluminium<br \/>\nClip de poche : acier inoxydable 301<br \/>\nTige standard&nbsp;: alliage 6061-T6 AL<br \/>\nG\u00e2chette&nbsp;: acier inoxydable 303<br \/>\nPoids : 2,8 onces.<br \/>\nFabriqu\u00e9 aux \u00c9tats-Unis<\/p>\n<p><iframe title=\"Microtech Combat Troodon Torture Test\" width=\"800\" height=\"450\" src=\"https:\/\/www.youtube.com\/embed\/xE9TeOFYEjg?feature=oembed\" frameborder=\"0\" allow=\"accelerometer; autoplay; clipboard-write; encrypted-media; gyroscope; picture-in-picture; web-share\" allowfullscreen><\/iframe><\/p>\n","protected":false},"excerpt":{"rendered":"<p><strong>Au fil des ann\u00e9es, Microtech\u00ae Knives a rempli les couteaux avec passion et comp\u00e9tence pour cr\u00e9er presque des \u0153uvres d&rsquo;art qui sont le summum de la fonctionnalit\u00e9. Toutes les pi\u00e8ces sont fabriqu\u00e9es aux \u00c9tats-Unis.<\/strong><br \/>\n<strong>Tous les couteaux Microtech sont garantis \u00e0 vie.<\/strong><\/p>\n<p><strong>Transports gratuits.<\/strong><\/p>\n","protected":false},"featured_media":321354,"comment_status":"open","ping_status":"closed","template":"","meta":[],"pwb-brand":[3751],"product_brand":[],"product_cat":[3699,3696],"product_tag":[3754],"class_list":{"0":"post-321343","1":"product","2":"type-product","3":"status-publish","4":"has-post-thumbnail","6":"pwb-brand-microtechnologie","7":"product_cat-couteaux-de-tir","8":"product_cat-des-couteaux","9":"product_tag-b2b-fr","11":"first","12":"outofstock","13":"taxable","14":"shipping-taxable","15":"purchasable","16":"product-type-simple"},"brands":[{"id":3751,"name":"Microtechnologie","slug":"microtechnologie"}],"_links":{"self":[{"href":"https:\/\/www.moskito.cz\/fr\/wp-json\/wp\/v2\/product\/321343","targetHints":{"allow":["GET"]}}],"collection":[{"href":"https:\/\/www.moskito.cz\/fr\/wp-json\/wp\/v2\/product"}],"about":[{"href":"https:\/\/www.moskito.cz\/fr\/wp-json\/wp\/v2\/types\/product"}],"replies":[{"embeddable":true,"href":"https:\/\/www.moskito.cz\/fr\/wp-json\/wp\/v2\/comments?post=321343"}],"wp:featuredmedia":[{"embeddable":true,"href":"https:\/\/www.moskito.cz\/fr\/wp-json\/wp\/v2\/media\/321354"}],"wp:attachment":[{"href":"https:\/\/www.moskito.cz\/fr\/wp-json\/wp\/v2\/media?parent=321343"}],"wp:term":[{"taxonomy":"pwb-brand","embeddable":true,"href":"https:\/\/www.moskito.cz\/fr\/wp-json\/wp\/v2\/pwb-brand?post=321343"},{"taxonomy":"product_brand","embeddable":true,"href":"https:\/\/www.moskito.cz\/fr\/wp-json\/wp\/v2\/product_brand?post=321343"},{"taxonomy":"product_cat","embeddable":true,"href":"https:\/\/www.moskito.cz\/fr\/wp-json\/wp\/v2\/product_cat?post=321343"},{"taxonomy":"product_tag","embeddable":true,"href":"https:\/\/www.moskito.cz\/fr\/wp-json\/wp\/v2\/product_tag?post=321343"}],"curies":[{"name":"wp","href":"https:\/\/api.w.org\/{rel}","templated":true}]}}