{"id":321364,"date":"2023-09-02T19:50:54","date_gmt":"2024-03-19T17:33:08","guid":{"rendered":"https:\/\/www.moskito.cz\/produkt\/couteau-de-tir-microtech-dirac-stonewashed-turquoise-225-11tq\/"},"modified":"2025-05-07T11:06:22","modified_gmt":"2025-05-07T10:06:22","slug":"couteau-de-tir-microtech-dirac-stonewashed-turquoise-225-11tq","status":"publish","type":"product","link":"https:\/\/www.moskito.cz\/fr\/produkt\/couteau-de-tir-microtech-dirac-stonewashed-turquoise-225-11tq\/","title":{"rendered":"Couteau de tir Microtech Dirac Stonewashed Turquoise 225-11TQ"},"content":{"rendered":"<p>Couteau de tir <strong>Microtech<\/strong> Dirac Stonewashed Turquoise 225-11TQ<\/p>\n<p>Le Dirac est le premier couteau \u00e0 double action de Microtech dot\u00e9 d&rsquo;un curseur de tir \u00e0 couverture. La poign\u00e9e extr\u00eamement ergonomique pr\u00e9sente des lignes incurv\u00e9es de type HALO pour une sensation l\u00e9g\u00e8rement diff\u00e9rente par rapport aux autres poign\u00e9es. Ils ont \u00e9tudi\u00e9 cette conception OTF particuli\u00e8re et ont utilis\u00e9 leurs caract\u00e9ristiques microtechnologiques \u00e0 ultra haute tol\u00e9rance, telles que du mat\u00e9riel exclusif, un m\u00e9canisme interne innovant et un brise-verre. Avec son Dirac, il convient parfaitement comme couteau de tous les jours.<\/p>\n<p>Longueur de la lame : 7,3<br \/>\nLongueur totale : 18 cm<br \/>\nAcier : M390<br \/>\nStyle de lame&nbsp;:&nbsp;Dague \u00e0 double tranchant<br \/>\nMeulage de la lame&nbsp;:&nbsp;Plat<br \/>\nMat\u00e9riau de la poign\u00e9e&nbsp;: aluminium 6061-T6, rev\u00eatement dur anodis\u00e9 noir Mil-Spec<br \/>\nM\u00e9canisme de verrouillage&nbsp;:&nbsp;Couvercle coulissant<br \/>\nClip de poche&nbsp;: acier inoxydable 301 (pliable)<br \/>\nPoids : 2,2 onces.<br \/>\nCr\u00e9ateur : Tony Marfione<br \/>\nFabriqu\u00e9 aux \u00c9tats-Unis<\/p>\n<p><iframe title=\"Microtech Combat Troodon Torture Test\" width=\"800\" height=\"450\" src=\"https:\/\/www.youtube.com\/embed\/xE9TeOFYEjg?feature=oembed\" frameborder=\"0\" allow=\"accelerometer; autoplay; clipboard-write; encrypted-media; gyroscope; picture-in-picture; web-share\" allowfullscreen><\/iframe><\/p>\n<p>&nbsp;<\/p>\n","protected":false},"excerpt":{"rendered":"<p><strong>Au fil des ann\u00e9es, Microtech\u00ae Knives a rempli les couteaux avec passion et comp\u00e9tence pour cr\u00e9er presque des \u0153uvres d&rsquo;art qui sont le summum de la fonctionnalit\u00e9. Toutes les pi\u00e8ces sont fabriqu\u00e9es aux \u00c9tats-Unis.<\/strong><br \/>\n<strong>Tous les couteaux Microtech sont garantis \u00e0 vie (min. 80 000 cycles, ouverture et fermeture)<\/strong><\/p>\n<p><strong>Transports gratuits.<\/strong><\/p>\n","protected":false},"featured_media":321371,"comment_status":"open","ping_status":"closed","template":"","meta":[],"pwb-brand":[3751],"product_brand":[],"product_cat":[3699,3696],"product_tag":[3754],"class_list":{"0":"post-321364","1":"product","2":"type-product","3":"status-publish","4":"has-post-thumbnail","6":"pwb-brand-microtechnologie","7":"product_cat-couteaux-de-tir","8":"product_cat-des-couteaux","9":"product_tag-b2b-fr","11":"first","12":"instock","13":"taxable","14":"shipping-taxable","15":"purchasable","16":"product-type-simple"},"brands":[{"id":3751,"name":"Microtechnologie","slug":"microtechnologie"}],"_links":{"self":[{"href":"https:\/\/www.moskito.cz\/fr\/wp-json\/wp\/v2\/product\/321364","targetHints":{"allow":["GET"]}}],"collection":[{"href":"https:\/\/www.moskito.cz\/fr\/wp-json\/wp\/v2\/product"}],"about":[{"href":"https:\/\/www.moskito.cz\/fr\/wp-json\/wp\/v2\/types\/product"}],"replies":[{"embeddable":true,"href":"https:\/\/www.moskito.cz\/fr\/wp-json\/wp\/v2\/comments?post=321364"}],"wp:featuredmedia":[{"embeddable":true,"href":"https:\/\/www.moskito.cz\/fr\/wp-json\/wp\/v2\/media\/321371"}],"wp:attachment":[{"href":"https:\/\/www.moskito.cz\/fr\/wp-json\/wp\/v2\/media?parent=321364"}],"wp:term":[{"taxonomy":"pwb-brand","embeddable":true,"href":"https:\/\/www.moskito.cz\/fr\/wp-json\/wp\/v2\/pwb-brand?post=321364"},{"taxonomy":"product_brand","embeddable":true,"href":"https:\/\/www.moskito.cz\/fr\/wp-json\/wp\/v2\/product_brand?post=321364"},{"taxonomy":"product_cat","embeddable":true,"href":"https:\/\/www.moskito.cz\/fr\/wp-json\/wp\/v2\/product_cat?post=321364"},{"taxonomy":"product_tag","embeddable":true,"href":"https:\/\/www.moskito.cz\/fr\/wp-json\/wp\/v2\/product_tag?post=321364"}],"curies":[{"name":"wp","href":"https:\/\/api.w.org\/{rel}","templated":true}]}}