{"id":321569,"date":"2023-08-31T21:07:08","date_gmt":"2024-03-19T17:33:16","guid":{"rendered":"https:\/\/www.moskito.cz\/produkt\/couteau-fixe-microtech-bee-apocalyptic-218-10apgtbks\/"},"modified":"2025-05-07T11:06:28","modified_gmt":"2025-05-07T10:06:28","slug":"couteau-fixe-microtech-bee-apocalyptic-218-10apgtbks","status":"publish","type":"product","link":"https:\/\/www.moskito.cz\/fr\/produkt\/couteau-fixe-microtech-bee-apocalyptic-218-10apgtbks\/","title":{"rendered":"Couteau Fixe Microtech Bee Apocalyptic 218-10APGTBKS"},"content":{"rendered":"<p>Couteau Fixe <strong>Microtech<\/strong> Bee Apocalyptic 218-10APGTBKS<\/p>\n<p><strong>Le Microtech<\/strong> 218-10APGTBKS Bee est un poignard \u00e0 pousser collaboratif cr\u00e9\u00e9 en collaboration avec <strong>Bastinelli Knives<\/strong> . Con\u00e7u pour \u00eatre \u00e9l\u00e9gant et tr\u00e8s efficace, ce couteau excelle en combat rapproch\u00e9 (CQC). Ax\u00e9 sur les besoins sp\u00e9cifiques du CQC, le Bee offre un d\u00e9ploiement rapide et fiable, d&rsquo;excellentes capacit\u00e9s de coupe et de p\u00e9n\u00e9tration, un profil \u00e0 faible visibilit\u00e9, des options de transport modulaires et une construction robuste. Que ce soit \u00e0 des fins tactiques ou pour un usage quotidien, ce couteau s&rsquo;av\u00e8re \u00eatre une lame solide, polyvalente et fiable. Le poignard tactique BEE de Microtech offre beaucoup de puissance de coupe dans un petit emballage. Si vous souhaitez compl\u00e9ter votre kit tactique de mani\u00e8re significative, unique et pratique, la lame BEE est faite pour vous !<\/p>\n<p><strong>L&rsquo;abeille<\/strong> excelle dans les sc\u00e9narios tactiques qui permettent des frappes rapides et efficaces avec un minimum d&rsquo;entra\u00eenement ou d&rsquo;effort. Ses coups droits, ses coups et ses coups de marteau offrent un \u00e9norme potentiel de coupe. L&rsquo;\u00e9tui Kydex \u00e0 ajustement par friction inclus est dot\u00e9 d&rsquo;un clip de transport discret (IWB) qui garantit que le couteau est toujours \u00e0 port\u00e9e de main et pr\u00eat \u00e0 \u00eatre d\u00e9ploy\u00e9. S&rsquo;il brille vraiment dans les situations tactiques de derni\u00e8re minute, ce couteau convient tout aussi bien au transport quotidien.<\/p>\n<p>Longueur totale : 11,25 cm<br \/>\nLongueur de la lame : 6,25 cm<br \/>\nMat\u00e9riau de la lame : Bohler M390<br \/>\nStyle de lame&nbsp;: Hawkbill<br \/>\nFinition&nbsp;: projection de perles, lavage \u00e0 la pierre<br \/>\nType de bordure&nbsp;:&nbsp;Unie<br \/>\nLongueur du manche : 7,17 cm<br \/>\nMat\u00e9riau du manche : G-10<br \/>\nCouleur noire<br \/>\nPoids : 1,40 onces<br \/>\nUtilisateur&nbsp;:&nbsp;Main droite<br \/>\nFourreau : Kydex<br \/>\nType de couteau : Lame fixe<br \/>\nMarque : Microtech<br \/>\nNum\u00e9ro de mod\u00e8le&nbsp;: 218-10APGTBKS<br \/>\nPays d&rsquo;origine : \u00c9tats-Unis<br \/>\nMeilleure utilisation&nbsp;: Tactique<br \/>\nType de produit : Couteau<\/p>\n<p><iframe title=\"Microtech Combat Troodon Torture Test\" width=\"800\" height=\"450\" src=\"https:\/\/www.youtube.com\/embed\/xE9TeOFYEjg?feature=oembed\" frameborder=\"0\" allow=\"accelerometer; autoplay; clipboard-write; encrypted-media; gyroscope; picture-in-picture; web-share\" allowfullscreen><\/iframe><\/p>\n<p>&nbsp;<\/p>\n","protected":false},"excerpt":{"rendered":"<p><strong>Au fil des ann\u00e9es, Microtech\u00ae Knives a rempli les couteaux de passion et de savoir-faire pour cr\u00e9er presque des \u0153uvres d&rsquo;art qui sont le summum de la fonctionnalit\u00e9. Toutes les pi\u00e8ces sont fabriqu\u00e9es aux \u00c9tats-Unis.<\/strong><br \/>\n<strong>Tous les couteaux Microtech sont garantis \u00e0 vie.<\/strong><\/p>\n","protected":false},"featured_media":321574,"comment_status":"open","ping_status":"closed","template":"","meta":[],"pwb-brand":[3751],"product_brand":[],"product_cat":[3697,3696],"product_tag":[3754],"class_list":{"0":"post-321569","1":"product","2":"type-product","3":"status-publish","4":"has-post-thumbnail","6":"pwb-brand-microtechnologie","7":"product_cat-couteaux-solides","8":"product_cat-des-couteaux","9":"product_tag-b2b-fr","11":"first","12":"outofstock","13":"taxable","14":"shipping-taxable","15":"purchasable","16":"product-type-simple"},"brands":[{"id":3751,"name":"Microtechnologie","slug":"microtechnologie"}],"_links":{"self":[{"href":"https:\/\/www.moskito.cz\/fr\/wp-json\/wp\/v2\/product\/321569","targetHints":{"allow":["GET"]}}],"collection":[{"href":"https:\/\/www.moskito.cz\/fr\/wp-json\/wp\/v2\/product"}],"about":[{"href":"https:\/\/www.moskito.cz\/fr\/wp-json\/wp\/v2\/types\/product"}],"replies":[{"embeddable":true,"href":"https:\/\/www.moskito.cz\/fr\/wp-json\/wp\/v2\/comments?post=321569"}],"wp:featuredmedia":[{"embeddable":true,"href":"https:\/\/www.moskito.cz\/fr\/wp-json\/wp\/v2\/media\/321574"}],"wp:attachment":[{"href":"https:\/\/www.moskito.cz\/fr\/wp-json\/wp\/v2\/media?parent=321569"}],"wp:term":[{"taxonomy":"pwb-brand","embeddable":true,"href":"https:\/\/www.moskito.cz\/fr\/wp-json\/wp\/v2\/pwb-brand?post=321569"},{"taxonomy":"product_brand","embeddable":true,"href":"https:\/\/www.moskito.cz\/fr\/wp-json\/wp\/v2\/product_brand?post=321569"},{"taxonomy":"product_cat","embeddable":true,"href":"https:\/\/www.moskito.cz\/fr\/wp-json\/wp\/v2\/product_cat?post=321569"},{"taxonomy":"product_tag","embeddable":true,"href":"https:\/\/www.moskito.cz\/fr\/wp-json\/wp\/v2\/product_tag?post=321569"}],"curies":[{"name":"wp","href":"https:\/\/api.w.org\/{rel}","templated":true}]}}