{"id":321628,"date":"2024-03-19T19:28:30","date_gmt":"2024-03-19T18:32:14","guid":{"rendered":"https:\/\/www.moskito.cz\/produkt\/couteau-de-tir-pro-tech-custom-godson-2024-godson-custom-003\/"},"modified":"2025-05-07T11:06:29","modified_gmt":"2025-05-07T10:06:29","slug":"couteau-de-tir-pro-tech-custom-godson-2024-godson-custom-003","status":"publish","type":"product","link":"https:\/\/www.moskito.cz\/fr\/produkt\/couteau-de-tir-pro-tech-custom-godson-2024-godson-custom-003\/","title":{"rendered":"Couteau de tir Pro-Tech Custom Godson 2024.Godson.Custom.003"},"content":{"rendered":"<p>Couteau de tir <strong>Pro-Tech<\/strong> Custom Godson 2024.Godson.Custom.003<\/p>\n<p>Chaque couteau <strong>Pro-Tech<\/strong> est un m\u00e9lange des meilleurs mat\u00e9riaux disponibles et un engagement envers le savoir-faire. Les couteaux Pro-Tech sont fabriqu\u00e9s \u00e0 l&rsquo;aide de processus de fabrication de pointe qui incluent&nbsp;: Usinage CNC, \u00e9lectro\u00e9rosion \u00e0 fil, d\u00e9coupe laser, etc. Les composants de haute technologie sont assembl\u00e9s et assembl\u00e9s \u00e0 la main par des artisans d\u00e9vou\u00e9s et m\u00e9ticuleux dans leur usine d&rsquo;Artesia, en Californie. Ils fabriquent de petits lots de leurs couteaux afin de pouvoir prendre le temps d&rsquo;ajuster et de finir individuellement chaque couteau \u00e0 la main \u00e0 un niveau rarement vu dans les couteaux d&rsquo;usine. Leurs mod\u00e8les de couteaux de production offrent le meilleur design, la meilleure fonction et la meilleure valeur de tous les couteaux sur le march\u00e9 aujourd&rsquo;hui. Leurs couteaux automatiques personnalis\u00e9s sont des \u0153uvres d\u2019art uniques. Chacun des couteaux personnalis\u00e9s en \u00e9dition limit\u00e9e illustre un h\u00e9ritage de qualit\u00e9. Quel que soit le couteau que vous choisissez, nous sommes s\u00fbrs que vous serez tr\u00e8s satisfait de votre achat.<\/p>\n<p>Pro-Tech Knives est fier d&rsquo;\u00eatre le premier choix des professionnels des forces de l&rsquo;ordre et des militaires du monde entier. Les couteaux Pro-Tech sont con\u00e7us pour durer et durer. Il s&rsquo;agit de la version tr\u00e8s attendue du populaire couteau Godfather AUTO avec une lame de 3,15&Prime;. L&rsquo;inspiration italienne et l&rsquo;innovation am\u00e9ricaine ont cr\u00e9\u00e9 un autre couteau automatique \u00e0 ressort h\u00e9lico\u00efdal exceptionnel. Comme la lame originale de 4&Prime;, le Godson est disponible dans une grande vari\u00e9t\u00e9 de styles. et mat\u00e9riaux. Ce mod\u00e8le personnalis\u00e9 comprend une lame satin\u00e9e de 154 cm et des manches en titane peau d&rsquo;orange anodis\u00e9 bronze avec des centres bleus.<\/p>\n<p>Caract\u00e9ristiques<br \/>\nLongueur de la lame : 8 cm<br \/>\nLongueur ferm\u00e9 : 11 cm<br \/>\nLongueur totale : 19 cm<br \/>\nMat\u00e9riau de la lame : acier inoxydable 154 cm.<br \/>\n\u00c9paisseur de la lame : 0,110&Prime;<br \/>\nStyle de lame&nbsp;: pointe de lance<br \/>\nMeulage de la lame&nbsp;:&nbsp;Plat<br \/>\nTraitement de surface de la lame&nbsp;: gravure \u00e0 l&rsquo;acide<br \/>\nMat\u00e9riau de la poign\u00e9e&nbsp;: centres en titane bleu avec poteaux orange en bronze<br \/>\nM\u00e9canisme de verrouillage&nbsp;: bouton en nacre dor\u00e9e<br \/>\nClip de poche : Titane (pliable, usure droite)<br \/>\nPoids : 3,5 onces.<br \/>\nFabriqu\u00e9 aux \u00c9tats-Unis<\/p>\n","protected":false},"excerpt":{"rendered":"<p><strong>Nos mod\u00e8les de couteaux de production offrent le meilleur design, la meilleure fonction et la meilleure valeur de tous les couteaux sur le march\u00e9 aujourd&rsquo;hui. Nos couteaux d&rsquo;art personnalis\u00e9s sont des \u0153uvres d&rsquo;art uniques. Chacun de nos couteaux personnalis\u00e9s en \u00e9dition limit\u00e9e illustre un h\u00e9ritage de qualit\u00e9. Quel que soit le couteau que vous choisissez, nous sommes s\u00fbrs que vous serez tr\u00e8s satisfait de votre achat.<\/strong><\/p>\n<p><strong>Merci de votre int\u00e9r\u00eat pour nos couteaux de qualit\u00e9.<\/strong><\/p>\n<p>Transports gratuits.<\/p>\n","protected":false},"featured_media":321585,"comment_status":"open","ping_status":"closed","template":"","meta":[],"pwb-brand":[3817],"product_brand":[],"product_cat":[3699,3696],"product_tag":[3754],"class_list":{"0":"post-321628","1":"product","2":"type-product","3":"status-publish","4":"has-post-thumbnail","6":"pwb-brand-pour-la-technologie","7":"product_cat-couteaux-de-tir","8":"product_cat-des-couteaux","9":"product_tag-b2b-fr","11":"first","12":"instock","13":"taxable","14":"shipping-taxable","15":"purchasable","16":"product-type-simple"},"brands":[{"id":3817,"name":"Pour la technologie","slug":"pour-la-technologie"}],"_links":{"self":[{"href":"https:\/\/www.moskito.cz\/fr\/wp-json\/wp\/v2\/product\/321628","targetHints":{"allow":["GET"]}}],"collection":[{"href":"https:\/\/www.moskito.cz\/fr\/wp-json\/wp\/v2\/product"}],"about":[{"href":"https:\/\/www.moskito.cz\/fr\/wp-json\/wp\/v2\/types\/product"}],"replies":[{"embeddable":true,"href":"https:\/\/www.moskito.cz\/fr\/wp-json\/wp\/v2\/comments?post=321628"}],"wp:featuredmedia":[{"embeddable":true,"href":"https:\/\/www.moskito.cz\/fr\/wp-json\/wp\/v2\/media\/321585"}],"wp:attachment":[{"href":"https:\/\/www.moskito.cz\/fr\/wp-json\/wp\/v2\/media?parent=321628"}],"wp:term":[{"taxonomy":"pwb-brand","embeddable":true,"href":"https:\/\/www.moskito.cz\/fr\/wp-json\/wp\/v2\/pwb-brand?post=321628"},{"taxonomy":"product_brand","embeddable":true,"href":"https:\/\/www.moskito.cz\/fr\/wp-json\/wp\/v2\/product_brand?post=321628"},{"taxonomy":"product_cat","embeddable":true,"href":"https:\/\/www.moskito.cz\/fr\/wp-json\/wp\/v2\/product_cat?post=321628"},{"taxonomy":"product_tag","embeddable":true,"href":"https:\/\/www.moskito.cz\/fr\/wp-json\/wp\/v2\/product_tag?post=321628"}],"curies":[{"name":"wp","href":"https:\/\/api.w.org\/{rel}","templated":true}]}}