{"id":321696,"date":"2024-03-19T20:21:31","date_gmt":"2024-03-19T19:27:43","guid":{"rendered":"https:\/\/www.moskito.cz\/produkt\/couteau-pliant-pro-tech-mordax-blade-show-texas-31-sur-100\/"},"modified":"2025-05-07T11:06:31","modified_gmt":"2025-05-07T10:06:31","slug":"couteau-pliant-pro-tech-mordax-blade-show-texas-31-sur-100","status":"publish","type":"product","link":"https:\/\/www.moskito.cz\/fr\/produkt\/couteau-pliant-pro-tech-mordax-blade-show-texas-31-sur-100\/","title":{"rendered":"Couteau pliant Pro-Tech Mordax-Blade Show Texas #31 sur 100"},"content":{"rendered":"<p>Couteau pliant <strong>Pro-Tech Mordax<\/strong> -Blade Show Texas #31 sur 100<\/p>\n<p><strong>Ce couteau a \u00e9t\u00e9 fabriqu\u00e9 uniquement pour le salon du Texas avec le num\u00e9ro de s\u00e9rie 31 sur 100.<\/strong><\/p>\n<p>Ce Mordax de Pro-Tech pr\u00e9sente un design Ferrum Forge et comporte une lame noire \u00e0 pointe de chute. La poign\u00e9e a un cadre en aluminium noir frais\u00e9 avec une pointe en acier inoxydable noir. Bouton mosa\u00efque.<\/p>\n<p>Couteaux Pro-Tech<br \/>\nL\u2019art de l\u2019excellence manufacturi\u00e8re moderne rencontre l\u2019artisanat d\u2019antan. Pro-Tech Knives, LLC est une entreprise familiale de couteaux qui produit des couteaux de haute qualit\u00e9 fabriqu\u00e9s aux \u00c9tats-Unis depuis 1998. Chaque couteau Pro-Tech est un m\u00e9lange des meilleurs mat\u00e9riaux disponibles et un engagement envers le savoir-faire. Nos couteaux sont fabriqu\u00e9s \u00e0 l&rsquo;aide de proc\u00e9d\u00e9s de fabrication de pointe, notamment&nbsp;: Usinage CNC, \u00e9lectro\u00e9rosion \u00e0 fil, d\u00e9coupe laser, etc. Les composants de haute technologie sont assembl\u00e9s et assembl\u00e9s \u00e0 la main par des artisans d\u00e9vou\u00e9s et attentionn\u00e9s ici dans notre usine. Fabriqu\u00e9 en Am\u00e9rique! Pro-Tech fabrique certains des meilleurs couteaux au monde ici m\u00eame, dans les bons vieux \u00c9tats-Unis. La plupart des composants de chaque couteau sont fabriqu\u00e9s en interne chez Pro-Tech. Nous commen\u00e7ons par des tiges d&rsquo;aluminium, des billettes de Damas forg\u00e9es \u00e0 la main, des t\u00f4les d&rsquo;acier et de titane. Ces mati\u00e8res premi\u00e8res de qualit\u00e9 sup\u00e9rieure sont soigneusement usin\u00e9es, meul\u00e9es, \u00e9bavur\u00e9es, finies, assembl\u00e9es, ponc\u00e9es, inspect\u00e9es et emball\u00e9es ici sous un m\u00eame toit. Nous fabriquons de petits lots de nos couteaux afin que nous puissions prendre le temps d&rsquo;ajuster individuellement \u00e0 la main et de finir chaque couteau \u00e0 un niveau rarement vu dans les couteaux d&rsquo;usine. Nos mod\u00e8les de couteaux de production offrent le meilleur design, la meilleure fonction et la meilleure valeur de tous les couteaux sur le march\u00e9 aujourd&rsquo;hui. Nos couteaux d&rsquo;art personnalis\u00e9s sont des \u0153uvres d&rsquo;art uniques. Chacun de nos couteaux personnalis\u00e9s en \u00e9dition limit\u00e9e illustre un h\u00e9ritage de qualit\u00e9. Quel que soit le couteau que vous choisissez, nous sommes s\u00fbrs que vous serez tr\u00e8s satisfait de votre achat.<\/p>\n<p>Poids 3,60 onces<br \/>\nLongueur totale : 21 cm<\/p>\n<p>Longueur de la lame : 8,75 cm<\/p>\n<p>Traitement de surface de la lame&nbsp;: rev\u00eatement DLC<\/p>\n<p>Mat\u00e9riau de la lame : Magnacut<\/p>\n<p>Mat\u00e9riau du manche : aluminium 6061-T6<\/p>\n<p>Couleur de la poign\u00e9e: noir<\/p>\n<p>Utilisateur&nbsp;:&nbsp;Main droite<\/p>\n<p>Clip de poche&nbsp;: rabattable<\/p>\n<p>Type de couteau : Manuel<\/p>\n<p><iframe title=\"Meet Pro-Tech Knives\" width=\"800\" height=\"450\" src=\"https:\/\/www.youtube.com\/embed\/0TueVbHVDY4?feature=oembed\" frameborder=\"0\" allow=\"accelerometer; autoplay; clipboard-write; encrypted-media; gyroscope; picture-in-picture; web-share\" allowfullscreen><\/iframe><\/p>\n<p>&nbsp;<\/p>\n","protected":false},"excerpt":{"rendered":"<p><strong>Nos mod\u00e8les de couteaux de production offrent le meilleur design, la meilleure fonction et la meilleure valeur de tous les couteaux sur le march\u00e9 aujourd&rsquo;hui. Nos couteaux d&rsquo;art personnalis\u00e9s sont des \u0153uvres d&rsquo;art uniques. Chacun de nos couteaux personnalis\u00e9s en \u00e9dition limit\u00e9e illustre un h\u00e9ritage de qualit\u00e9. Quel que soit le couteau que vous choisissez, nous sommes s\u00fbrs que vous serez tr\u00e8s satisfait de votre achat.<\/strong><\/p>\n<p><strong>Merci de votre int\u00e9r\u00eat pour nos couteaux de qualit\u00e9.<\/strong><\/p>\n<p>Transports gratuits.<\/p>\n","protected":false},"featured_media":321651,"comment_status":"open","ping_status":"closed","template":"","meta":[],"pwb-brand":[3817],"product_brand":[],"product_cat":[3700,3696],"product_tag":[3754],"class_list":{"0":"post-321696","1":"product","2":"type-product","3":"status-publish","4":"has-post-thumbnail","6":"pwb-brand-pour-la-technologie","7":"product_cat-couteaux-de-fermeture","8":"product_cat-des-couteaux","9":"product_tag-b2b-fr","11":"first","12":"outofstock","13":"taxable","14":"shipping-taxable","15":"purchasable","16":"product-type-simple"},"brands":[{"id":3817,"name":"Pour la technologie","slug":"pour-la-technologie"}],"_links":{"self":[{"href":"https:\/\/www.moskito.cz\/fr\/wp-json\/wp\/v2\/product\/321696","targetHints":{"allow":["GET"]}}],"collection":[{"href":"https:\/\/www.moskito.cz\/fr\/wp-json\/wp\/v2\/product"}],"about":[{"href":"https:\/\/www.moskito.cz\/fr\/wp-json\/wp\/v2\/types\/product"}],"replies":[{"embeddable":true,"href":"https:\/\/www.moskito.cz\/fr\/wp-json\/wp\/v2\/comments?post=321696"}],"wp:featuredmedia":[{"embeddable":true,"href":"https:\/\/www.moskito.cz\/fr\/wp-json\/wp\/v2\/media\/321651"}],"wp:attachment":[{"href":"https:\/\/www.moskito.cz\/fr\/wp-json\/wp\/v2\/media?parent=321696"}],"wp:term":[{"taxonomy":"pwb-brand","embeddable":true,"href":"https:\/\/www.moskito.cz\/fr\/wp-json\/wp\/v2\/pwb-brand?post=321696"},{"taxonomy":"product_brand","embeddable":true,"href":"https:\/\/www.moskito.cz\/fr\/wp-json\/wp\/v2\/product_brand?post=321696"},{"taxonomy":"product_cat","embeddable":true,"href":"https:\/\/www.moskito.cz\/fr\/wp-json\/wp\/v2\/product_cat?post=321696"},{"taxonomy":"product_tag","embeddable":true,"href":"https:\/\/www.moskito.cz\/fr\/wp-json\/wp\/v2\/product_tag?post=321696"}],"curies":[{"name":"wp","href":"https:\/\/api.w.org\/{rel}","templated":true}]}}