{"id":321751,"date":"2024-03-19T21:02:39","date_gmt":"2024-03-19T20:05:25","guid":{"rendered":"https:\/\/www.moskito.cz\/produkt\/couteau-de-tir-pro-tech-920-godfather\/"},"modified":"2025-05-07T11:06:32","modified_gmt":"2025-05-07T10:06:32","slug":"couteau-de-tir-pro-tech-920-godfather","status":"publish","type":"product","link":"https:\/\/www.moskito.cz\/fr\/produkt\/couteau-de-tir-pro-tech-920-godfather\/","title":{"rendered":"Couteau de tir Pro-Tech 920 Godfather"},"content":{"rendered":"<p>Couteau de tir <strong>Pro-Tech<\/strong> 920 Godfather.<\/p>\n<p>Chaque couteau <strong>Pro-Tech<\/strong> est un m\u00e9lange des meilleurs mat\u00e9riaux disponibles et un engagement envers le savoir-faire. Les couteaux Pro-Tech sont fabriqu\u00e9s \u00e0 l&rsquo;aide de processus de fabrication de pointe qui incluent&nbsp;: Usinage CNC, \u00e9lectro\u00e9rosion \u00e0 fil, d\u00e9coupe laser, etc. Les composants de haute technologie sont assembl\u00e9s et assembl\u00e9s \u00e0 la main par des artisans d\u00e9vou\u00e9s et m\u00e9ticuleux dans leur usine d&rsquo;Artesia, en Californie. Ils fabriquent de petits lots de leurs couteaux afin de pouvoir prendre le temps d&rsquo;ajuster et de finir individuellement chaque couteau \u00e0 la main \u00e0 un niveau rarement vu dans les couteaux d&rsquo;usine. Leurs mod\u00e8les de couteaux de production offrent le meilleur design, la meilleure fonction et la meilleure valeur de tous les couteaux sur le march\u00e9 aujourd&rsquo;hui. Leurs couteaux automatiques personnalis\u00e9s sont des \u0153uvres d\u2019art uniques. Chacun des couteaux personnalis\u00e9s en \u00e9dition limit\u00e9e illustre un h\u00e9ritage de qualit\u00e9. Quel que soit le couteau que vous choisissez, nous sommes s\u00fbrs que vous serez tr\u00e8s satisfait de votre achat.<\/p>\n<p>Pro-Tech Knives est fier d&rsquo;\u00eatre le premier choix des professionnels des forces de l&rsquo;ordre et des militaires du monde entier. Les couteaux Pro-Tech sont con\u00e7us pour durer et durer. Ce superbe couteau AUTO de 4&Prime; avec lame pr\u00e9sente l&rsquo;influence du couteau italien original de style AUTO \u00ab\u00a0Stiletto\u00a0\u00bb et la pr\u00e9cision moderne du ressort h\u00e9lico\u00efdal Pro-Tech. Les couteaux Godfather sont \u00e9quip\u00e9s d&rsquo;un manche en aluminium T6-6061, fabriqu\u00e9 dans un mat\u00e9riau solide. Construction La lame du Parrain mesure quatre pouces de long et est fabriqu\u00e9e en acier inoxydable de 154 cm trait\u00e9 thermiquement \u00e0 59HRC. De nombreuses couleurs de manche, finitions de lame et mat\u00e9riaux d&rsquo;insert diff\u00e9rents sont disponibles. Ce mod\u00e8le est dot\u00e9 d&rsquo;un manche en aluminium anodis\u00e9 noir et d&rsquo;une lame microbill\u00e9e. Quelle que soit la variante Godfather que vous choisissez, vous appr\u00e9cierez sa combinaison de style et de qualit\u00e9 in\u00e9gal\u00e9s.<\/p>\n<p>Caract\u00e9ristiques:<br \/>\nLongueur de la lame : 10 cm<br \/>\nLongueur ferm\u00e9 : 14 cm<br \/>\nLongueur totale : 24 cm<br \/>\nMat\u00e9riau de la lame : acier inoxydable 154 cm.<br \/>\nDuret\u00e9 de la lame : 59HRC<br \/>\nStyle de lame&nbsp;: pointe de lance<br \/>\nMeulage de la lame&nbsp;:&nbsp;Plat<br \/>\nFinition de la lame&nbsp;: Bead Blast<br \/>\nMat\u00e9riau du manche : aluminium T6-6061, noir<br \/>\nM\u00e9canisme de verrouillage : Bouton<br \/>\nClip de poche : Acier inoxydable noir (pliable, usure droite)<br \/>\nPoids : 4,0 onces.<br \/>\nFabriqu\u00e9 aux \u00c9tats-Unis<\/p>\n<p><iframe title=\"Meet Pro-Tech Knives\" width=\"800\" height=\"450\" src=\"https:\/\/www.youtube.com\/embed\/0TueVbHVDY4?feature=oembed\" frameborder=\"0\" allow=\"accelerometer; autoplay; clipboard-write; encrypted-media; gyroscope; picture-in-picture; web-share\" allowfullscreen><\/iframe><\/p>\n<p>&nbsp;<\/p>\n","protected":false},"excerpt":{"rendered":"<p><strong>Nos mod\u00e8les de couteaux de production offrent le meilleur design, la meilleure fonction et la meilleure valeur de tous les couteaux sur le march\u00e9 aujourd&rsquo;hui. Nos couteaux d&rsquo;art personnalis\u00e9s sont des \u0153uvres d&rsquo;art uniques. Chacun de nos couteaux personnalis\u00e9s en \u00e9dition limit\u00e9e illustre un h\u00e9ritage de qualit\u00e9. Quel que soit le couteau que vous choisissez, nous sommes s\u00fbrs que vous serez tr\u00e8s satisfait de votre achat.<\/strong><\/p>\n<p><strong>Merci de votre int\u00e9r\u00eat pour nos couteaux de qualit\u00e9.<\/strong><\/p>\n<p>Transports gratuits.<\/p>\n","protected":false},"featured_media":321701,"comment_status":"open","ping_status":"closed","template":"","meta":[],"pwb-brand":[3817],"product_brand":[],"product_cat":[3699,3696],"product_tag":[3754],"class_list":{"0":"post-321751","1":"product","2":"type-product","3":"status-publish","4":"has-post-thumbnail","6":"pwb-brand-pour-la-technologie","7":"product_cat-couteaux-de-tir","8":"product_cat-des-couteaux","9":"product_tag-b2b-fr","11":"first","12":"instock","13":"taxable","14":"shipping-taxable","15":"purchasable","16":"product-type-simple"},"brands":[{"id":3817,"name":"Pour la technologie","slug":"pour-la-technologie"}],"_links":{"self":[{"href":"https:\/\/www.moskito.cz\/fr\/wp-json\/wp\/v2\/product\/321751","targetHints":{"allow":["GET"]}}],"collection":[{"href":"https:\/\/www.moskito.cz\/fr\/wp-json\/wp\/v2\/product"}],"about":[{"href":"https:\/\/www.moskito.cz\/fr\/wp-json\/wp\/v2\/types\/product"}],"replies":[{"embeddable":true,"href":"https:\/\/www.moskito.cz\/fr\/wp-json\/wp\/v2\/comments?post=321751"}],"wp:featuredmedia":[{"embeddable":true,"href":"https:\/\/www.moskito.cz\/fr\/wp-json\/wp\/v2\/media\/321701"}],"wp:attachment":[{"href":"https:\/\/www.moskito.cz\/fr\/wp-json\/wp\/v2\/media?parent=321751"}],"wp:term":[{"taxonomy":"pwb-brand","embeddable":true,"href":"https:\/\/www.moskito.cz\/fr\/wp-json\/wp\/v2\/pwb-brand?post=321751"},{"taxonomy":"product_brand","embeddable":true,"href":"https:\/\/www.moskito.cz\/fr\/wp-json\/wp\/v2\/product_brand?post=321751"},{"taxonomy":"product_cat","embeddable":true,"href":"https:\/\/www.moskito.cz\/fr\/wp-json\/wp\/v2\/product_cat?post=321751"},{"taxonomy":"product_tag","embeddable":true,"href":"https:\/\/www.moskito.cz\/fr\/wp-json\/wp\/v2\/product_tag?post=321751"}],"curies":[{"name":"wp","href":"https:\/\/api.w.org\/{rel}","templated":true}]}}