{"id":321868,"date":"2024-03-19T22:06:29","date_gmt":"2024-03-19T21:08:29","guid":{"rendered":"https:\/\/www.moskito.cz\/produkt\/couteau-de-tir-pro-tech-les-george-rockeye-lg303-d2\/"},"modified":"2025-05-07T11:06:36","modified_gmt":"2025-05-07T10:06:36","slug":"couteau-de-tir-pro-tech-les-george-rockeye-lg303-d2","status":"publish","type":"product","link":"https:\/\/www.moskito.cz\/fr\/produkt\/couteau-de-tir-pro-tech-les-george-rockeye-lg303-d2\/","title":{"rendered":"Couteau de tir Pro-Tech Les George Rockeye LG303-D2"},"content":{"rendered":"<p>Couteau de tir <strong>Pro-Tech<\/strong> Les George Rockeye LG303-D2.<\/p>\n<p>Chaque couteau <strong>Pro-Tech<\/strong> est un m\u00e9lange des meilleurs mat\u00e9riaux disponibles et un engagement envers le savoir-faire. Les couteaux <strong>Pro-Tech<\/strong> sont fabriqu\u00e9s \u00e0 l&rsquo;aide de processus de fabrication de pointe qui incluent&nbsp;: Usinage CNC, \u00e9lectro\u00e9rosion \u00e0 fil, d\u00e9coupe laser, etc. Les composants de haute technologie sont assembl\u00e9s et assembl\u00e9s \u00e0 la main par des artisans d\u00e9vou\u00e9s et m\u00e9ticuleux dans leur usine d&rsquo;Artesia, en Californie. Ils fabriquent de petits lots de leurs couteaux afin de pouvoir prendre le temps d&rsquo;ajuster et de finir individuellement chaque couteau \u00e0 la main \u00e0 un niveau rarement vu dans les couteaux d&rsquo;usine. Leurs mod\u00e8les de couteaux de production offrent le meilleur design, la meilleure fonction et la meilleure valeur de tous les couteaux sur le march\u00e9 aujourd&rsquo;hui. Leurs couteaux automatiques personnalis\u00e9s sont des \u0153uvres d\u2019art uniques. Chacun des couteaux personnalis\u00e9s en \u00e9dition limit\u00e9e illustre un h\u00e9ritage de qualit\u00e9. Quel que soit le couteau que vous choisissez, nous sommes s\u00fbrs que vous serez tr\u00e8s satisfait de votre achat.<\/p>\n<p>Pro-Tech Knives est fier d&rsquo;\u00eatre le premier choix des professionnels des forces de l&rsquo;ordre et des militaires du monde entier. Les couteaux Pro-Tech sont con\u00e7us pour durer et durer. Le Rockeye AUTO est le r\u00e9sultat d&rsquo;une collaboration entre Les George et Pro-Tech et comme tous leurs couteaux, il poss\u00e8de un ressort h\u00e9lico\u00efdal dur. Le LG303-D2 est dot\u00e9 d&rsquo;une lame en acier \u00e0 outils CPM-D2 avec un faux coin sup\u00e9rieur, un biseau pour le pouce et une pointe renforc\u00e9e pour une efficacit\u00e9 de p\u00e9n\u00e9tration maximale sans compromettre l&rsquo;int\u00e9grit\u00e9. La finition DLC noire sur la lame et le manche est extr\u00eamement durable, ce qui en fait un composant id\u00e9al pour les op\u00e9rations tactiques. La poign\u00e9e est usin\u00e9e \u00e0 partir d&rsquo;aluminium a\u00e9ronautique frais\u00e9 pour plus de r\u00e9sistance et de l\u00e9g\u00e8ret\u00e9. C&rsquo;est une lame ergonomique, rapide comme l&rsquo;\u00e9clair et tout simplement une incroyable lame polyvalente.<\/p>\n<p>Caract\u00e9ristiques<br \/>\nLongueur de la lame : 8,42 cm<br \/>\nLongueur ferm\u00e9 : 12,5 cm<br \/>\nLongueur totale : 21 cm<br \/>\nMat\u00e9riau de la lame : acier \u00e0 outils CPM-D2<br \/>\nStyle de lame&nbsp;:&nbsp;pointe de chute<br \/>\nMeulage de la lame&nbsp;:&nbsp;Plat<br \/>\nFinition de la lame&nbsp;: DLC noir<br \/>\nMat\u00e9riau du manche : aluminium T6-6061, noir<br \/>\nM\u00e9canisme de verrouillage : Bouton<br \/>\nClip de poche : Acier inoxydable noir (pliable, usure droite)<br \/>\nPoids : 4,5 onces.<br \/>\nCr\u00e9ateur : Les Georges<br \/>\nFabriqu\u00e9 aux \u00c9tats-Unis<\/p>\n<p><iframe title=\"Meet Pro-Tech Knives\" width=\"800\" height=\"450\" src=\"https:\/\/www.youtube.com\/embed\/0TueVbHVDY4?feature=oembed\" frameborder=\"0\" allow=\"accelerometer; autoplay; clipboard-write; encrypted-media; gyroscope; picture-in-picture; web-share\" allowfullscreen><\/iframe><\/p>\n<p>&nbsp;<\/p>\n","protected":false},"excerpt":{"rendered":"<p><strong>Nos mod\u00e8les de couteaux de production offrent le meilleur design, la meilleure fonction et la meilleure valeur de tous les couteaux sur le march\u00e9 aujourd&rsquo;hui. Nos couteaux d&rsquo;art personnalis\u00e9s sont des \u0153uvres d&rsquo;art uniques. Chacun de nos couteaux personnalis\u00e9s en \u00e9dition limit\u00e9e illustre un h\u00e9ritage de qualit\u00e9. Quel que soit le couteau que vous choisissez, nous sommes s\u00fbrs que vous serez tr\u00e8s satisfait de votre achat.<\/strong><\/p>\n<p><strong>Merci de votre int\u00e9r\u00eat pour nos couteaux de qualit\u00e9.<\/strong><\/p>\n<p>Transports gratuits.<\/p>\n","protected":false},"featured_media":321816,"comment_status":"open","ping_status":"closed","template":"","meta":[],"pwb-brand":[3817],"product_brand":[],"product_cat":[3699,3696],"product_tag":[3754],"class_list":{"0":"post-321868","1":"product","2":"type-product","3":"status-publish","4":"has-post-thumbnail","6":"pwb-brand-pour-la-technologie","7":"product_cat-couteaux-de-tir","8":"product_cat-des-couteaux","9":"product_tag-b2b-fr","11":"first","12":"instock","13":"taxable","14":"shipping-taxable","15":"purchasable","16":"product-type-simple"},"brands":[{"id":3817,"name":"Pour la technologie","slug":"pour-la-technologie"}],"_links":{"self":[{"href":"https:\/\/www.moskito.cz\/fr\/wp-json\/wp\/v2\/product\/321868","targetHints":{"allow":["GET"]}}],"collection":[{"href":"https:\/\/www.moskito.cz\/fr\/wp-json\/wp\/v2\/product"}],"about":[{"href":"https:\/\/www.moskito.cz\/fr\/wp-json\/wp\/v2\/types\/product"}],"replies":[{"embeddable":true,"href":"https:\/\/www.moskito.cz\/fr\/wp-json\/wp\/v2\/comments?post=321868"}],"wp:featuredmedia":[{"embeddable":true,"href":"https:\/\/www.moskito.cz\/fr\/wp-json\/wp\/v2\/media\/321816"}],"wp:attachment":[{"href":"https:\/\/www.moskito.cz\/fr\/wp-json\/wp\/v2\/media?parent=321868"}],"wp:term":[{"taxonomy":"pwb-brand","embeddable":true,"href":"https:\/\/www.moskito.cz\/fr\/wp-json\/wp\/v2\/pwb-brand?post=321868"},{"taxonomy":"product_brand","embeddable":true,"href":"https:\/\/www.moskito.cz\/fr\/wp-json\/wp\/v2\/product_brand?post=321868"},{"taxonomy":"product_cat","embeddable":true,"href":"https:\/\/www.moskito.cz\/fr\/wp-json\/wp\/v2\/product_cat?post=321868"},{"taxonomy":"product_tag","embeddable":true,"href":"https:\/\/www.moskito.cz\/fr\/wp-json\/wp\/v2\/product_tag?post=321868"}],"curies":[{"name":"wp","href":"https:\/\/api.w.org\/{rel}","templated":true}]}}