{"id":322063,"date":"2022-04-26T14:54:00","date_gmt":"2024-03-20T10:20:32","guid":{"rendered":"https:\/\/www.moskito.cz\/produkt\/couteau-de-tir-beltrame-imit-corne-de-buffle-baionnette\/"},"modified":"2025-05-07T11:06:44","modified_gmt":"2025-05-07T10:06:44","slug":"couteau-de-tir-beltrame-imit-corne-de-buffle-baionnette","status":"publish","type":"product","link":"https:\/\/www.moskito.cz\/fr\/produkt\/couteau-de-tir-beltrame-imit-corne-de-buffle-baionnette\/","title":{"rendered":"Couteau De Tir Beltrame Imit Corne De Buffle Ba\u00efonnette"},"content":{"rendered":"<p>Couteau de tir <strong>Beltrame<\/strong> Imit Ba\u00efonnette en Corne de Buffle.<\/p>\n<p>Stiletto italien classique Imit. Ba\u00efonnette 28 cm, couteau \u00e0 ressort traditionnel italien. Les couteaux Frank Beltrame Stiletto fabriqu\u00e9s \u00e0 la main selon les principes de l&rsquo;artisanat italien sont devenus c\u00e9l\u00e8bres dans le monde entier pour leur extr\u00eame l\u00e9g\u00e8ret\u00e9 et leur durabilit\u00e9. De par ses caract\u00e9ristiques, le poignard italien peut \u00eatre utilis\u00e9 dans n&rsquo;importe quel environnement, de la chasse au camping. Construction solide et durable, ressort d&rsquo;ouverture de lame solide est la marque des ceintures \u00e0 ressorts italiennes classiques Frank Beltrame.<\/p>\n<p>Le manche &#8211; recouvert d&rsquo;une doublure imitant la corne de buffle (imitation corne) donne un look exclusif. Avec une finition en nickel poli, il offre une prise en main confortable et s\u00e9curis\u00e9e. La s\u00e9curit\u00e9 d&rsquo;utilisation est renforc\u00e9e par la forme ergonomique de la poign\u00e9e, qui emp\u00eache la main de glisser pendant le travail. Rivets en laiton.<\/p>\n<p>Lame &#8211; extr\u00eamement tranchante avec un profil Spear Point, de 3,5 mm d&rsquo;\u00e9paisseur avec une fausse lame courte pour augmenter les propri\u00e9t\u00e9s p\u00e9n\u00e9trantes. Fabriqu\u00e9 en acier inoxydable AISI 420 MA5M facilement rectifiable, caract\u00e9ris\u00e9 par une haute r\u00e9sistance \u00e0 la corrosion. Acier tremp\u00e9 56 HRC. Un type de lame courant d\u00e9riv\u00e9 du meulage plat offre de bonnes propri\u00e9t\u00e9s de coupe et de p\u00e9n\u00e9tration. La protection en acier prot\u00e8ge la main contre tout glissement ind\u00e9sirable et permet de plier la lame lorsqu&rsquo;elle est press\u00e9e.<\/p>\n<p>Verrouillage &#8211; emp\u00eache le pliage ou l&rsquo;ouverture accidentelle de la lame. Le couteau automatique s&rsquo;ouvre \u00e0 l&rsquo;aide d&rsquo;un bouton fixe situ\u00e9 sur le manche.<\/p>\n<p>Ressort &#8211; une attention particuli\u00e8re est port\u00e9e \u00e0 la conception du ressort (acier inoxydable) : la lame doit s&rsquo;ouvrir en quelques centi\u00e8mes de seconde (caract\u00e9ristique des couteaux Stiletto). Le composant Beltrame \u00e9met un son caract\u00e9ristique (clic) lors de l&rsquo;ouverture de la lame, ce qui le distingue des autres couteaux \u00e0 ressort.<\/p>\n<p>Caract\u00e9ristiques:<br \/>\nNum\u00e9ro de produit : FB 28 \/ 81B<br \/>\nNom : poignard \u00e0 aiguille italien classique, imitation corne de buffle, ba\u00efonnette 28.<br \/>\nType d&rsquo;acier : AISI 420 MA5M<br \/>\nDuret\u00e9 de la lame Rockwell&nbsp;: 56 HRC<br \/>\nLongueur de la lame : 12 cm \/ 4,72&Prime;<br \/>\n\u00c9paisseur de la lame : 0,35 cm \/ 1,13&Prime;<br \/>\nLongueur totale : 28 cm \/ 11,02&Prime;<br \/>\nPoids&nbsp;: 134 g \/ 4,73 oz<br \/>\nLame&nbsp;:&nbsp;Lisse<br \/>\nType de lame : pointe de lance<br \/>\nVerrouillage des couteaux&nbsp;: Oui<br \/>\nType de poign\u00e9e : imitation corne de taureau.<br \/>\nFabricant : F.LLI Beltrame, Italie<\/p>\n<p>Les couteaux Beltrame sont fabriqu\u00e9s en Italie depuis 1953. L&rsquo;entreprise a \u00e9t\u00e9 fond\u00e9e par Frank Beltram. Le secret de fabrication de ces couteaux Stiletto fait partie de l&rsquo;histoire de Maniago, transmise de p\u00e8re en fils. Lorsqu&rsquo;il \u00e9tait petit gar\u00e7on, Frank travaillait dans l&rsquo;usine de son p\u00e8re, o\u00f9 il commen\u00e7a plus tard \u00e0 travailler comme apprenti de son p\u00e8re. En outre, il a fr\u00e9quent\u00e9 une \u00e9cole de coutellerie traditionnelle, o\u00f9 il a tout appris sur les diff\u00e9rents mat\u00e9riaux, les derni\u00e8res technologies de transformation et les diff\u00e9rents styles de design. En 1958, Frank et sa famille se lancent dans la fabrication de couteaux automatiques. Un an apr\u00e8s la mort du p\u00e8re de Frank d&rsquo;une crise cardiaque alors qu&rsquo;il travaillait \u00e0 l&rsquo;usine, Frank a fond\u00e9 la soci\u00e9t\u00e9 Beltrame. Au cours des ann\u00e9es suivantes, il continue d&rsquo;\u00e9tudier et de rechercher des couteaux, des mat\u00e9riaux et un design adapt\u00e9s. Peu de temps apr\u00e8s, des imitations bon march\u00e9 de Taiwan sont apparues sur le march\u00e9, des couteaux Stiletto italiens traditionnels. Frank a donc d\u00fb faire face \u00e0 un nouveau probl\u00e8me. Heureusement, la qualit\u00e9 de ces couteaux bon march\u00e9 parle d&rsquo;elle-m\u00eame, tout collectionneur sait qu&rsquo;il n&rsquo;y a aucun moyen de les comparer \u00e0 un v\u00e9ritable poignard Beltrame. Les couteaux Beltrame ont gagn\u00e9 la reconnaissance des clients les plus exigeants au monde gr\u00e2ce \u00e0 la passion de Frank pour ces couteaux. Dans la fabrication de couteaux, il met \u00e0 profit ses nombreuses ann\u00e9es d&rsquo;exp\u00e9rience acquises d\u00e8s son plus jeune \u00e2ge. En 2005, les couteaux Beltrame ont re\u00e7u le certificat de qualit\u00e9 Maniago, avec lequel ils d\u00e9passent les normes de qualit\u00e9 europ\u00e9ennes. Cela signifie que ces couteaux sont test\u00e9s chaque ann\u00e9e sur la qualit\u00e9 des mat\u00e9riaux.<\/p>\n","protected":false},"excerpt":{"rendered":"<p>Les couteaux Beltrame sont fabriqu\u00e9s en Italie depuis 1953. L&rsquo;entreprise a \u00e9t\u00e9 fond\u00e9e par Frank Beltram. Le secret de fabrication de ces couteaux Stiletto fait partie de l&rsquo;histoire de Maniago, transmise de p\u00e8re en fils.<br \/>\n<strong>Fabriqu\u00e9 en Italie.<\/strong><\/p>\n","protected":false},"featured_media":322064,"comment_status":"open","ping_status":"closed","template":"","meta":[],"pwb-brand":[3779],"product_brand":[],"product_cat":[3699,3696],"product_tag":[3754],"class_list":{"0":"post-322063","1":"product","2":"type-product","3":"status-publish","4":"has-post-thumbnail","6":"pwb-brand-ceinture","7":"product_cat-couteaux-de-tir","8":"product_cat-des-couteaux","9":"product_tag-b2b-fr","11":"first","12":"outofstock","13":"taxable","14":"shipping-taxable","15":"purchasable","16":"product-type-simple"},"brands":[{"id":3779,"name":"Ceinture","slug":"ceinture"}],"_links":{"self":[{"href":"https:\/\/www.moskito.cz\/fr\/wp-json\/wp\/v2\/product\/322063","targetHints":{"allow":["GET"]}}],"collection":[{"href":"https:\/\/www.moskito.cz\/fr\/wp-json\/wp\/v2\/product"}],"about":[{"href":"https:\/\/www.moskito.cz\/fr\/wp-json\/wp\/v2\/types\/product"}],"replies":[{"embeddable":true,"href":"https:\/\/www.moskito.cz\/fr\/wp-json\/wp\/v2\/comments?post=322063"}],"wp:featuredmedia":[{"embeddable":true,"href":"https:\/\/www.moskito.cz\/fr\/wp-json\/wp\/v2\/media\/322064"}],"wp:attachment":[{"href":"https:\/\/www.moskito.cz\/fr\/wp-json\/wp\/v2\/media?parent=322063"}],"wp:term":[{"taxonomy":"pwb-brand","embeddable":true,"href":"https:\/\/www.moskito.cz\/fr\/wp-json\/wp\/v2\/pwb-brand?post=322063"},{"taxonomy":"product_brand","embeddable":true,"href":"https:\/\/www.moskito.cz\/fr\/wp-json\/wp\/v2\/product_brand?post=322063"},{"taxonomy":"product_cat","embeddable":true,"href":"https:\/\/www.moskito.cz\/fr\/wp-json\/wp\/v2\/product_cat?post=322063"},{"taxonomy":"product_tag","embeddable":true,"href":"https:\/\/www.moskito.cz\/fr\/wp-json\/wp\/v2\/product_tag?post=322063"}],"curies":[{"name":"wp","href":"https:\/\/api.w.org\/{rel}","templated":true}]}}