{"id":322094,"date":"2023-09-27T20:58:58","date_gmt":"2024-03-20T10:27:02","guid":{"rendered":"https:\/\/www.moskito.cz\/produkt\/couteau-de-tir-beltrame-stiletto-plastic-kris\/"},"modified":"2025-06-25T16:02:48","modified_gmt":"2025-06-25T15:02:48","slug":"couteau-de-tir-beltrame-stiletto-plastic-kris","status":"publish","type":"product","link":"https:\/\/www.moskito.cz\/fr\/produkt\/couteau-de-tir-beltrame-stiletto-plastic-kris\/","title":{"rendered":"Couteau de tir Beltrame Stiletto Plastic Kris"},"content":{"rendered":"<p>Couteau de tir <strong>Beltrame<\/strong> Stiletto Plastic Kris<\/p>\n<p>Frank Beltrame Kris Black 28cm, couteau \u00e0 ressort traditionnel italien. Les couteaux Frank Beltrame Stiletto, fabriqu\u00e9s \u00e0 la main selon les principes de l&rsquo;artisanat italien, sont devenus mondialement c\u00e9l\u00e8bres pour leur extr\u00eame l\u00e9g\u00e8ret\u00e9 et leur durabilit\u00e9. De par ses caract\u00e9ristiques, le poignard italien peut \u00eatre utilis\u00e9 dans n&rsquo;importe quel environnement, de la chasse au camping. Construction robuste et durable, ressort d&rsquo;ouverture de lame solide, telle est la caract\u00e9ristique des couteaux \u00e0 ressort italiens classiques Frank Beltrame.<\/p>\n<p>Poign\u00e9e &#8211; recouverte de poign\u00e9es en polym\u00e8re dur noir. Avec une finition en nickel poli, il offre une prise en main confortable et s\u00e9curis\u00e9e. La s\u00e9curit\u00e9 d&rsquo;utilisation est renforc\u00e9e par la forme ergonomique de la poign\u00e9e, qui emp\u00eache la main de glisser pendant le travail. Rivets en laiton.<\/p>\n<p>Kris, ou keris, est un poignard asym\u00e9trique indon\u00e9sien, \u00e0 la fois arme et objet spirituel, avec un motif de lame distinctif obtenu par stratification altern\u00e9e de fer et de fer nickel\u00e9. Originaire de Java, le kris est connu pour sa lame ondul\u00e9e caract\u00e9ristique, bien que beaucoup aient \u00e9galement des lames droites, et est l&rsquo;une des armes couramment utilis\u00e9es dans l&rsquo;art martial indon\u00e9sien du pencak silat.<\/p>\n<p>Lame &#8211; extr\u00eamement tranchante avec un profil Kris de 3,5 mm d&rsquo;\u00e9paisseur avec une fausse lame pour des propri\u00e9t\u00e9s de p\u00e9n\u00e9tration accrues. Fabriqu\u00e9 en acier inoxydable AISI 420 MA5M facile \u00e0 meuler, caract\u00e9ris\u00e9 par une haute r\u00e9sistance \u00e0 la corrosion. Acier tremp\u00e9 56 HRC. Un type de lame courant d\u00e9riv\u00e9 du meulage plat pour de bonnes propri\u00e9t\u00e9s de coupe et de p\u00e9n\u00e9tration. La st\u00e8le prot\u00e8ge la main d&rsquo;un glissement accidentel et peut \u00eatre press\u00e9e pour plier la lame.<\/p>\n<p>Verrouillage &#8211; prot\u00e8ge contre le pliage ou l&rsquo;ouverture accidentelle de la lame. L&rsquo;ouverture du couteau automatique se fait gr\u00e2ce \u00e0 un bouton fixe situ\u00e9 sur le manche.<\/p>\n<p>Ressort &#8211; une attention particuli\u00e8re est port\u00e9e \u00e0 la conception des ressorts (acier inoxydable) : l&rsquo;ouverture de la lame doit s&rsquo;effectuer en quelques centi\u00e8mes de seconde (caract\u00e9ristique des couteaux Stiletto). Folder Beltrame \u00e9met un son caract\u00e9ristique (clic) lors de l&rsquo;ouverture de la lame, ce qui le distingue des autres couteaux \u00e0 ressort.<\/p>\n<p>Caract\u00e9ristiques:<br \/>\nNum\u00e9ro de produit : FB 23\/37K<br \/>\nNom du produit : Frank Beltrame Kris Noir 23 cm.<\/p>\n<p>Longueur totale : 28 mm \/ 9,06&Prime;<br \/>\nLongueur de la lame : 12 cm \/ 3,86&Prime;<br \/>\n\u00c9paisseur de la lame : 0,35 cm \/ 0,14&Prime;<br \/>\nPoids&nbsp;: 108,0 g \/ 3,81 oz<\/p>\n<p>Mat\u00e9riau de la lame : AISI 420 MA5M<br \/>\nDuret\u00e9 de la lame : 56 HRC<br \/>\nMeulage de la lame : plat<\/p>\n<p>Mat\u00e9riau du manche : Polym\u00e8re noir<br \/>\nCouleur finition poign\u00e9e : Noir<br \/>\nMat\u00e9riau de l&rsquo;espaceur arri\u00e8re&nbsp;: acier inoxydable<\/p>\n","protected":false},"excerpt":{"rendered":"<p><strong>Les couteaux Beltrame sont fabriqu\u00e9s en Italie depuis 1953. L&rsquo;entreprise a \u00e9t\u00e9 fond\u00e9e par Frank Beltram. Le secret de fabrication de ces couteaux Stiletto fait partie de l&rsquo;histoire de Maniago, transmise de p\u00e8re en fils.<\/strong><br \/>\n<strong>Fabriqu\u00e9 en Italie.<\/strong><\/p>\n","protected":false},"featured_media":322095,"comment_status":"open","ping_status":"closed","template":"","meta":[],"pwb-brand":[3779],"product_brand":[],"product_cat":[3699,3696],"product_tag":[3754],"class_list":{"0":"post-322094","1":"product","2":"type-product","3":"status-publish","4":"has-post-thumbnail","6":"pwb-brand-ceinture","7":"product_cat-couteaux-de-tir","8":"product_cat-des-couteaux","9":"product_tag-b2b-fr","11":"first","12":"outofstock","13":"taxable","14":"shipping-taxable","15":"purchasable","16":"product-type-simple"},"brands":[{"id":3779,"name":"Ceinture","slug":"ceinture"}],"_links":{"self":[{"href":"https:\/\/www.moskito.cz\/fr\/wp-json\/wp\/v2\/product\/322094","targetHints":{"allow":["GET"]}}],"collection":[{"href":"https:\/\/www.moskito.cz\/fr\/wp-json\/wp\/v2\/product"}],"about":[{"href":"https:\/\/www.moskito.cz\/fr\/wp-json\/wp\/v2\/types\/product"}],"replies":[{"embeddable":true,"href":"https:\/\/www.moskito.cz\/fr\/wp-json\/wp\/v2\/comments?post=322094"}],"wp:featuredmedia":[{"embeddable":true,"href":"https:\/\/www.moskito.cz\/fr\/wp-json\/wp\/v2\/media\/322095"}],"wp:attachment":[{"href":"https:\/\/www.moskito.cz\/fr\/wp-json\/wp\/v2\/media?parent=322094"}],"wp:term":[{"taxonomy":"pwb-brand","embeddable":true,"href":"https:\/\/www.moskito.cz\/fr\/wp-json\/wp\/v2\/pwb-brand?post=322094"},{"taxonomy":"product_brand","embeddable":true,"href":"https:\/\/www.moskito.cz\/fr\/wp-json\/wp\/v2\/product_brand?post=322094"},{"taxonomy":"product_cat","embeddable":true,"href":"https:\/\/www.moskito.cz\/fr\/wp-json\/wp\/v2\/product_cat?post=322094"},{"taxonomy":"product_tag","embeddable":true,"href":"https:\/\/www.moskito.cz\/fr\/wp-json\/wp\/v2\/product_tag?post=322094"}],"curies":[{"name":"wp","href":"https:\/\/api.w.org\/{rel}","templated":true}]}}