{"id":322134,"date":"2022-04-16T15:43:58","date_gmt":"2024-03-20T10:27:54","guid":{"rendered":"https:\/\/www.moskito.cz\/produkt\/couteau-de-tir-a-baionnette-en-corne-de-cerf-beltrame-stiletto\/"},"modified":"2025-05-07T11:06:48","modified_gmt":"2025-05-07T10:06:48","slug":"couteau-de-tir-a-baionnette-en-corne-de-cerf-beltrame-stiletto","status":"publish","type":"product","link":"https:\/\/www.moskito.cz\/fr\/produkt\/couteau-de-tir-a-baionnette-en-corne-de-cerf-beltrame-stiletto\/","title":{"rendered":"Couteau pliant Beltrame Stiletto en corne de cerf avec ba\u00efonnette de 23 cm"},"content":{"rendered":"<div class=\"flex-1 overflow-hidden @container\/thread\">\n<div class=\"h-full\">\n<div class=\"react-scroll-to-bottom--css-quzxw-79elbk h-full\">\n<div class=\"react-scroll-to-bottom--css-quzxw-1n7m0yu\">\n<div class=\"flex flex-col text-sm md:pb-9\">\n<article class=\"w-full scroll-mb-[var(--thread-trailing-height,150px)] text-token-text-primary focus-visible:outline-2 focus-visible:outline-offset-[-4px]\" dir=\"auto\" data-testid=\"conversation-turn-53\" data-scroll-anchor=\"true\">\n<div class=\"m-auto text-base py-[18px] px-3 md:px-4 w-full md:px-5 lg:px-4 xl:px-5\">\n<div class=\"mx-auto flex flex-1 gap-4 text-base md:gap-5 lg:gap-6 md:max-w-3xl\">\n<div class=\"group\/conversation-turn relative flex w-full min-w-0 flex-col agent-turn\">\n<div class=\"flex-col gap-1 md:gap-3\">\n<div class=\"flex max-w-full flex-col flex-grow\">\n<div class=\"min-h-8 text-message flex w-full flex-col items-end gap-2 whitespace-normal break-words text-start [.text-message+&amp;]:mt-5\" dir=\"auto\" data-message-author-role=\"assistant\" data-message-id=\"7ad10b18-7fff-4e25-8f39-a6de18e1e608\" data-message-model-slug=\"gpt-4o-mini\">\n<div class=\"flex w-full flex-col gap-1 empty:hidden first:pt-[3px]\">\n<div class=\"markdown prose w-full break-words dark:prose-invert light\">\n<h3 data-pm-slice=\"1 1 []\">\u2694\ufe0f <strong>Couteau ba\u00efonnette Beltrame Stiletto en corne de cerf 23 cm \u2013 Classique au design naturel<\/strong><\/h3>\n<p><strong>Le couteau pliant Beltrame Stiletto Stag Horn Bayonet 23 cm<\/strong> repr\u00e9sente <strong>un stylet italien traditionnel<\/strong> qui allie <strong>\u00e9l\u00e9gance, qualit\u00e9 et fonctionnalit\u00e9<\/strong> . Le manche <strong>en bois de cerf<\/strong> v\u00e9ritable conf\u00e8re au couteau un aspect naturel unique, tandis que la lame <strong>\u00e0 ba\u00efonnette<\/strong> assure <strong>une coupe pr\u00e9cise et une longue dur\u00e9e de vie<\/strong> . Ce mod\u00e8le est id\u00e9al pour les collectionneurs, mais aussi pour un usage quotidien.  <\/p>\n<div>\n<hr>\n<\/div>\n<h3>\u2728 <strong>Principales caract\u00e9ristiques<\/strong><\/h3>\n<p>\ud83d\udd2a <strong>Lame<\/strong> : <strong>acier inoxydable 440A<\/strong> \u2013 grande r\u00e9sistance \u00e0 la corrosion et aff\u00fbtage facile.<br \/>\n\ud83d\udccf <strong>Longueur de la lame<\/strong> : <strong>10 cm<\/strong> \u2013 id\u00e9al pour un usage quotidien.<br \/>\n\ud83d\udcd0 <strong>Longueur totale<\/strong> : <strong>23 cm<\/strong> \u2013 compact mais suffisamment efficace.<br \/>\n\u2696\ufe0f <strong>Poids<\/strong> : <strong>environ 150 g<\/strong> &#8211; couteau l\u00e9ger et maniable.<br \/>\n\ud83d\udd04 <strong>M\u00e9canisme<\/strong> : <strong>Pop-up avec cran de s\u00e9curit\u00e9<\/strong> \u2013 ouverture instantan\u00e9e par simple pression.<br \/>\n\ud83d\udd17 <strong>S\u00e9curit\u00e9<\/strong> : <strong>S\u00e9curit\u00e9 arri\u00e8re<\/strong> &#8211; verrouillage s\u00e9curis\u00e9 de la lame.<br \/>\n\ud83c\udf3f <strong>Manche<\/strong> : <strong>Corne de cerf<\/strong> &#8211; mati\u00e8re naturelle authentique, chaque pi\u00e8ce est originale.<\/p>\n<div>\n<hr>\n<\/div>\n<h3>\ud83d\udccc <strong>Utilisation<\/strong><\/h3>\n<p>\u2705 <strong>Pi\u00e8ce de collection<\/strong> &#8211; design italien traditionnel et mat\u00e9riaux exclusifs.<br \/>\n\u2705 <strong>Couteau de poche \u00e9l\u00e9gant<\/strong> &#8211; adapt\u00e9 au transport quotidien.<br \/>\n\u2705 <strong>Cadeau \u00e9l\u00e9gant<\/strong> &#8211; ravira tous les amateurs de couteaux et de classiques.<\/p>\n<div>\n<hr>\n<\/div>\n<h3>\ud83d\udd27 <strong>Entretien et meulage<\/strong><\/h3>\n<p>\ud83e\uddfc <strong>Nettoyage<\/strong> : Essuyez la lame apr\u00e8s utilisation et appliquez r\u00e9guli\u00e8rement de l&rsquo;huile sur l&rsquo;articulation du m\u00e9canisme.<br \/>\n\ud83e\ude92 <strong>Aff\u00fbtage<\/strong> : Utilisez des aiguiseurs diamant\u00e9s ou en c\u00e9ramique de haute qualit\u00e9.<br \/>\n\ud83c\udf21\ufe0f <strong>Conservation<\/strong> : Conserver au sec, les bois de cerf peuvent \u00eatre sensibles \u00e0 l&rsquo;humidit\u00e9 extr\u00eame.<\/p>\n<div>\n<hr>\n<\/div>\n<h3>\u2705 <strong>Avantages<\/strong><\/h3>\n<p>\u2714\ufe0f <strong>Manche en bois de cerf v\u00e9ritable<\/strong> \u2013 aspect unique et esth\u00e9tique naturelle.<br \/>\n\u2714\ufe0f <strong>M\u00e9canisme de tir rapide<\/strong> \u2013 r\u00e9ponse instantan\u00e9e avec un seul bouton.<br \/>\n\u2714\ufe0f <strong>Taille compacte<\/strong> &#8211; confortable \u00e0 transporter et \u00e0 manipuler.<br \/>\n\u2714\ufe0f <strong>Lame \u00e0 ba\u00efonnette traditionnelle<\/strong> &#8211; tranchant pr\u00e9cis avec un design \u00e9l\u00e9gant.<\/p>\n<div>\n<hr>\n<\/div>\n<h3>\u274c <strong>Inconv\u00e9nients<\/strong><\/h3>\n<p>\u2757 <strong>Prix plus \u00e9lev\u00e9<\/strong> \u2013 correspond \u00e0 des mat\u00e9riaux de qualit\u00e9 et \u00e0 un travail artisanal.<br \/>\n\u2757 <strong>Le bois de cerf n\u00e9cessite des soins<\/strong> &#8211; il peut \u00eatre sensible aux conditions extr\u00eames.<br \/>\n\u2757 <strong>Ne convient pas aux travaux lourds<\/strong> &#8211; il s&rsquo;agit davantage d&rsquo;un mod\u00e8le \u00e9l\u00e9gant et de collection que d&rsquo;un outil de travail.<\/p>\n<div>\n<hr>\n<\/div>\n<h3>\ud83d\udd1a <strong>Conclusion<\/strong><\/h3>\n<p><strong>Le couteau \u00e0 ba\u00efonnette Beltrame Stiletto en corne de cerf 23 cm<\/strong> est <strong>un couteau italien classique<\/strong> qui plaira non seulement aux collectionneurs, mais aussi \u00e0 ceux qui recherchent <strong>un couteau pliant \u00e9l\u00e9gant, de haute qualit\u00e9 et fiable<\/strong> . <strong>Si vous souhaitez une pi\u00e8ce d&rsquo;\u00e9l\u00e9gance traditionnelle dans votre collection, ce mod\u00e8le est le choix id\u00e9al.<\/strong><\/p>\n<p>\ud83d\udce2 <strong>Commandez maintenant et agrandissez votre collection avec un authentique stiletto italien !<\/strong> \ud83d\uded2<\/p>\n<\/div>\n<\/div>\n<\/div>\n<\/div>\n<div class=\"pr-2 lg:pr-0\"><\/div>\n<\/div>\n<\/div>\n<\/div>\n<\/div>\n<\/article>\n<\/div>\n<\/div>\n<\/div>\n<\/div>\n<\/div>\n<div class=\"md:pt-0 dark:border-white\/20 md:border-transparent md:dark:border-transparent w-full\">\n<div>\n<div class=\"m-auto text-base px-3 md:px-4 w-full md:px-5 lg:px-4 xl:px-5\">\n<div class=\"mx-auto flex flex-1 gap-4 text-base md:gap-5 lg:gap-6 md:max-w-3xl\">\n<div class=\"flex justify-center\"><\/div>\n<\/div>\n<\/div>\n<\/div>\n<\/div>\n","protected":false},"excerpt":{"rendered":"<p><strong>Le couteau \u00e0 ba\u00efonnette Beltrame Stiletto en corne de cerf 23 cm est un couteau italien classique qui plaira non seulement aux collectionneurs, mais aussi \u00e0 ceux qui recherchent un couteau pliant \u00e9l\u00e9gant, de haute qualit\u00e9 et fiable. Si vous souhaitez une pi\u00e8ce d&rsquo;\u00e9l\u00e9gance traditionnelle dans votre collection, ce mod\u00e8le est le choix id\u00e9al. <\/strong><\/p>\n","protected":false},"featured_media":322138,"comment_status":"open","ping_status":"closed","template":"","meta":[],"pwb-brand":[3779],"product_brand":[],"product_cat":[3699,3696],"product_tag":[3754],"class_list":{"0":"post-322134","1":"product","2":"type-product","3":"status-publish","4":"has-post-thumbnail","6":"pwb-brand-ceinture","7":"product_cat-couteaux-de-tir","8":"product_cat-des-couteaux","9":"product_tag-b2b-fr","11":"first","12":"outofstock","13":"taxable","14":"shipping-taxable","15":"purchasable","16":"product-type-simple"},"brands":[{"id":3779,"name":"Ceinture","slug":"ceinture"}],"_links":{"self":[{"href":"https:\/\/www.moskito.cz\/fr\/wp-json\/wp\/v2\/product\/322134","targetHints":{"allow":["GET"]}}],"collection":[{"href":"https:\/\/www.moskito.cz\/fr\/wp-json\/wp\/v2\/product"}],"about":[{"href":"https:\/\/www.moskito.cz\/fr\/wp-json\/wp\/v2\/types\/product"}],"replies":[{"embeddable":true,"href":"https:\/\/www.moskito.cz\/fr\/wp-json\/wp\/v2\/comments?post=322134"}],"wp:featuredmedia":[{"embeddable":true,"href":"https:\/\/www.moskito.cz\/fr\/wp-json\/wp\/v2\/media\/322138"}],"wp:attachment":[{"href":"https:\/\/www.moskito.cz\/fr\/wp-json\/wp\/v2\/media?parent=322134"}],"wp:term":[{"taxonomy":"pwb-brand","embeddable":true,"href":"https:\/\/www.moskito.cz\/fr\/wp-json\/wp\/v2\/pwb-brand?post=322134"},{"taxonomy":"product_brand","embeddable":true,"href":"https:\/\/www.moskito.cz\/fr\/wp-json\/wp\/v2\/product_brand?post=322134"},{"taxonomy":"product_cat","embeddable":true,"href":"https:\/\/www.moskito.cz\/fr\/wp-json\/wp\/v2\/product_cat?post=322134"},{"taxonomy":"product_tag","embeddable":true,"href":"https:\/\/www.moskito.cz\/fr\/wp-json\/wp\/v2\/product_tag?post=322134"}],"curies":[{"name":"wp","href":"https:\/\/api.w.org\/{rel}","templated":true}]}}