{"id":322173,"date":"2020-12-08T21:17:07","date_gmt":"2024-03-20T10:31:10","guid":{"rendered":"https:\/\/www.moskito.cz\/produkt\/couteau-de-tir-en-plastique-beltrame-stiletto-2\/"},"modified":"2025-10-25T05:20:21","modified_gmt":"2025-10-25T04:20:21","slug":"couteau-de-tir-en-plastique-beltrame-stiletto-2","status":"publish","type":"product","link":"https:\/\/www.moskito.cz\/fr\/produkt\/couteau-de-tir-en-plastique-beltrame-stiletto-2\/","title":{"rendered":"Couteau de tir en plastique Beltrame Stiletto"},"content":{"rendered":"<p>Couteau de tir en plastique <strong>Beltrame<\/strong> Stiletto.<\/p>\n<p>Couteau italien classique Stiletto Black Dagger Couteau italien traditionnel de 28 cm. Les couteaux Frank Beltrame Stiletto, enti\u00e8rement fabriqu\u00e9s \u00e0 la main selon les principes de l&rsquo;artisanat italien, sont c\u00e9l\u00e8bres dans le monde entier pour leur extr\u00eame l\u00e9g\u00e8ret\u00e9 et leur durabilit\u00e9. De par ses caract\u00e9ristiques, le poignard italien peut \u00eatre utilis\u00e9 dans n&rsquo;importe quel environnement, de la chasse au camping. Construction solide et durable, ressort d&rsquo;ouverture de lame solide est la marque des ceintures \u00e0 ressorts italiennes classiques Frank Beltrame.<\/p>\n<p>Ressort &#8211; le fabricant accorde une attention particuli\u00e8re \u00e0 la conception du ressort (acier inoxydable) : la lame doit s&rsquo;ouvrir en quelques centi\u00e8mes de seconde (caract\u00e9ristique des couteaux Stiletto). Le composant Beltrame \u00e9met un son caract\u00e9ristique (clic) lors de l&rsquo;ouverture de la lame, ce qui le distingue des autres couteaux \u00e0 ressort. Dans cet exemplaire, le moment de puissance tire agr\u00e9ablement avec la main lors de l&rsquo;ouverture, montrant la puissance qui sommeille dans les ressorts Beltrame.<\/p>\n<p>Verrouillage &#8211; emp\u00eache le pliage ou l&rsquo;ouverture accidentelle de la lame. Le couteau automatique s&rsquo;ouvre \u00e0 l&rsquo;aide d&rsquo;un bouton fixe situ\u00e9 sur le manche.<\/p>\n<p>Lame &#8211; lame extr\u00eamement tranchante et pr\u00e9cise avec profil Dagger, \u00e9paisseur 3,5 mm, en acier inoxydable AISI 420 MA5M, facile \u00e0 aff\u00fbter, caract\u00e9ris\u00e9e par une haute r\u00e9sistance \u00e0 la corrosion. Acier tremp\u00e9 56 HRC. Un type de lame courant d\u00e9riv\u00e9 du meulage plat offre de bonnes propri\u00e9t\u00e9s de coupe et de p\u00e9n\u00e9tration.<\/p>\n<p>Poign\u00e9e \u2013 recouverte de doublures en polym\u00e8re dur noir, finies en nickel poli, offre une prise confortable et s\u00fbre. La partie int\u00e9rieure de la poign\u00e9e est finie avec des inserts en laiton qui augmentent la valeur esth\u00e9tique. La s\u00e9curit\u00e9 d&rsquo;utilisation est renforc\u00e9e par la forme ergonomique de la poign\u00e9e, qui emp\u00eache la main de glisser pendant le travail. Rivets en laiton.<\/p>\n<p>Caract\u00e9ristiques:<br \/>\nNum\u00e9ro de produit : FB 28\/37<br \/>\nNom : Dague noire classique italienne Stiletto 28.<br \/>\nType d&rsquo;acier : AISI 420 MA5M<br \/>\nDuret\u00e9 de la lame Rockwell&nbsp;: 56 HRC<br \/>\nLongueur de la lame : 12 cm \/ 4,72&Prime;<br \/>\n\u00c9paisseur de la lame : 0,35 cm \/ 1,13&Prime;<br \/>\nLongueur totale : 28 cm \/ 11,02&Prime;<br \/>\nPoids&nbsp;: 125 g \/ 4,19 oz<br \/>\nLame&nbsp;:&nbsp;Lisse<br \/>\nType de lame : Dague (poignard)<br \/>\nVerrouillage des couteaux&nbsp;: Oui<br \/>\nType de poign\u00e9e : Plastique<br \/>\nFabricant : F.LLI Beltrame, Italie<\/p>\n<p>Les couteaux Beltrame sont fabriqu\u00e9s en Italie depuis 1953. L&rsquo;entreprise a \u00e9t\u00e9 fond\u00e9e par Frank Beltram. Le secret de fabrication de ces couteaux Stiletto fait partie de l&rsquo;histoire de Maniago, transmise de p\u00e8re en fils. Lorsqu&rsquo;il \u00e9tait petit gar\u00e7on, Frank travaillait dans l&rsquo;usine de son p\u00e8re, o\u00f9 il commen\u00e7a plus tard \u00e0 travailler comme apprenti de son p\u00e8re. En outre, il a fr\u00e9quent\u00e9 une \u00e9cole de coutellerie traditionnelle, o\u00f9 il a tout appris sur les diff\u00e9rents mat\u00e9riaux, les derni\u00e8res technologies de transformation et les diff\u00e9rents styles de design. En 1958, Frank et sa famille se lancent dans la fabrication de couteaux automatiques. Un an apr\u00e8s la mort du p\u00e8re de Frank d&rsquo;une crise cardiaque alors qu&rsquo;il travaillait \u00e0 l&rsquo;usine, Frank a fond\u00e9 la soci\u00e9t\u00e9 Beltrame. Au cours des ann\u00e9es suivantes, il continue d&rsquo;\u00e9tudier et de rechercher des couteaux, des mat\u00e9riaux et un design adapt\u00e9s. Peu de temps apr\u00e8s, des imitations bon march\u00e9 de Taiwan sont apparues sur le march\u00e9, des couteaux Stiletto italiens traditionnels. Frank a donc d\u00fb faire face \u00e0 un nouveau probl\u00e8me. Heureusement, la qualit\u00e9 de ces couteaux bon march\u00e9 parle d&rsquo;elle-m\u00eame, tout collectionneur sait qu&rsquo;il n&rsquo;y a aucun moyen de les comparer \u00e0 un v\u00e9ritable poignard Beltrame. Les couteaux Beltrame ont gagn\u00e9 la reconnaissance des clients les plus exigeants au monde gr\u00e2ce \u00e0 la passion de Frank pour ces couteaux. Dans la fabrication de couteaux, il met \u00e0 profit ses nombreuses ann\u00e9es d&rsquo;exp\u00e9rience acquises d\u00e8s son plus jeune \u00e2ge. En 2005, les couteaux Beltrame ont re\u00e7u le certificat de qualit\u00e9 Maniago, avec lequel ils d\u00e9passent les normes de qualit\u00e9 europ\u00e9ennes. Cela signifie que ces couteaux sont test\u00e9s chaque ann\u00e9e sur la qualit\u00e9 des mat\u00e9riaux.<\/p>\n<p>La mitre pivotante en acier inoxydable ou maillechort permet de d\u00e9verrouiller la lame, \u00e9galement en acier inoxydable AISI 420 inoxydable MA5M HRC 56. L&rsquo;ouverture s&rsquo;effectue par le bouton situ\u00e9 au centre de la poign\u00e9e.<\/p>\n<p>Description<br \/>\nLa mitre pivotante en acier inoxydable ou maillechort permet de d\u00e9verrouiller la lame, \u00e9galement en acier inoxydable AISI 420 inoxydable MA5M HRC 56. L&rsquo;ouverture s&rsquo;effectue par le bouton situ\u00e9 au centre de la poign\u00e9e.<br \/>\nLes manches peuvent \u00eatre en plastique color\u00e9 blanc, noir rouge, bleu et vert, corne fonc\u00e9e, corne blonde et corne br\u00e9silienne, palissandre, cocobolo, bois d&rsquo;olivier, bois de serpent, cerf, os, ormeau et nacre.<br \/>\nLes liners sont en laiton et le ressort est en acier inoxydable assembl\u00e9 et pli\u00e9 manuellement par Frank Beltrame, jamais par une machine.<br \/>\nLes rivets sur les poign\u00e9es sont en laiton<br \/>\nLe mod\u00e8le Classic est enti\u00e8rement assembl\u00e9 \u00e0 la main avec pr\u00e9cision et exactitude et b\u00e9n\u00e9ficie d&rsquo;une finition artisanale.<\/p>\n","protected":false},"excerpt":{"rendered":"<p>Les couteaux Beltrame sont fabriqu\u00e9s en Italie depuis 1953. L&rsquo;entreprise a \u00e9t\u00e9 fond\u00e9e par Frank Beltram. Le secret de fabrication de ces couteaux Stiletto fait partie de l&rsquo;histoire de Maniago, transmise de p\u00e8re en fils.<br \/>\n<strong>Fabriqu\u00e9 en Italie.<\/strong><\/p>\n","protected":false},"featured_media":256958,"comment_status":"open","ping_status":"closed","template":"","meta":[],"pwb-brand":[3779],"product_brand":[],"product_cat":[3699,3696],"product_tag":[3754],"class_list":{"0":"post-322173","1":"product","2":"type-product","3":"status-publish","4":"has-post-thumbnail","6":"pwb-brand-ceinture","7":"product_cat-couteaux-de-tir","8":"product_cat-des-couteaux","9":"product_tag-b2b-fr","11":"first","12":"outofstock","13":"taxable","14":"shipping-taxable","15":"purchasable","16":"product-type-simple"},"brands":[{"id":3779,"name":"Ceinture","slug":"ceinture"}],"_links":{"self":[{"href":"https:\/\/www.moskito.cz\/fr\/wp-json\/wp\/v2\/product\/322173","targetHints":{"allow":["GET"]}}],"collection":[{"href":"https:\/\/www.moskito.cz\/fr\/wp-json\/wp\/v2\/product"}],"about":[{"href":"https:\/\/www.moskito.cz\/fr\/wp-json\/wp\/v2\/types\/product"}],"replies":[{"embeddable":true,"href":"https:\/\/www.moskito.cz\/fr\/wp-json\/wp\/v2\/comments?post=322173"}],"wp:featuredmedia":[{"embeddable":true,"href":"https:\/\/www.moskito.cz\/fr\/wp-json\/wp\/v2\/media\/256958"}],"wp:attachment":[{"href":"https:\/\/www.moskito.cz\/fr\/wp-json\/wp\/v2\/media?parent=322173"}],"wp:term":[{"taxonomy":"pwb-brand","embeddable":true,"href":"https:\/\/www.moskito.cz\/fr\/wp-json\/wp\/v2\/pwb-brand?post=322173"},{"taxonomy":"product_brand","embeddable":true,"href":"https:\/\/www.moskito.cz\/fr\/wp-json\/wp\/v2\/product_brand?post=322173"},{"taxonomy":"product_cat","embeddable":true,"href":"https:\/\/www.moskito.cz\/fr\/wp-json\/wp\/v2\/product_cat?post=322173"},{"taxonomy":"product_tag","embeddable":true,"href":"https:\/\/www.moskito.cz\/fr\/wp-json\/wp\/v2\/product_tag?post=322173"}],"curies":[{"name":"wp","href":"https:\/\/api.w.org\/{rel}","templated":true}]}}