{"id":322238,"date":"2023-07-15T10:14:11","date_gmt":"2024-03-20T10:33:50","guid":{"rendered":"https:\/\/www.moskito.cz\/produkt\/couteau-de-tir-andre-de-villiers-otf-2\/"},"modified":"2025-05-07T11:06:57","modified_gmt":"2025-05-07T10:06:57","slug":"couteau-de-tir-andre-de-villiers-otf-2","status":"publish","type":"product","link":"https:\/\/www.moskito.cz\/fr\/produkt\/couteau-de-tir-andre-de-villiers-otf-2\/","title":{"rendered":"Couteau de tir Andre De Villiers OTF"},"content":{"rendered":"<p>Couteau de tir Andre De Villiers OTF<\/p>\n<p>Andre\/ADV Tactical fabrique les meilleurs couteaux personnalis\u00e9s au monde. Ses couteaux sont r\u00e9sistants comme des clous et enti\u00e8rement fabriqu\u00e9s \u00e0 la main.<\/p>\n<p>Une belle machine avant \u00e0 double action fabriqu\u00e9e \u00e0 la main, de taille id\u00e9ale pour un usage quotidien.<\/p>\n<p>Le couteau a un manche moul\u00e9 am\u00e9lior\u00e9 avec un curseur textur\u00e9 pour un tir plus positif. Le ressort du couteau reste \u00e0 tout moment en position \u00ab repos \u00bb, sauf lors du tir. Cela garantit que le ressort comprim\u00e9 ne se fatigue pas, garantissant aux utilisateurs que lorsque le couteau est tir\u00e9, il fonctionnera efficacement. La couleur du manche est dor\u00e9e.<\/p>\n<p>La lame est en acier D2, style poignard en noir.<\/p>\n<p>Le couteau est dot\u00e9 d&rsquo;un clip en acier pour un transport facile, termin\u00e9 par un rouleau, afin que le clip ne d\u00e9chire pas la poche.<\/p>\n<p>Un savoir-faire vraiment \u00e9tonnant, un couteau de qualit\u00e9 avec un excellent design et une finition pr\u00e9cise. Un tr\u00e8s bon couteau OTF \u00e0 un prix abordable.<\/p>\n<p>Caract\u00e9ristiques:<\/p>\n<p>Longueur de la lame : 9 cm<br \/>\nLongueur du manche : 12,5 cm<br \/>\nLongueur totale : 21,5 cm<br \/>\nMat\u00e9riau de la lame : Acier \u00e0 outils D2<br \/>\nMeulage de la lame&nbsp;:&nbsp;Plat<br \/>\nFinition de la lame : Noir<br \/>\nMat\u00e9riau du manche : Aluminium anodis\u00e9 6061-T6<\/p>\n<p>Cr\u00e9ateur : Andr\u00e9 De Villiers<\/p>\n<p>&nbsp;<\/p>\n","protected":false},"excerpt":{"rendered":"<p><strong>Andre\/ADV Tactical fabrique les meilleurs couteaux personnalis\u00e9s au monde. Ses couteaux sont r\u00e9sistants comme des clous et enti\u00e8rement fabriqu\u00e9s \u00e0 la main. <\/strong><\/p>\n","protected":false},"featured_media":322251,"comment_status":"open","ping_status":"closed","template":"","meta":[],"pwb-brand":[3822],"product_brand":[],"product_cat":[3699,3696],"product_tag":[3754],"class_list":{"0":"post-322238","1":"product","2":"type-product","3":"status-publish","4":"has-post-thumbnail","6":"pwb-brand-andre-de-villiers-fr","7":"product_cat-couteaux-de-tir","8":"product_cat-des-couteaux","9":"product_tag-b2b-fr","11":"first","12":"outofstock","13":"taxable","14":"shipping-taxable","15":"purchasable","16":"product-type-simple"},"brands":[{"id":3822,"name":"Andr\u00e9 De Villiers","slug":"andre-de-villiers-fr"}],"_links":{"self":[{"href":"https:\/\/www.moskito.cz\/fr\/wp-json\/wp\/v2\/product\/322238","targetHints":{"allow":["GET"]}}],"collection":[{"href":"https:\/\/www.moskito.cz\/fr\/wp-json\/wp\/v2\/product"}],"about":[{"href":"https:\/\/www.moskito.cz\/fr\/wp-json\/wp\/v2\/types\/product"}],"replies":[{"embeddable":true,"href":"https:\/\/www.moskito.cz\/fr\/wp-json\/wp\/v2\/comments?post=322238"}],"wp:featuredmedia":[{"embeddable":true,"href":"https:\/\/www.moskito.cz\/fr\/wp-json\/wp\/v2\/media\/322251"}],"wp:attachment":[{"href":"https:\/\/www.moskito.cz\/fr\/wp-json\/wp\/v2\/media?parent=322238"}],"wp:term":[{"taxonomy":"pwb-brand","embeddable":true,"href":"https:\/\/www.moskito.cz\/fr\/wp-json\/wp\/v2\/pwb-brand?post=322238"},{"taxonomy":"product_brand","embeddable":true,"href":"https:\/\/www.moskito.cz\/fr\/wp-json\/wp\/v2\/product_brand?post=322238"},{"taxonomy":"product_cat","embeddable":true,"href":"https:\/\/www.moskito.cz\/fr\/wp-json\/wp\/v2\/product_cat?post=322238"},{"taxonomy":"product_tag","embeddable":true,"href":"https:\/\/www.moskito.cz\/fr\/wp-json\/wp\/v2\/product_tag?post=322238"}],"curies":[{"name":"wp","href":"https:\/\/api.w.org\/{rel}","templated":true}]}}