{"id":322239,"date":"2023-06-11T21:12:01","date_gmt":"2024-03-20T10:33:51","guid":{"rendered":"https:\/\/www.moskito.cz\/produkt\/couteau-pliant-spyderco-assist-rescue-orange-c79psor\/"},"modified":"2024-03-20T11:33:51","modified_gmt":"2024-03-20T10:33:51","slug":"couteau-pliant-spyderco-assist-rescue-orange-c79psor","status":"publish","type":"product","link":"https:\/\/www.moskito.cz\/fr\/produkt\/couteau-pliant-spyderco-assist-rescue-orange-c79psor\/","title":{"rendered":"Couteau pliant Spyderco Assist Rescue Orange C79PSOR"},"content":{"rendered":"<p>Couteau pliant <strong>Spyderco<\/strong> Assist Rescue Orange C79PSOR<\/p>\n<p><strong>Spyderco<\/strong> a nomm\u00e9 ce couteau d&rsquo;apr\u00e8s sa fonction principale, Assist. L&rsquo;Assist a \u00e9t\u00e9 con\u00e7u pour les professionnels des urgences\/incendies\/sauvetage (et les civils bien \u00e9quip\u00e9s) qui comptent sur leurs couteaux pour fonctionner parfaitement sous pression. Malgr\u00e9 vingt-cinq ans d&rsquo;exp\u00e9rience dans la production de couteaux de sauvetage, Spyderco continue d&rsquo;offrir de nouvelles fonctionnalit\u00e9s de haute technologie, et le mod\u00e8le Assist repr\u00e9sente le dernier et le meilleur de ce genre de couteaux.<\/p>\n<p>La lame brevet\u00e9e \u00e0 pointe \u00e9mouss\u00e9e VG-10 est dentel\u00e9e \u00e0 80 % SpyderEdged pour une coupe agressive des ceintures de s\u00e9curit\u00e9 et des mat\u00e9riaux fibreux. Nous avons laiss\u00e9 le dernier centim\u00e8tre de la pointe avec PlainEdge pour une d\u00e9coupe d\u00e9taill\u00e9e (pensez au taille-crayon). Perch\u00e9 au-dessus du trou rond, le Cobra Hood place le pouce directement au-dessus du trou pour un d\u00e9ploiement rapide de la lame, puis sert de plate-forme de levier pour le pouce. Le motif ondul\u00e9 d\u00e9coup\u00e9 sur le dessus de la lame (cr\u00e9\u00e9 par un pompier su\u00e9dois) et le long de l&rsquo;int\u00e9rieur du manche permet de placer un morceau de corde (entre la lame partiellement ouverte et le manche) et de fermer les ciseaux &#8211; particuli\u00e8rement pratique. pour couper la corde dans et autour de la viande sans avoir \u00e0 ouvrir\/exposer compl\u00e8tement les couteaux \u00e0 lame. Le FRN Safety Orange Grip est une merveille sculpt\u00e9e de contours et de renflements textur\u00e9s bidirectionnels qui s&rsquo;enroulent de mani\u00e8re ergonomique autour de votre paume. En position ferm\u00e9e, poussez la lame plus profond\u00e9ment dans la poign\u00e9e et une pointe r\u00e9tractable en carbure pour briser le verre d\u00e9passe de la base. En noir contrastant sur le dos de la poign\u00e9e se trouve un sifflet de survie strident et accrocheur. Transfert gauche\/droite, boucle \u00e0 fil de tension repliable.<\/p>\n<p>Caract\u00e9ristiques<br \/>\nLongueur de la lame : 9,4 cm<br \/>\nTranchant : 8,1 cm<br \/>\n\u00c9paisseur de la lame : 0,3 cm<br \/>\nLongueur totale : 21,3 cm<br \/>\nLongueur ferm\u00e9 : 12,4 cm<br \/>\nAcier de la lame : VG-10<br \/>\nPoids : 4 onces. (115g)<br \/>\nMat\u00e9riau du manche : FRN orange<br \/>\nFabriqu\u00e9 \u00e0 Seki-City, Japon<\/p>\n","protected":false},"excerpt":{"rendered":"<p><strong>Spyderco a nomm\u00e9 ce couteau d&rsquo;apr\u00e8s sa fonction principale, Assist.<\/strong><\/p>\n","protected":false},"featured_media":322250,"comment_status":"open","ping_status":"closed","template":"","meta":[],"pwb-brand":[3778],"product_brand":[],"product_cat":[3700,3696],"product_tag":[3754],"class_list":{"0":"post-322239","1":"product","2":"type-product","3":"status-publish","4":"has-post-thumbnail","6":"pwb-brand-spyderco-fr","7":"product_cat-couteaux-de-fermeture","8":"product_cat-des-couteaux","9":"product_tag-b2b-fr","11":"first","12":"outofstock","13":"taxable","14":"shipping-taxable","15":"purchasable","16":"product-type-simple"},"brands":[{"id":3778,"name":"Spyderco","slug":"spyderco-fr"}],"_links":{"self":[{"href":"https:\/\/www.moskito.cz\/fr\/wp-json\/wp\/v2\/product\/322239","targetHints":{"allow":["GET"]}}],"collection":[{"href":"https:\/\/www.moskito.cz\/fr\/wp-json\/wp\/v2\/product"}],"about":[{"href":"https:\/\/www.moskito.cz\/fr\/wp-json\/wp\/v2\/types\/product"}],"replies":[{"embeddable":true,"href":"https:\/\/www.moskito.cz\/fr\/wp-json\/wp\/v2\/comments?post=322239"}],"wp:featuredmedia":[{"embeddable":true,"href":"https:\/\/www.moskito.cz\/fr\/wp-json\/wp\/v2\/media\/322250"}],"wp:attachment":[{"href":"https:\/\/www.moskito.cz\/fr\/wp-json\/wp\/v2\/media?parent=322239"}],"wp:term":[{"taxonomy":"pwb-brand","embeddable":true,"href":"https:\/\/www.moskito.cz\/fr\/wp-json\/wp\/v2\/pwb-brand?post=322239"},{"taxonomy":"product_brand","embeddable":true,"href":"https:\/\/www.moskito.cz\/fr\/wp-json\/wp\/v2\/product_brand?post=322239"},{"taxonomy":"product_cat","embeddable":true,"href":"https:\/\/www.moskito.cz\/fr\/wp-json\/wp\/v2\/product_cat?post=322239"},{"taxonomy":"product_tag","embeddable":true,"href":"https:\/\/www.moskito.cz\/fr\/wp-json\/wp\/v2\/product_tag?post=322239"}],"curies":[{"name":"wp","href":"https:\/\/api.w.org\/{rel}","templated":true}]}}