{"id":322278,"date":"2023-04-05T19:29:58","date_gmt":"2024-03-20T10:33:53","guid":{"rendered":"https:\/\/www.moskito.cz\/produkt\/couteau-pliant-a-manche-en-titane-andre-de-villiers-scavenger-3\/"},"modified":"2025-05-07T11:07:00","modified_gmt":"2025-05-07T10:07:00","slug":"couteau-pliant-a-manche-en-titane-andre-de-villiers-scavenger-3","status":"publish","type":"product","link":"https:\/\/www.moskito.cz\/fr\/produkt\/couteau-pliant-a-manche-en-titane-andre-de-villiers-scavenger-3\/","title":{"rendered":"Couteau pliant \u00e0 manche en titane Andre De Villiers Scavenger"},"content":{"rendered":"<p>Couteau pliant \u00e0 manche en titane <strong>Andre De Villiers Scavenger<\/strong><\/p>\n<p>En ce qui concerne les couteaux pliants, il n&rsquo;y a pas grand-chose \u00e0 comparer \u00e0 l&rsquo;aileron int\u00e9gral Scavenger d&rsquo;Andr\u00e9 De Villiers et de Rike Knives. Il ne ressemble vraiment \u00e0 rien d&rsquo;autre que nous ayons port\u00e9, pour plusieurs raisons, chacune \u00e9tant li\u00e9e \u00e0 son apparence intimidante. Nous n\u2019avons jamais vu un design global aussi complexe, avec un th\u00e8me unique aussi parfaitement ex\u00e9cut\u00e9. La colonne vert\u00e9brale du couteau a \u00e9t\u00e9 con\u00e7ue pour imiter la structure squelettique des vert\u00e8bres empil\u00e9es, et cela se retrouve m\u00eame dans le clip unique de poche en os. Ce couteau est incroyable dans la main, a une qualit\u00e9 de construction extr\u00eamement solide et s&rsquo;ouvre avec autorit\u00e9 ; Scavenger est l\u00e0 pour faire une d\u00e9claration&nbsp;!<\/p>\n<p>G\u00e9n\u00e9ralement, lorsque vous voyez des couteaux comme celui-ci, ils ont tendance \u00e0 sacrifier la qualit\u00e9 au profit de l&rsquo;esth\u00e9tique, mais ce n&rsquo;est pas le cas \u00e0 100 % avec le Scavenger. Ce couteau est une v\u00e9ritable pi\u00e8ce ADV con\u00e7ue pour r\u00e9sister aux coups et avoir fi\u00e8re allure. Lorsqu&rsquo;Andr\u00e9 cherchait un fabricant pour ce mod\u00e8le, il avait plusieurs options diff\u00e9rentes et a d\u00e9cid\u00e9 d&rsquo;opter pour Rike Knives car ils \u00e9taient en mesure de fournir exactement la qualit\u00e9 qu&rsquo;il recherchait. Andr\u00e9 ne voulait pas d&rsquo;un composant de fabrication standard ici, il voulait un couteau qui rivaliserait avec son mid-tech en termes de qualit\u00e9 et il devait en faire partie int\u00e9grante. Ce projet a mis tr\u00e8s, tr\u00e8s longtemps \u00e0 venir et nous pensons que Rike l&rsquo;a fait sortir du parc avec celui-ci. Il s&rsquo;agit d&rsquo;un design unique superbement con\u00e7u pour \u00eatre un couteau EDC ou tactique polyvalent sur lequel vous pouvez compter \u00e0 100 % dans votre vie.<\/p>\n<p>Caract\u00e9ristiques:<br \/>\nMat\u00e9riau de la lame : M390<\/p>\n<p>Traitement de surface de la lame : Satin\u00e9<\/p>\n<p>M\u00e9canisme de verrouillage&nbsp;:&nbsp;verrouillage du cadre<\/p>\n<p>M\u00e9canisme d&rsquo;ouverture : Aileron<\/p>\n<p>Cr\u00e9ateur : Andr\u00e9 de Villiers<\/p>\n<p>Poids :: 178 g<\/p>\n<p>Longueur totale :: 25 cm<\/p>\n<p>Longueur de la lame : 11 cm<\/p>\n<p>Longueur pli\u00e9e : 14 cm<\/p>\n<p>\u00c9paisseur de la lame : 0,45 cm<\/p>\n<p>Pays d&rsquo;origine&nbsp;:&nbsp;Afrique du Sud<\/p>\n","protected":false},"excerpt":{"rendered":"<p><strong>Le couteau AdV Savage a une ouverture douce avec un verrou de cadre en titane.<\/strong><\/p>\n","protected":false},"featured_media":322283,"comment_status":"open","ping_status":"closed","template":"","meta":[],"pwb-brand":[3822],"product_brand":[],"product_cat":[3700,3696],"product_tag":[3754],"class_list":{"0":"post-322278","1":"product","2":"type-product","3":"status-publish","4":"has-post-thumbnail","6":"pwb-brand-andre-de-villiers-fr","7":"product_cat-couteaux-de-fermeture","8":"product_cat-des-couteaux","9":"product_tag-b2b-fr","11":"first","12":"outofstock","13":"taxable","14":"shipping-taxable","15":"purchasable","16":"product-type-simple"},"brands":[{"id":3822,"name":"Andr\u00e9 De Villiers","slug":"andre-de-villiers-fr"}],"_links":{"self":[{"href":"https:\/\/www.moskito.cz\/fr\/wp-json\/wp\/v2\/product\/322278","targetHints":{"allow":["GET"]}}],"collection":[{"href":"https:\/\/www.moskito.cz\/fr\/wp-json\/wp\/v2\/product"}],"about":[{"href":"https:\/\/www.moskito.cz\/fr\/wp-json\/wp\/v2\/types\/product"}],"replies":[{"embeddable":true,"href":"https:\/\/www.moskito.cz\/fr\/wp-json\/wp\/v2\/comments?post=322278"}],"wp:featuredmedia":[{"embeddable":true,"href":"https:\/\/www.moskito.cz\/fr\/wp-json\/wp\/v2\/media\/322283"}],"wp:attachment":[{"href":"https:\/\/www.moskito.cz\/fr\/wp-json\/wp\/v2\/media?parent=322278"}],"wp:term":[{"taxonomy":"pwb-brand","embeddable":true,"href":"https:\/\/www.moskito.cz\/fr\/wp-json\/wp\/v2\/pwb-brand?post=322278"},{"taxonomy":"product_brand","embeddable":true,"href":"https:\/\/www.moskito.cz\/fr\/wp-json\/wp\/v2\/product_brand?post=322278"},{"taxonomy":"product_cat","embeddable":true,"href":"https:\/\/www.moskito.cz\/fr\/wp-json\/wp\/v2\/product_cat?post=322278"},{"taxonomy":"product_tag","embeddable":true,"href":"https:\/\/www.moskito.cz\/fr\/wp-json\/wp\/v2\/product_tag?post=322278"}],"curies":[{"name":"wp","href":"https:\/\/api.w.org\/{rel}","templated":true}]}}