{"id":322300,"date":"2023-01-09T22:22:50","date_gmt":"2024-03-20T10:33:55","guid":{"rendered":"https:\/\/www.moskito.cz\/produkt\/couteau-fixe-andre-de-villiers-knives-kudu-hunter-m390-satin\/"},"modified":"2025-05-07T11:07:02","modified_gmt":"2025-05-07T10:07:02","slug":"couteau-fixe-andre-de-villiers-knives-kudu-hunter-m390-satin","status":"publish","type":"product","link":"https:\/\/www.moskito.cz\/fr\/produkt\/couteau-fixe-andre-de-villiers-knives-kudu-hunter-m390-satin\/","title":{"rendered":"Couteau Fixe Andre De Villiers Knives Kudu Hunter M390 Satin"},"content":{"rendered":"<p>Couteau Fixe <strong>Andre De Villiers Knives<\/strong> Kudu Hunter M390 Satin.<\/p>\n<p>La lame fixe Kudu Hunter est l&rsquo;une des derni\u00e8res offres d&rsquo;Andre, \u00e9tablissant un excellent \u00e9quilibre entre forme et fonction dans cette conception polyvalente. La lame large \u00e0 point de chute nous rappelle la lame fixe du Harpoon, mais sans la rampe en pouces d\u00e9di\u00e9e. Il a beaucoup de ventre pour trancher et une belle pointe pointue pour percer, avec le sillon sanglant signature ADV. La poign\u00e9e est extr\u00eamement confortable dans plusieurs prises et fa\u00e7onn\u00e9e de mani\u00e8re \u00e0 ne pas provoquer de fatigue lors d&rsquo;une utilisation prolong\u00e9e. L&rsquo;\u00e9tui Kydex est dot\u00e9 d&rsquo;une boucle de ceinture Kydex qui permet de passer facilement du port de ceinture r\u00e9gulier au port Scout, pour gaucher ou droitier. C&rsquo;est un design vraiment excellent pour tout ce qui vient d&rsquo;Andr\u00e9 et l&rsquo;un de nos favoris.<\/p>\n<p>Caract\u00e9ristiques<br \/>\nLongueur de la lame : 11,25<br \/>\nLongueur totale : 22,5 cm<br \/>\nMat\u00e9riau de la lame : acier inoxydable Bohler M390<br \/>\n\u00c9paisseur de la lame : 0,475 cm<br \/>\nStyle de lame&nbsp;:&nbsp;pointe de chute<br \/>\nMeulage de la lame&nbsp;:&nbsp;Plat<br \/>\nTraitement de surface de la lame : satin\u00e9<br \/>\nMat\u00e9riau du manche : Micarta marron<br \/>\n\u00c9paisseur du manche : 1,675 cm<br \/>\nMat\u00e9riau de la gaine : Kydex<br \/>\nPoids : 7,2 onces.<br \/>\nPoids avec \u00e9tui : 9,5 oz.<br \/>\nCr\u00e9ateur : Andr\u00e9 De Villiers<br \/>\nFabriqu\u00e9 en Afrique du Sud<\/p>\n","protected":false},"excerpt":{"rendered":"<p>Ajoutez cet incroyable couteau \u00e0 votre collection.<\/p>\n","protected":false},"featured_media":322313,"comment_status":"open","ping_status":"closed","template":"","meta":[],"pwb-brand":[3822],"product_brand":[],"product_cat":[3697,3696],"product_tag":[3754],"class_list":{"0":"post-322300","1":"product","2":"type-product","3":"status-publish","4":"has-post-thumbnail","6":"pwb-brand-andre-de-villiers-fr","7":"product_cat-couteaux-solides","8":"product_cat-des-couteaux","9":"product_tag-b2b-fr","11":"first","12":"instock","13":"taxable","14":"shipping-taxable","15":"purchasable","16":"product-type-simple"},"brands":[{"id":3822,"name":"Andr\u00e9 De Villiers","slug":"andre-de-villiers-fr"}],"_links":{"self":[{"href":"https:\/\/www.moskito.cz\/fr\/wp-json\/wp\/v2\/product\/322300","targetHints":{"allow":["GET"]}}],"collection":[{"href":"https:\/\/www.moskito.cz\/fr\/wp-json\/wp\/v2\/product"}],"about":[{"href":"https:\/\/www.moskito.cz\/fr\/wp-json\/wp\/v2\/types\/product"}],"replies":[{"embeddable":true,"href":"https:\/\/www.moskito.cz\/fr\/wp-json\/wp\/v2\/comments?post=322300"}],"wp:featuredmedia":[{"embeddable":true,"href":"https:\/\/www.moskito.cz\/fr\/wp-json\/wp\/v2\/media\/322313"}],"wp:attachment":[{"href":"https:\/\/www.moskito.cz\/fr\/wp-json\/wp\/v2\/media?parent=322300"}],"wp:term":[{"taxonomy":"pwb-brand","embeddable":true,"href":"https:\/\/www.moskito.cz\/fr\/wp-json\/wp\/v2\/pwb-brand?post=322300"},{"taxonomy":"product_brand","embeddable":true,"href":"https:\/\/www.moskito.cz\/fr\/wp-json\/wp\/v2\/product_brand?post=322300"},{"taxonomy":"product_cat","embeddable":true,"href":"https:\/\/www.moskito.cz\/fr\/wp-json\/wp\/v2\/product_cat?post=322300"},{"taxonomy":"product_tag","embeddable":true,"href":"https:\/\/www.moskito.cz\/fr\/wp-json\/wp\/v2\/product_tag?post=322300"}],"curies":[{"name":"wp","href":"https:\/\/api.w.org\/{rel}","templated":true}]}}