{"id":322431,"date":"2023-01-05T22:31:16","date_gmt":"2024-03-20T10:36:01","guid":{"rendered":"https:\/\/www.moskito.cz\/produkt\/couteau-de-fermeture-andre-de-villiers-bowie-copper-acid-rain-frag\/"},"modified":"2025-05-07T11:07:06","modified_gmt":"2025-05-07T10:07:06","slug":"couteau-de-fermeture-andre-de-villiers-bowie-copper-acid-rain-frag","status":"publish","type":"product","link":"https:\/\/www.moskito.cz\/fr\/produkt\/couteau-de-fermeture-andre-de-villiers-bowie-copper-acid-rain-frag\/","title":{"rendered":"Couteau de Fermeture Andre De Villiers BOWIE COPPER ACID RAIN FRAG"},"content":{"rendered":"<p>Couteau de fermeture <strong>Andre De Villiers<\/strong> BOWIE COPPER ACID RAIN FRAG.<\/p>\n<p>Bowie est aussi mena\u00e7ant qu\u2019un couteau pliant peut l\u2019\u00eatre. Il est dot\u00e9 non seulement d&rsquo;un look intimidant, mais \u00e9galement d&rsquo;un ensemble de fonctionnalit\u00e9s qui lui permettent de briller en tant qu&rsquo;outil tactique et\/ou de survie. Une fois d\u00e9pass\u00e9e la lame Bowie qui donne son nom au Badlands, vous disposez d&rsquo;un jeu de doubles ailerons, tout comme le DF Pathfinder, ce qui en fait un v\u00e9ritable couteau de combat. Comme l&rsquo;Emerson Wave, l&rsquo;aileron situ\u00e9 \u00e0 l&rsquo;arri\u00e8re de la lame ouvre automatiquement le couteau lorsqu&rsquo;il est retir\u00e9 de la poche, mais il n&rsquo;a pas \u00e9t\u00e9 con\u00e7u pour cela. Le Wave \u00e9tait \u00e0 l&rsquo;origine destin\u00e9 au combat au couteau, prot\u00e9geant le dos de votre main si la lame de votre adversaire suit votre colonne vert\u00e9brale.<\/p>\n<p>Une autre chose qui distingue ce couteau des autres mod\u00e8les tactiques est son ergonomie. Certes, de nombreuses poign\u00e9es ADV sont similaires, mais celle-ci est de loin la plus confortable que nous ayons jamais ressentie. L&rsquo;ajout d&rsquo;une deuxi\u00e8me fente pour le doigt et d&rsquo;une l\u00e9g\u00e8re courbe \u00e0 la forme g\u00e9n\u00e9rale (tous deux introuvables sur le Butcher original) rendent ce couteau extr\u00eamement confortable \u00e0 tenir et \u00e0 utiliser. Il comprend une goupille de roulement \u00e0 billes, un clip de poche \u00e0 bille, un insert de verrouillage\/amortisseur de d\u00e9placement rempla\u00e7able et une goupille \u00e0 vis Torx encastr\u00e9e, une caract\u00e9ristique caract\u00e9ristique du travail d&rsquo;Andre. Paul Hogan serait d&rsquo;accord ; \u00ab\u00a0C&rsquo;est un couteau !\u00a0\u00bb<\/p>\n<p>Caract\u00e9ristiques<br \/>\nLongueur totale : 23 cm<br \/>\nLongueur de la lame : 10 cm<br \/>\n\u00c9paisseur de la lame : 0,5 cm<br \/>\nMat\u00e9riau de la lame&nbsp;:&nbsp;CPM S35VN<br \/>\nMat\u00e9riau du manche :: Titane<br \/>\nPoids : 8,62 onces.<br \/>\nUtilisateur&nbsp;:&nbsp;main droite, main gauche<br \/>\nClip de poche&nbsp;: r\u00e9versible \u00e0 3 voies<br \/>\nType de couteau : Manuel<br \/>\nOuverture : Flipper, Nail Nick<br \/>\nType de verrouillage&nbsp;:&nbsp;verrouillage du cadre<br \/>\nMarque : Andr\u00e9 de Villiers<br \/>\nMeilleures utilisations&nbsp;: transport quotidien, tactique<\/p>\n<p>&nbsp;<\/p>\n","protected":false},"excerpt":{"rendered":"<p>Le couteau <strong>AdV<\/strong> a une ouverture douce avec un verrou de cadre en titane.<\/p>\n","protected":false},"featured_media":322432,"comment_status":"open","ping_status":"closed","template":"","meta":[],"pwb-brand":[3822],"product_brand":[],"product_cat":[3700,3696],"product_tag":[3754],"class_list":{"0":"post-322431","1":"product","2":"type-product","3":"status-publish","4":"has-post-thumbnail","6":"pwb-brand-andre-de-villiers-fr","7":"product_cat-couteaux-de-fermeture","8":"product_cat-des-couteaux","9":"product_tag-b2b-fr","11":"first","12":"instock","13":"taxable","14":"shipping-taxable","15":"purchasable","16":"product-type-simple"},"brands":[{"id":3822,"name":"Andr\u00e9 De Villiers","slug":"andre-de-villiers-fr"}],"_links":{"self":[{"href":"https:\/\/www.moskito.cz\/fr\/wp-json\/wp\/v2\/product\/322431","targetHints":{"allow":["GET"]}}],"collection":[{"href":"https:\/\/www.moskito.cz\/fr\/wp-json\/wp\/v2\/product"}],"about":[{"href":"https:\/\/www.moskito.cz\/fr\/wp-json\/wp\/v2\/types\/product"}],"replies":[{"embeddable":true,"href":"https:\/\/www.moskito.cz\/fr\/wp-json\/wp\/v2\/comments?post=322431"}],"wp:featuredmedia":[{"embeddable":true,"href":"https:\/\/www.moskito.cz\/fr\/wp-json\/wp\/v2\/media\/322432"}],"wp:attachment":[{"href":"https:\/\/www.moskito.cz\/fr\/wp-json\/wp\/v2\/media?parent=322431"}],"wp:term":[{"taxonomy":"pwb-brand","embeddable":true,"href":"https:\/\/www.moskito.cz\/fr\/wp-json\/wp\/v2\/pwb-brand?post=322431"},{"taxonomy":"product_brand","embeddable":true,"href":"https:\/\/www.moskito.cz\/fr\/wp-json\/wp\/v2\/product_brand?post=322431"},{"taxonomy":"product_cat","embeddable":true,"href":"https:\/\/www.moskito.cz\/fr\/wp-json\/wp\/v2\/product_cat?post=322431"},{"taxonomy":"product_tag","embeddable":true,"href":"https:\/\/www.moskito.cz\/fr\/wp-json\/wp\/v2\/product_tag?post=322431"}],"curies":[{"name":"wp","href":"https:\/\/api.w.org\/{rel}","templated":true}]}}