{"id":322435,"date":"2023-01-05T21:30:15","date_gmt":"2024-03-20T10:37:45","guid":{"rendered":"https:\/\/www.moskito.cz\/produkt\/couteaux-andre-de-villiers-battle-cleaver-rouge-noir\/"},"modified":"2025-05-07T11:07:07","modified_gmt":"2025-05-07T10:07:07","slug":"couteaux-andre-de-villiers-battle-cleaver-rouge-noir","status":"publish","type":"product","link":"https:\/\/www.moskito.cz\/fr\/produkt\/couteaux-andre-de-villiers-battle-cleaver-rouge-noir\/","title":{"rendered":"Couteaux Andre De Villiers BATTLE CLEAVER ROUGE\/NOIR"},"content":{"rendered":"<p><strong>Couteaux Andre De Villiers<\/strong> BATTLE CLEAVER ROUGE\/NOIR.<\/p>\n<p>Le Battle Cleaver est la prochaine \u00e9volution du design Mid-tech Butcher d&rsquo;Andre De Villiers, qui a subi de nombreux changements au cours de son existence. D&rsquo;abord, ce n&rsquo;\u00e9tait qu&rsquo;une pi\u00e8ce personnalis\u00e9e, puis c&rsquo;est devenu un mod\u00e8le mid-tech, puis c&rsquo;\u00e9tait un mod\u00e8le Tac avant de devenir ce qu&rsquo;il est maintenant\u2026 le Classic Butcher. Ce Battle Cleaver est tr\u00e8s similaire au boucher classique en termes de taille, de sensation, de poids\u2026 c&rsquo;est-\u00e0-dire. tout sauf la forme de la lame. Celui-ci comprend un couperet tactique CPM-S35VN de 10 cm avec une rainure de sang, un trou de suspension que l&rsquo;on trouve g\u00e9n\u00e9ralement sur les couperets et une finition Cerakoted noire bicolore. La poign\u00e9e est en titane Cerakoted noir avec un grand motif carr\u00e9 frais\u00e9 de chaque c\u00f4t\u00e9 offrant une traction suppl\u00e9mentaire pour vos doigts.<\/p>\n<p>Le point pivot est ce qui distingue ce couteau et toutes les lames ADV. Il dispose d&rsquo;une vis Torx encastr\u00e9e qui s&rsquo;ins\u00e8re dans le pivot, vous permettant de serrer le pivot tout en ajustant le centrage ou la douceur globale de l&rsquo;action. Cette action est pour le moins tr\u00e8s fluide. Le jimping sur la languette de l&rsquo;aileron est net et fonctionnel&nbsp;; rien n\u2019a \u00e9t\u00e9 vraiment n\u00e9glig\u00e9 dans cette conception \u00e9tonnante. Andre a r\u00e9alis\u00e9 une grande d\u00e9coupe pour faciliter la fermeture du couteau et a incorpor\u00e9 un insert de barre de verrouillage rempla\u00e7able qui sert \u00e9galement de s\u00e9curit\u00e9 anti-d\u00e9bordement. Le clip de poche en titane frais\u00e9 du Battle Cleaver permet une excellente adh\u00e9rence dans les poches de pantalon \u00e9paisses et comprend une conception \u00e0 bille roulante pour un tirage plus facile. Ce n&rsquo;est peut-\u00eatre pas votre couteau habituel, mais prenez-le et vous serez<\/p>\n<p>Caract\u00e9ristiques<br \/>\nLongueur de la lame : 10 cm<br \/>\nLongueur totale : 23 cm<br \/>\nMat\u00e9riau de la lame : acier inoxydable S35VN<br \/>\n\u00c9paisseur de la lame : 0,44 cm<br \/>\nStyle de lame&nbsp;: Couperet<br \/>\nMeulage de la lame&nbsp;:&nbsp;Plat<br \/>\nFinition de la lame&nbsp;: Cerakote noir bicolore<br \/>\nMat\u00e9riau du manche : titane frais\u00e9<br \/>\n\u00c9paisseur du manche : 1,35 cm<br \/>\nM\u00e9canisme de verrouillage&nbsp;:&nbsp;cadre<br \/>\nAssemblage de broches&nbsp;: roulements<br \/>\nClip de poche : Titane (pliable, usure droite)<br \/>\nPoids : 9,1 onces.<br \/>\nCr\u00e9ateur : Andr\u00e9 De Villiers<br \/>\nFabriqu\u00e9 en Afrique du Sud<\/p>\n","protected":false},"excerpt":{"rendered":"<p><strong>Le Battle Cleaver<\/strong> est la prochaine \u00e9volution du design mid-tech Butcher d&rsquo;Andr\u00e9 De Villiers.<\/p>\n","protected":false},"featured_media":322436,"comment_status":"open","ping_status":"closed","template":"","meta":[],"pwb-brand":[3822],"product_brand":[],"product_cat":[3700,3696],"product_tag":[3754],"class_list":{"0":"post-322435","1":"product","2":"type-product","3":"status-publish","4":"has-post-thumbnail","6":"pwb-brand-andre-de-villiers-fr","7":"product_cat-couteaux-de-fermeture","8":"product_cat-des-couteaux","9":"product_tag-b2b-fr","11":"first","12":"instock","13":"taxable","14":"shipping-taxable","15":"purchasable","16":"product-type-simple"},"brands":[{"id":3822,"name":"Andr\u00e9 De Villiers","slug":"andre-de-villiers-fr"}],"_links":{"self":[{"href":"https:\/\/www.moskito.cz\/fr\/wp-json\/wp\/v2\/product\/322435","targetHints":{"allow":["GET"]}}],"collection":[{"href":"https:\/\/www.moskito.cz\/fr\/wp-json\/wp\/v2\/product"}],"about":[{"href":"https:\/\/www.moskito.cz\/fr\/wp-json\/wp\/v2\/types\/product"}],"replies":[{"embeddable":true,"href":"https:\/\/www.moskito.cz\/fr\/wp-json\/wp\/v2\/comments?post=322435"}],"wp:featuredmedia":[{"embeddable":true,"href":"https:\/\/www.moskito.cz\/fr\/wp-json\/wp\/v2\/media\/322436"}],"wp:attachment":[{"href":"https:\/\/www.moskito.cz\/fr\/wp-json\/wp\/v2\/media?parent=322435"}],"wp:term":[{"taxonomy":"pwb-brand","embeddable":true,"href":"https:\/\/www.moskito.cz\/fr\/wp-json\/wp\/v2\/pwb-brand?post=322435"},{"taxonomy":"product_brand","embeddable":true,"href":"https:\/\/www.moskito.cz\/fr\/wp-json\/wp\/v2\/product_brand?post=322435"},{"taxonomy":"product_cat","embeddable":true,"href":"https:\/\/www.moskito.cz\/fr\/wp-json\/wp\/v2\/product_cat?post=322435"},{"taxonomy":"product_tag","embeddable":true,"href":"https:\/\/www.moskito.cz\/fr\/wp-json\/wp\/v2\/product_tag?post=322435"}],"curies":[{"name":"wp","href":"https:\/\/api.w.org\/{rel}","templated":true}]}}