{"id":322475,"date":"2022-12-08T21:59:03","date_gmt":"2024-03-20T10:53:04","guid":{"rendered":"https:\/\/www.moskito.cz\/produkt\/couteau-pliant-andre-de-villiers-trailboss-2-s35vn-black-springfield-fde-titanium\/"},"modified":"2025-05-07T11:07:09","modified_gmt":"2025-05-07T10:07:09","slug":"couteau-pliant-andre-de-villiers-trailboss-2-s35vn-black-springfield-fde-titanium","status":"publish","type":"product","link":"https:\/\/www.moskito.cz\/fr\/produkt\/couteau-pliant-andre-de-villiers-trailboss-2-s35vn-black-springfield-fde-titanium\/","title":{"rendered":"Couteau pliant Andre De Villiers Trailboss 2 S35VN Black Springfield FDE Titanium"},"content":{"rendered":"<p>Couteau pliant <strong>Andre De Villiers<\/strong> Trailboss 2 S35VN Black Springfield FDE en titane.<\/p>\n<p>La Trailboss a \u00e9t\u00e9 la premi\u00e8re plieuse Andre De Villiers \u00e0 utiliser une but\u00e9e de croisement de barre de verrouillage interne int\u00e9gr\u00e9e \u00e0 l&rsquo;insert en acier rempla\u00e7able, en 2016. Il a \u00e9t\u00e9 construit sur la base du mod\u00e8le Butcher, la principale diff\u00e9rence \u00e9tant qu&rsquo;il est dot\u00e9 d&rsquo;une lame enti\u00e8rement plate pour un meilleur tranchage, un meilleur d\u00e9pouillement et des performances utilitaires globales. Il y a maintenant le Trailboss 2, avec une l\u00e9g\u00e8re refonte de la poign\u00e9e, une lame \u00e0 pointe de lance plus pro\u00e9minente et un moyen d&rsquo;ouvrir le trou pour le pouce en plus de la languette de l&rsquo;aileron. Il se sent mieux, est plus beau et \u00e9quivaut vraiment \u00e0 l&rsquo;un des meilleurs couteaux qu&rsquo;ADV ait jamais livr\u00e9s. De la brousse au champ de bataille ou m\u00eame \u00e0 la plage si vous \u00eates Andre, ce couteau est con\u00e7u pour manipuler et exceller dans \u00e0 peu pr\u00e8s tout.<\/p>\n<p>Caract\u00e9ristiques<br \/>\nLongueur de la lame : 10 cm<br \/>\nLongueur totale : 23 cm<br \/>\nMat\u00e9riau de la lame : acier inoxydable CPM-S35VN<br \/>\n\u00c9paisseur de la lame : 0,51 cm<br \/>\nStyle de lame&nbsp;: pointe de lance<br \/>\nMeulage de la lame&nbsp;: Enti\u00e8rement plat<br \/>\nTraitement de surface de la lame : Cerakote marron<br \/>\nMat\u00e9riau du manche : Titane Pluie Acide<br \/>\n\u00c9paisseur du manche : 1,4 cm<br \/>\nM\u00e9canisme de verrouillage&nbsp;:&nbsp;Frame Lock<br \/>\nAssemblage de broches&nbsp;: roulements<br \/>\nClip de poche&nbsp;: titane (relevable, usure droite\/gauche et rabattable, usure droite)<br \/>\nPoids : 7,70 onces.<br \/>\nCr\u00e9ateur : Andr\u00e9 De Villiers<br \/>\nEntretoise arri\u00e8re en titane<br \/>\nFabriqu\u00e9 en Afrique du Sud<\/p>\n<p>&nbsp;<\/p>\n<p>&nbsp;<\/p>\n","protected":false},"excerpt":{"rendered":"<p><strong>Le Trailboss<\/strong> fut le premier couteau pliant d&rsquo;Andr\u00e9 De Villiers.<\/p>\n","protected":false},"featured_media":322476,"comment_status":"open","ping_status":"closed","template":"","meta":[],"pwb-brand":[3822],"product_brand":[],"product_cat":[3700,3696],"product_tag":[3754],"class_list":{"0":"post-322475","1":"product","2":"type-product","3":"status-publish","4":"has-post-thumbnail","6":"pwb-brand-andre-de-villiers-fr","7":"product_cat-couteaux-de-fermeture","8":"product_cat-des-couteaux","9":"product_tag-b2b-fr","11":"first","12":"instock","13":"taxable","14":"shipping-taxable","15":"purchasable","16":"product-type-simple"},"brands":[{"id":3822,"name":"Andr\u00e9 De Villiers","slug":"andre-de-villiers-fr"}],"_links":{"self":[{"href":"https:\/\/www.moskito.cz\/fr\/wp-json\/wp\/v2\/product\/322475","targetHints":{"allow":["GET"]}}],"collection":[{"href":"https:\/\/www.moskito.cz\/fr\/wp-json\/wp\/v2\/product"}],"about":[{"href":"https:\/\/www.moskito.cz\/fr\/wp-json\/wp\/v2\/types\/product"}],"replies":[{"embeddable":true,"href":"https:\/\/www.moskito.cz\/fr\/wp-json\/wp\/v2\/comments?post=322475"}],"wp:featuredmedia":[{"embeddable":true,"href":"https:\/\/www.moskito.cz\/fr\/wp-json\/wp\/v2\/media\/322476"}],"wp:attachment":[{"href":"https:\/\/www.moskito.cz\/fr\/wp-json\/wp\/v2\/media?parent=322475"}],"wp:term":[{"taxonomy":"pwb-brand","embeddable":true,"href":"https:\/\/www.moskito.cz\/fr\/wp-json\/wp\/v2\/pwb-brand?post=322475"},{"taxonomy":"product_brand","embeddable":true,"href":"https:\/\/www.moskito.cz\/fr\/wp-json\/wp\/v2\/product_brand?post=322475"},{"taxonomy":"product_cat","embeddable":true,"href":"https:\/\/www.moskito.cz\/fr\/wp-json\/wp\/v2\/product_cat?post=322475"},{"taxonomy":"product_tag","embeddable":true,"href":"https:\/\/www.moskito.cz\/fr\/wp-json\/wp\/v2\/product_tag?post=322475"}],"curies":[{"name":"wp","href":"https:\/\/api.w.org\/{rel}","templated":true}]}}