{"id":322495,"date":"2023-01-05T21:59:45","date_gmt":"2024-03-20T11:00:25","guid":{"rendered":"https:\/\/www.moskito.cz\/produkt\/couteau-pliant-andre-de-villiers-harpoon-f17-par-green\/"},"modified":"2025-05-07T11:07:11","modified_gmt":"2025-05-07T10:07:11","slug":"couteau-pliant-andre-de-villiers-harpoon-f17-par-green","status":"publish","type":"product","link":"https:\/\/www.moskito.cz\/fr\/produkt\/couteau-pliant-andre-de-villiers-harpoon-f17-par-green\/","title":{"rendered":"Couteau pliant Andre De Villiers HARPOON F17 PAR GREEN"},"content":{"rendered":"<p>Couteau pliant <strong>Andre De Villiers<\/strong> HARPOON F17 PAR GREEN.<\/p>\n<p>Le Harpoon F17 est un couteau tactique d&rsquo;Andr\u00e9 De Villiers qui pourrait \u00eatre son mod\u00e8le le plus sophistiqu\u00e9 \u00e0 ce jour. Il comporte des \u00e9l\u00e9ments du design Butcher qui l&rsquo;ont pr\u00e9c\u00e9d\u00e9, mais l&rsquo;ajout d&rsquo;une deuxi\u00e8me rainure pour le doigt et d&rsquo;une rampe pour le pouce dans la lame ajoute \u00e0 une ergonomie stellaire, tout comme son homologue Hummer. Elle est douce, rapide, tranchante et robuste \u2013 vraiment tout ce que vous pourriez souhaiter dans une lame tactique, et s&rsquo;engage facilement dans des t\u00e2ches d&rsquo;EDC, de chasse ou de survie. Le Harpoon F17 est dot\u00e9 d&rsquo;une lame de harpon en acier inoxydable N690 avec une finition noire d\u00e9lav\u00e9e. Le manche est en titane stone-washed avec une tension parfaitement ex\u00e9cut\u00e9e sur la rampe de pouce et le backspacer.<\/p>\n<p>Le verrou en titane est dot\u00e9 d&rsquo;un m\u00e9canisme de verrouillage \u00e0 insert\/flip int\u00e9gr\u00e9 qui fournit un verrouillage ferme tout en \u00e9tant tr\u00e8s facile \u00e0 d\u00e9sengager. L\u2019action, reposant sur un roulement \u00e0 billes en cage, est pour le moins tr\u00e8s douce. Les changements de vitesse sur les ailerons redessin\u00e9s et la rampe de pouce sont nets et fonctionnels, rien n&rsquo;a \u00e9t\u00e9 n\u00e9glig\u00e9 pour ce design \u00e9tonnant. Le v\u00e9ritable clip de poche en titane frais\u00e9 double face du Harpoon a \u00e9t\u00e9 repens\u00e9 pour permettre une meilleure r\u00e9tention dans les poches de pantalon \u00e9paisses et pr\u00e9sente un design \u00e0 bille roulante. Ce n&rsquo;est peut-\u00eatre pas un couteau d&rsquo;apparence typique, mais prenez-le et vous serez certainement s\u00e9duit par son design avec toutes ses fonctionnalit\u00e9s exceptionnelles et le fait que l&rsquo;action est \u00e0 \u00e9galit\u00e9 avec les meilleurs mod\u00e8les de flip de l&rsquo;industrie.<\/p>\n<p>Caract\u00e9ristiques<br \/>\nLongueur de la lame : 10 cm<br \/>\nLongueur totale : 22 cm<br \/>\nMat\u00e9riau de la lame : acier inoxydable N690<br \/>\nStyle de lame&nbsp;: Harpon<br \/>\nMeulage de la lame&nbsp;:&nbsp;Plat<br \/>\nFinition de la lame&nbsp;: Black Stonewash<br \/>\nMat\u00e9riau du manche : vert, titane frais\u00e9<br \/>\nM\u00e9canisme de verrouillage&nbsp;:&nbsp;cadre<br \/>\nAssemblage de broches&nbsp;: roulements<br \/>\nClip de poche&nbsp;: titane (pliable\/vers le bas, \u00e0 droite)<br \/>\nPoids : 7,4 onces.<br \/>\nCr\u00e9ateur : Andr\u00e9 De Villiers<br \/>\nEntretoise arri\u00e8re en titane<br \/>\nFabriqu\u00e9 en Afrique du Sud<\/p>\n","protected":false},"excerpt":{"rendered":"<p><strong>Andre de Villiers<\/strong> , fondateur d&rsquo;ADV Tactical d&rsquo;Afrique du Sud, est coutelier \u00e0 plein temps depuis 1990.<\/p>\n<p><strong>Ce couteau est un harpon, achetez-en un&nbsp;!<\/strong><\/p>\n","protected":false},"featured_media":322497,"comment_status":"open","ping_status":"closed","template":"","meta":[],"pwb-brand":[3822],"product_brand":[],"product_cat":[3700,3696],"product_tag":[3754],"class_list":{"0":"post-322495","1":"product","2":"type-product","3":"status-publish","4":"has-post-thumbnail","6":"pwb-brand-andre-de-villiers-fr","7":"product_cat-couteaux-de-fermeture","8":"product_cat-des-couteaux","9":"product_tag-b2b-fr","11":"first","12":"instock","13":"taxable","14":"shipping-taxable","15":"purchasable","16":"product-type-simple"},"brands":[{"id":3822,"name":"Andr\u00e9 De Villiers","slug":"andre-de-villiers-fr"}],"_links":{"self":[{"href":"https:\/\/www.moskito.cz\/fr\/wp-json\/wp\/v2\/product\/322495","targetHints":{"allow":["GET"]}}],"collection":[{"href":"https:\/\/www.moskito.cz\/fr\/wp-json\/wp\/v2\/product"}],"about":[{"href":"https:\/\/www.moskito.cz\/fr\/wp-json\/wp\/v2\/types\/product"}],"replies":[{"embeddable":true,"href":"https:\/\/www.moskito.cz\/fr\/wp-json\/wp\/v2\/comments?post=322495"}],"wp:featuredmedia":[{"embeddable":true,"href":"https:\/\/www.moskito.cz\/fr\/wp-json\/wp\/v2\/media\/322497"}],"wp:attachment":[{"href":"https:\/\/www.moskito.cz\/fr\/wp-json\/wp\/v2\/media?parent=322495"}],"wp:term":[{"taxonomy":"pwb-brand","embeddable":true,"href":"https:\/\/www.moskito.cz\/fr\/wp-json\/wp\/v2\/pwb-brand?post=322495"},{"taxonomy":"product_brand","embeddable":true,"href":"https:\/\/www.moskito.cz\/fr\/wp-json\/wp\/v2\/product_brand?post=322495"},{"taxonomy":"product_cat","embeddable":true,"href":"https:\/\/www.moskito.cz\/fr\/wp-json\/wp\/v2\/product_cat?post=322495"},{"taxonomy":"product_tag","embeddable":true,"href":"https:\/\/www.moskito.cz\/fr\/wp-json\/wp\/v2\/product_tag?post=322495"}],"curies":[{"name":"wp","href":"https:\/\/api.w.org\/{rel}","templated":true}]}}