{"id":322513,"date":"2023-01-05T20:43:23","date_gmt":"2024-03-20T11:00:42","guid":{"rendered":"https:\/\/www.moskito.cz\/produkt\/couteau-pliant-andre-de-villiers-savage-savage-partly-rain\/"},"modified":"2025-05-07T11:07:12","modified_gmt":"2025-05-07T10:07:12","slug":"couteau-pliant-andre-de-villiers-savage-savage-partly-rain","status":"publish","type":"product","link":"https:\/\/www.moskito.cz\/fr\/produkt\/couteau-pliant-andre-de-villiers-savage-savage-partly-rain\/","title":{"rendered":"Couteau pliant Andre De Villiers Savage SAVAGE PARTLY RAIN"},"content":{"rendered":"<p>Couteau pliant <strong>Andre De Villiers<\/strong> Savage SAVAGE PARTLY RAIN<\/p>\n<p>Le couteau AdV Savage a une ouverture douce avec un verrou de cadre en titane. Il est dot\u00e9 d&rsquo;un passepoil \u00e0 l&rsquo;arri\u00e8re o\u00f9 repose le pouce pour plus de contr\u00f4le lors de l&rsquo;utilisation. Le manche solide de ce couteau a une jolie finition lisse argent\u00e9e. Il est id\u00e9al pour une utilisation en ext\u00e9rieur comme la randonn\u00e9e, le camping et la p\u00eache, mais c&rsquo;est \u00e9galement un excellent outil \u00e0 conserver dans votre bo\u00eete \u00e0 gants, votre table de chevet, votre bo\u00eete \u00e0 outils ou le tiroir \u00e0 d\u00e9chets de cuisine, afin qu&rsquo;il soit toujours \u00e0 port\u00e9e de main pour les coupes quotidiennes.<\/p>\n<p>Caract\u00e9ristiques<br \/>\nLongueur totale : 23 cm<br \/>\nLongueur de la lame : 10 cm<br \/>\n\u00c9paisseur de la lame : 0,5 cm<br \/>\nMat\u00e9riau de la lame&nbsp;:&nbsp;CPM S35VN<br \/>\nMat\u00e9riau du manche :: Titane<br \/>\nPoids : 8,62 onces.<br \/>\nUtilisateur&nbsp;:&nbsp;main droite, main gauche<br \/>\nClip de poche&nbsp;: r\u00e9versible \u00e0 3 voies<br \/>\nType de couteau : Manuel<br \/>\nOuverture : Flipper, Nail Nick<br \/>\nType de verrouillage&nbsp;:&nbsp;verrouillage du cadre<br \/>\nMarque : Andr\u00e9 de Villiers<br \/>\nMeilleures utilisations&nbsp;: transport quotidien, tactique<\/p>\n","protected":false},"excerpt":{"rendered":"<p>Le couteau AdV Savage a une ouverture douce avec un verrou de cadre en titane.<\/p>\n","protected":false},"featured_media":322516,"comment_status":"open","ping_status":"closed","template":"","meta":[],"pwb-brand":[3822],"product_brand":[],"product_cat":[3700,3696],"product_tag":[3754],"class_list":{"0":"post-322513","1":"product","2":"type-product","3":"status-publish","4":"has-post-thumbnail","6":"pwb-brand-andre-de-villiers-fr","7":"product_cat-couteaux-de-fermeture","8":"product_cat-des-couteaux","9":"product_tag-b2b-fr","11":"first","12":"instock","13":"taxable","14":"shipping-taxable","15":"purchasable","16":"product-type-simple"},"brands":[{"id":3822,"name":"Andr\u00e9 De Villiers","slug":"andre-de-villiers-fr"}],"_links":{"self":[{"href":"https:\/\/www.moskito.cz\/fr\/wp-json\/wp\/v2\/product\/322513","targetHints":{"allow":["GET"]}}],"collection":[{"href":"https:\/\/www.moskito.cz\/fr\/wp-json\/wp\/v2\/product"}],"about":[{"href":"https:\/\/www.moskito.cz\/fr\/wp-json\/wp\/v2\/types\/product"}],"replies":[{"embeddable":true,"href":"https:\/\/www.moskito.cz\/fr\/wp-json\/wp\/v2\/comments?post=322513"}],"wp:featuredmedia":[{"embeddable":true,"href":"https:\/\/www.moskito.cz\/fr\/wp-json\/wp\/v2\/media\/322516"}],"wp:attachment":[{"href":"https:\/\/www.moskito.cz\/fr\/wp-json\/wp\/v2\/media?parent=322513"}],"wp:term":[{"taxonomy":"pwb-brand","embeddable":true,"href":"https:\/\/www.moskito.cz\/fr\/wp-json\/wp\/v2\/pwb-brand?post=322513"},{"taxonomy":"product_brand","embeddable":true,"href":"https:\/\/www.moskito.cz\/fr\/wp-json\/wp\/v2\/product_brand?post=322513"},{"taxonomy":"product_cat","embeddable":true,"href":"https:\/\/www.moskito.cz\/fr\/wp-json\/wp\/v2\/product_cat?post=322513"},{"taxonomy":"product_tag","embeddable":true,"href":"https:\/\/www.moskito.cz\/fr\/wp-json\/wp\/v2\/product_tag?post=322513"}],"curies":[{"name":"wp","href":"https:\/\/api.w.org\/{rel}","templated":true}]}}