{"id":322618,"date":"2023-04-17T19:39:33","date_gmt":"2024-03-20T12:24:05","guid":{"rendered":"https:\/\/www.moskito.cz\/produkt\/couteau-de-fermeture-chaves-knives-ultramar-sangre-229-sw-bg10-bf\/"},"modified":"2025-05-07T11:07:18","modified_gmt":"2025-05-07T10:07:18","slug":"couteau-de-fermeture-chaves-knives-ultramar-sangre-229-sw-bg10-bf","status":"publish","type":"product","link":"https:\/\/www.moskito.cz\/fr\/produkt\/couteau-de-fermeture-chaves-knives-ultramar-sangre-229-sw-bg10-bf\/","title":{"rendered":"Couteau de fermeture Chaves Knives Ultramar Sangre 229\/SW\/BG10\/BF"},"content":{"rendered":"<p>Couteau de fermeture <strong>Chaves Knives<\/strong> Ultramar Sangre 229\/SW\/BG10\/BF<\/p>\n<p>Les couteaux <strong>Chaves Ultramar<\/strong> de Ramon Chavez sont fabriqu\u00e9s par Reate Knives, qui vise \u00e0 proposer ses incroyables couteaux \u00e0 un public plus large. Il existe de nombreux mod\u00e8les diff\u00e9rents, dont la version de production Street de son c\u00e9l\u00e8bre couteau Redencion, embl\u00e9matique dans le monde du couteau. Chacun a son clip de poche en forme de t\u00eate de mort en titane, son insert de verrouillage rempla\u00e7able et sa lame en satin Bohler M390 sur la ceinture. Ils sont parfaits pour un usage quotidien et Reate a parfaitement recr\u00e9\u00e9 l&rsquo;incroyable action de Ramon pour qu&rsquo;ils tournent comme de vrais !<\/p>\n<p>Le Sangre 229 est un animal compl\u00e8tement diff\u00e9rent du Ramon Chavez, avec une fonctionnalit\u00e9 utilitaire au premier plan de sa conception. Si vous recherchez quelque chose de Ramon, mais pas de sa Redencion ou de son fr\u00e8re similaire Liberation, Sangre est le mod\u00e8le qu&rsquo;il vous faut. Il combine une lame Wharncliffe avec un manche en titane mince et biseaut\u00e9 rappelant le c\u00e9l\u00e8bre design 228 de Ramon. Il est extr\u00eamement confortable, m\u00eame avec ses bords carr\u00e9s, et vous obtenez une prise extr\u00eamement ferme sur ce dossier robuste. Le verrou du cadre est \u00e9quip\u00e9 d&rsquo;un insert de barre de verrouillage\/amortisseur de remplacement rempla\u00e7able et le couteau est compl\u00e9t\u00e9 par une entretoise partielle en titane. Si Ramon Chavez est sur votre liste de souhaits depuis un certain temps mais reste hors de votre fourchette de prix, alors jetez un \u0153il au Chaves Ultramar. Pour le prix, il n&rsquo;y a pas de meilleur couteau de production de milieu de gamme auquel nous puissions penser.<\/p>\n<p>Caract\u00e9ristiques<br \/>\nLongueur de la lame : 9,37 cm<br \/>\nTranchant : 8,43 cm<br \/>\nLongueur ferm\u00e9 : 11,25 cm<br \/>\nLongueur totale : 20,62 cm<br \/>\nMat\u00e9riau de la lame : acier inoxydable Bohler M390<br \/>\n\u00c9paisseur de la lame : 0,39 cm<br \/>\nStyle de lame&nbsp;: Wharncliffe<br \/>\nMeulage de la lame&nbsp;:&nbsp;Plat<br \/>\nFinition de la lame&nbsp;:&nbsp;Ceinture satin\u00e9e<br \/>\nMat\u00e9riau du manche&nbsp;: G10 noir et titane d\u00e9lav\u00e9<br \/>\n\u00c9paisseur du manche : 1,35 cm<br \/>\nM\u00e9canisme de verrouillage&nbsp;:&nbsp;Frame Lock<br \/>\nAssemblage de broches&nbsp;: roulements<br \/>\nClip de poche : Titane (pliable, usure droite)<br \/>\nPoids : 4,80 onces.<br \/>\nCr\u00e9ateur : Ramon Ch\u00e1vez<br \/>\nEntretoise arri\u00e8re en titane<\/p>\n","protected":false},"excerpt":{"rendered":"<p><strong>Les couteaux Chaves sont con\u00e7us pour une utilisation intensive et sont fabriqu\u00e9s \u00e0 partir des meilleurs mat\u00e9riaux pour une durabilit\u00e9 et une r\u00e9tention des bords. Plus qu&rsquo;un simple couteau fonctionnel, un outil de coupe s\u00e9rieux qui durera toute une vie.<\/strong><\/p>\n<p><strong>Ramon et Lorrie Ch\u00e1vez.<\/strong><\/p>\n","protected":false},"featured_media":322623,"comment_status":"open","ping_status":"closed","template":"","meta":[],"pwb-brand":[3830],"product_brand":[],"product_cat":[3700,3696],"product_tag":[3754],"class_list":{"0":"post-322618","1":"product","2":"type-product","3":"status-publish","4":"has-post-thumbnail","6":"pwb-brand-couteaux-chaves","7":"product_cat-couteaux-de-fermeture","8":"product_cat-des-couteaux","9":"product_tag-b2b-fr","11":"first","12":"instock","13":"taxable","14":"shipping-taxable","15":"purchasable","16":"product-type-simple"},"brands":[{"id":3830,"name":"Couteaux Chaves","slug":"couteaux-chaves"}],"_links":{"self":[{"href":"https:\/\/www.moskito.cz\/fr\/wp-json\/wp\/v2\/product\/322618","targetHints":{"allow":["GET"]}}],"collection":[{"href":"https:\/\/www.moskito.cz\/fr\/wp-json\/wp\/v2\/product"}],"about":[{"href":"https:\/\/www.moskito.cz\/fr\/wp-json\/wp\/v2\/types\/product"}],"replies":[{"embeddable":true,"href":"https:\/\/www.moskito.cz\/fr\/wp-json\/wp\/v2\/comments?post=322618"}],"wp:featuredmedia":[{"embeddable":true,"href":"https:\/\/www.moskito.cz\/fr\/wp-json\/wp\/v2\/media\/322623"}],"wp:attachment":[{"href":"https:\/\/www.moskito.cz\/fr\/wp-json\/wp\/v2\/media?parent=322618"}],"wp:term":[{"taxonomy":"pwb-brand","embeddable":true,"href":"https:\/\/www.moskito.cz\/fr\/wp-json\/wp\/v2\/pwb-brand?post=322618"},{"taxonomy":"product_brand","embeddable":true,"href":"https:\/\/www.moskito.cz\/fr\/wp-json\/wp\/v2\/product_brand?post=322618"},{"taxonomy":"product_cat","embeddable":true,"href":"https:\/\/www.moskito.cz\/fr\/wp-json\/wp\/v2\/product_cat?post=322618"},{"taxonomy":"product_tag","embeddable":true,"href":"https:\/\/www.moskito.cz\/fr\/wp-json\/wp\/v2\/product_tag?post=322618"}],"curies":[{"name":"wp","href":"https:\/\/api.w.org\/{rel}","templated":true}]}}