{"id":322734,"date":"2023-04-17T22:18:07","date_gmt":"2024-03-20T12:24:37","guid":{"rendered":"https:\/\/www.moskito.cz\/produkt\/couteau-de-fermeture-chaves-knives-tak-flipper-ultramar-satin-tak-rdp-bg10-bf\/"},"modified":"2025-05-07T11:07:20","modified_gmt":"2025-05-07T10:07:20","slug":"couteau-de-fermeture-chaves-knives-tak-flipper-ultramar-satin-tak-rdp-bg10-bf","status":"publish","type":"product","link":"https:\/\/www.moskito.cz\/fr\/produkt\/couteau-de-fermeture-chaves-knives-tak-flipper-ultramar-satin-tak-rdp-bg10-bf\/","title":{"rendered":"Couteau de fermeture Chaves Knives TAK Flipper Ultramar Satin TAK\/RDP\/BG10\/BF"},"content":{"rendered":"<p>Couteau de fermeture <strong>Chaves Knives<\/strong> TAK Flipper Ultramar Satin TAK\/RDP\/BG10\/BF<\/p>\n<p>Les couteaux <strong>Chaves Ultramar<\/strong> de Ramon Chavez sont fabriqu\u00e9s par Reate Knives, qui vise \u00e0 proposer ses incroyables couteaux \u00e0 un public plus large. Chaque mod\u00e8le pr\u00e9sente son clip de poche en forme de t\u00eate de mort en titane et sa construction solide comme le roc. Ils sont parfaits pour un usage quotidien et Reate a parfaitement reproduit l&rsquo;incroyable action de Ramon pour qu&rsquo;ils tournent comme les vrais !<\/p>\n<p>Ce couteau TAK Tiny Ass est une version encore plus petite du Redencion Street et pourrait bien \u00eatre le couteau EDC compact parfait. Il est id\u00e9al pour couper rapidement avec une action ultra-rapide et une prise confortable \u00e0 trois doigts. La forme carr\u00e9e est vraiment utile ici et cr\u00e9e une prise plus ferme sur ce petit bonhomme. Nous avons \u00e9t\u00e9 tr\u00e8s impressionn\u00e9s par ce design de Ramon, il semble qu&rsquo;il soit trop petit mais il fonctionne vraiment lorsque vous poussez. Vous n&rsquo;avez pas besoin de plus que cela pour un transport quotidien, et si vous recherchez un couteau \u00e0 pince \u00e0 billets, celui-ci pourrait \u00eatre le meilleur que nous proposons. C&rsquo;est incroyable.<\/p>\n<p>Caract\u00e9ristiques<br \/>\nLongueur de la lame : 6,87 cm<br \/>\nTranchant : 6,5 cm<br \/>\nLongueur ferm\u00e9 : 8,7 cm<br \/>\nLongueur totale : 15,57 cm<br \/>\nMat\u00e9riau de la lame : acier inoxydable Bohler M390<br \/>\n\u00c9paisseur de la lame : 0,37 cm<br \/>\nStyle de lame&nbsp;:&nbsp;pointe de chute<br \/>\nMeulage de lame&nbsp;: M\u00e9lange<br \/>\nFinition de la lame&nbsp;:&nbsp;Ceinture satin\u00e9e<br \/>\nMat\u00e9riau du manche : G10 noir<br \/>\n\u00c9paisseur du manche : 1,27 cm<br \/>\nMat\u00e9riau de l&rsquo;insert&nbsp;: Titane<br \/>\nM\u00e9canisme de verrouillage : Liner Lock<br \/>\nAssemblage de broches&nbsp;: roulements<br \/>\nClip de poche : Titane (pliable, usure droite\/gauche)<br \/>\nPoids : 2,96 onces.<br \/>\nCr\u00e9ateur : Ramon Ch\u00e1vez<\/p>\n","protected":false},"excerpt":{"rendered":"<p><strong>Les couteaux Chaves sont con\u00e7us pour une utilisation intensive et sont fabriqu\u00e9s \u00e0 partir des meilleurs mat\u00e9riaux pour une durabilit\u00e9 et une r\u00e9tention des bords. Plus qu&rsquo;un simple couteau fonctionnel, un outil de coupe s\u00e9rieux qui durera toute une vie.<\/strong><\/p>\n<p><strong>Ramon et Lorrie Ch\u00e1vez.<\/strong><\/p>\n","protected":false},"featured_media":322735,"comment_status":"open","ping_status":"closed","template":"","meta":[],"pwb-brand":[3830],"product_brand":[],"product_cat":[3700,3696],"product_tag":[3754],"class_list":{"0":"post-322734","1":"product","2":"type-product","3":"status-publish","4":"has-post-thumbnail","6":"pwb-brand-couteaux-chaves","7":"product_cat-couteaux-de-fermeture","8":"product_cat-des-couteaux","9":"product_tag-b2b-fr","11":"first","12":"instock","13":"taxable","14":"shipping-taxable","15":"purchasable","16":"product-type-simple"},"brands":[{"id":3830,"name":"Couteaux Chaves","slug":"couteaux-chaves"}],"_links":{"self":[{"href":"https:\/\/www.moskito.cz\/fr\/wp-json\/wp\/v2\/product\/322734","targetHints":{"allow":["GET"]}}],"collection":[{"href":"https:\/\/www.moskito.cz\/fr\/wp-json\/wp\/v2\/product"}],"about":[{"href":"https:\/\/www.moskito.cz\/fr\/wp-json\/wp\/v2\/types\/product"}],"replies":[{"embeddable":true,"href":"https:\/\/www.moskito.cz\/fr\/wp-json\/wp\/v2\/comments?post=322734"}],"wp:featuredmedia":[{"embeddable":true,"href":"https:\/\/www.moskito.cz\/fr\/wp-json\/wp\/v2\/media\/322735"}],"wp:attachment":[{"href":"https:\/\/www.moskito.cz\/fr\/wp-json\/wp\/v2\/media?parent=322734"}],"wp:term":[{"taxonomy":"pwb-brand","embeddable":true,"href":"https:\/\/www.moskito.cz\/fr\/wp-json\/wp\/v2\/pwb-brand?post=322734"},{"taxonomy":"product_brand","embeddable":true,"href":"https:\/\/www.moskito.cz\/fr\/wp-json\/wp\/v2\/product_brand?post=322734"},{"taxonomy":"product_cat","embeddable":true,"href":"https:\/\/www.moskito.cz\/fr\/wp-json\/wp\/v2\/product_cat?post=322734"},{"taxonomy":"product_tag","embeddable":true,"href":"https:\/\/www.moskito.cz\/fr\/wp-json\/wp\/v2\/product_tag?post=322734"}],"curies":[{"name":"wp","href":"https:\/\/api.w.org\/{rel}","templated":true}]}}