{"id":322803,"date":"2023-04-18T19:45:44","date_gmt":"2024-03-20T12:25:02","guid":{"rendered":"https:\/\/www.moskito.cz\/produkt\/chaves-knives-couteau-pliant-ultramar-liberation-stonewashed-titanium-st-ldp-bg10-bf\/"},"modified":"2025-05-07T11:07:21","modified_gmt":"2025-05-07T10:07:21","slug":"chaves-knives-couteau-pliant-ultramar-liberation-stonewashed-titanium-st-ldp-bg10-bf","status":"publish","type":"product","link":"https:\/\/www.moskito.cz\/fr\/produkt\/chaves-knives-couteau-pliant-ultramar-liberation-stonewashed-titanium-st-ldp-bg10-bf\/","title":{"rendered":"Chaves Knives Couteau pliant Ultramar Liberation Stonewashed Titanium ST\/LDP\/BG10\/BF"},"content":{"rendered":"<p><strong>Chaves Knives Couteau<\/strong> pliant Ultramar Liberation Stonewashed Titanium ST\/LDP\/BG10\/BF<\/p>\n<p>Les couteaux Chaves Ultramar de Ramon Chavez sont fabriqu\u00e9s par Reate Knives, qui vise \u00e0 proposer ses incroyables couteaux \u00e0 un public plus large. Il existe de nombreux mod\u00e8les diff\u00e9rents, dont la version de production Street de son c\u00e9l\u00e8bre couteau Redencion, embl\u00e9matique dans le monde du couteau. Chacun ressemble \u00e0 l\u2019un de ses techniciens interm\u00e9diaires et comporte son clip de poche en forme de t\u00eate de mort en titane. Ils sont parfaits pour un usage quotidien et Reate a parfaitement recr\u00e9\u00e9 l&rsquo;incroyable action de Ramon pour qu&rsquo;ils tournent comme de vrais !<\/p>\n<p>Cette Liberation Street est une variante du mod\u00e8le Redencion, mais avec une lame et un profil de manche plus fins. Il comprend une surface \u00e0 ailettes pour un d\u00e9ploiement plus rapide et plus intuitif, qui fonctionne \u00e9galement comme prot\u00e8ge-doigts en position ouverte. La lame fine \u00e0 pointe tombante est associ\u00e9e \u00e0 un manche angulaire en G10 et en titane con\u00e7u pour une portabilit\u00e9 facile. Le verrou du cadre est \u00e9quip\u00e9 d&rsquo;un insert de barre de verrouillage rempla\u00e7able et le couteau est compl\u00e9t\u00e9 par un backspacer partiel en titane. Si Ramon Chavez est sur votre liste de souhaits depuis un certain temps mais reste hors de votre fourchette de prix, alors jetez un \u0153il au Chaves Ultramar. Pour le prix, il n&rsquo;y a pas de meilleur couteau de production de milieu de gamme auquel nous puissions penser.<\/p>\n<p>Caract\u00e9ristiques<br \/>\nLongueur de la lame : 8,43 cm<br \/>\nTranchant : 7,37 cm<br \/>\nLongueur ferm\u00e9 : 10,5 cm<br \/>\nLongueur totale : 18,75 cm<br \/>\nMat\u00e9riau de la lame : acier inoxydable M390<br \/>\n\u00c9paisseur de la lame : 0,4 cm<br \/>\nStyle de lame&nbsp;:&nbsp;pointe de chute<br \/>\nMeulage de la lame&nbsp;: creux<br \/>\nFinition de la lame&nbsp;:&nbsp;Ceinture satin\u00e9e<br \/>\nMat\u00e9riau du manche&nbsp;: G10 noir et titane d\u00e9lav\u00e9<br \/>\n\u00c9paisseur du manche : 1,36 cm<br \/>\nM\u00e9canisme de verrouillage&nbsp;:&nbsp;Frame Lock<br \/>\nAssemblage de broches&nbsp;: roulements<br \/>\nClip de poche&nbsp;:&nbsp;Titane d\u00e9lav\u00e9 (basculement, transport \u00e0 droite)<br \/>\nPoids : 4,09 onces<br \/>\nCr\u00e9ateur : Ramon Ch\u00e1vez<br \/>\nEntretoise arri\u00e8re en titane<\/p>\n","protected":false},"excerpt":{"rendered":"<p><strong>Les couteaux Chaves sont con\u00e7us pour une utilisation intensive et sont fabriqu\u00e9s \u00e0 partir des meilleurs mat\u00e9riaux pour une durabilit\u00e9 et une r\u00e9tention des bords. Plus qu&rsquo;un simple couteau fonctionnel, un outil de coupe s\u00e9rieux qui durera toute une vie.<\/strong><\/p>\n<p><strong>Ramon et Lorrie Ch\u00e1vez.<\/strong><\/p>\n","protected":false},"featured_media":322816,"comment_status":"open","ping_status":"closed","template":"","meta":[],"pwb-brand":[3830],"product_brand":[],"product_cat":[3700,3696],"product_tag":[3754],"class_list":{"0":"post-322803","1":"product","2":"type-product","3":"status-publish","4":"has-post-thumbnail","6":"pwb-brand-couteaux-chaves","7":"product_cat-couteaux-de-fermeture","8":"product_cat-des-couteaux","9":"product_tag-b2b-fr","11":"first","12":"instock","13":"taxable","14":"shipping-taxable","15":"purchasable","16":"product-type-simple"},"brands":[{"id":3830,"name":"Couteaux Chaves","slug":"couteaux-chaves"}],"_links":{"self":[{"href":"https:\/\/www.moskito.cz\/fr\/wp-json\/wp\/v2\/product\/322803","targetHints":{"allow":["GET"]}}],"collection":[{"href":"https:\/\/www.moskito.cz\/fr\/wp-json\/wp\/v2\/product"}],"about":[{"href":"https:\/\/www.moskito.cz\/fr\/wp-json\/wp\/v2\/types\/product"}],"replies":[{"embeddable":true,"href":"https:\/\/www.moskito.cz\/fr\/wp-json\/wp\/v2\/comments?post=322803"}],"wp:featuredmedia":[{"embeddable":true,"href":"https:\/\/www.moskito.cz\/fr\/wp-json\/wp\/v2\/media\/322816"}],"wp:attachment":[{"href":"https:\/\/www.moskito.cz\/fr\/wp-json\/wp\/v2\/media?parent=322803"}],"wp:term":[{"taxonomy":"pwb-brand","embeddable":true,"href":"https:\/\/www.moskito.cz\/fr\/wp-json\/wp\/v2\/pwb-brand?post=322803"},{"taxonomy":"product_brand","embeddable":true,"href":"https:\/\/www.moskito.cz\/fr\/wp-json\/wp\/v2\/product_brand?post=322803"},{"taxonomy":"product_cat","embeddable":true,"href":"https:\/\/www.moskito.cz\/fr\/wp-json\/wp\/v2\/product_cat?post=322803"},{"taxonomy":"product_tag","embeddable":true,"href":"https:\/\/www.moskito.cz\/fr\/wp-json\/wp\/v2\/product_tag?post=322803"}],"curies":[{"name":"wp","href":"https:\/\/api.w.org\/{rel}","templated":true}]}}