{"id":322822,"date":"2023-04-18T21:14:41","date_gmt":"2024-03-20T12:25:07","guid":{"rendered":"https:\/\/www.moskito.cz\/produkt\/chaves-knives-ultramar-stylo-a-boulon-en-titane-massif-pen-ba-sswti\/"},"modified":"2025-05-07T11:07:21","modified_gmt":"2025-05-07T10:07:21","slug":"chaves-knives-ultramar-stylo-a-boulon-en-titane-massif-pen-ba-sswti","status":"publish","type":"product","link":"https:\/\/www.moskito.cz\/fr\/produkt\/chaves-knives-ultramar-stylo-a-boulon-en-titane-massif-pen-ba-sswti\/","title":{"rendered":"Chaves Knives Ultramar Stylo \u00e0 boulon en titane massif PEN\/BA\/SSWTI"},"content":{"rendered":"<p><strong>Chaves Knives<\/strong> Ultramar Stylo \u00e0 boulon en titane massif PEN\/BA\/SSWTI<\/p>\n<p>Le Chaves Bolt Action Pen est fabriqu\u00e9 en titane solide avec une belle forme pour vos doigts qui permet une utilisation ergonomique. Le Schmidt easyFLOW 9000 M \u00e9crit de mani\u00e8re extr\u00eamement fluide et est facile \u00e0 mettre en place. Vous pourriez ricaner, mais ce n\u2019est pas toujours le cas, et nous sommes heureux de le voir ici. Le stylo \u00e0 action Chaves Bolt a une sensation extr\u00eamement solide, comme s&rsquo;il pouvait tout g\u00e9rer tout en laissant une belle signature. Dot\u00e9 de la poche cr\u00e2nienne en titane de marque Ramon qui est l&rsquo;une des meilleures, sinon la meilleure du secteur, il a \u00e9t\u00e9 fi\u00e8rement fabriqu\u00e9 par Reate Knives.<\/p>\n<p>Caract\u00e9ristiques:<br \/>\nMat\u00e9riel: Titane<br \/>\nLongueur totale : 12,24 cm<br \/>\n\u00c9paisseur : 1,27 cm<br \/>\nPoids : 1,76 onces. (50 grammes)<br \/>\nRecharge : Schmidt easyFLOW 9000 M<br \/>\nCr\u00e9ateur : Ramon Ch\u00e1vez<\/p>\n","protected":false},"excerpt":{"rendered":"<p><strong>Les couteaux Chaves sont con\u00e7us pour une utilisation intensive et sont fabriqu\u00e9s \u00e0 partir des meilleurs mat\u00e9riaux pour une durabilit\u00e9 et une r\u00e9tention des bords. Plus qu&rsquo;un simple couteau fonctionnel, un outil de coupe s\u00e9rieux qui durera toute une vie.<\/strong><\/p>\n<p><strong>Ramon et Lorrie Ch\u00e1vez.<\/strong><\/p>\n","protected":false},"featured_media":322825,"comment_status":"open","ping_status":"closed","template":"","meta":[],"pwb-brand":[3830],"product_brand":[],"product_cat":[3700,3696],"product_tag":[3754],"class_list":{"0":"post-322822","1":"product","2":"type-product","3":"status-publish","4":"has-post-thumbnail","6":"pwb-brand-couteaux-chaves","7":"product_cat-couteaux-de-fermeture","8":"product_cat-des-couteaux","9":"product_tag-b2b-fr","11":"first","12":"outofstock","13":"taxable","14":"shipping-taxable","15":"purchasable","16":"product-type-simple"},"brands":[{"id":3830,"name":"Couteaux Chaves","slug":"couteaux-chaves"}],"_links":{"self":[{"href":"https:\/\/www.moskito.cz\/fr\/wp-json\/wp\/v2\/product\/322822","targetHints":{"allow":["GET"]}}],"collection":[{"href":"https:\/\/www.moskito.cz\/fr\/wp-json\/wp\/v2\/product"}],"about":[{"href":"https:\/\/www.moskito.cz\/fr\/wp-json\/wp\/v2\/types\/product"}],"replies":[{"embeddable":true,"href":"https:\/\/www.moskito.cz\/fr\/wp-json\/wp\/v2\/comments?post=322822"}],"wp:featuredmedia":[{"embeddable":true,"href":"https:\/\/www.moskito.cz\/fr\/wp-json\/wp\/v2\/media\/322825"}],"wp:attachment":[{"href":"https:\/\/www.moskito.cz\/fr\/wp-json\/wp\/v2\/media?parent=322822"}],"wp:term":[{"taxonomy":"pwb-brand","embeddable":true,"href":"https:\/\/www.moskito.cz\/fr\/wp-json\/wp\/v2\/pwb-brand?post=322822"},{"taxonomy":"product_brand","embeddable":true,"href":"https:\/\/www.moskito.cz\/fr\/wp-json\/wp\/v2\/product_brand?post=322822"},{"taxonomy":"product_cat","embeddable":true,"href":"https:\/\/www.moskito.cz\/fr\/wp-json\/wp\/v2\/product_cat?post=322822"},{"taxonomy":"product_tag","embeddable":true,"href":"https:\/\/www.moskito.cz\/fr\/wp-json\/wp\/v2\/product_tag?post=322822"}],"curies":[{"name":"wp","href":"https:\/\/api.w.org\/{rel}","templated":true}]}}