{"id":322996,"date":"2024-03-20T14:20:58","date_gmt":"2024-03-20T13:24:20","guid":{"rendered":"https:\/\/www.moskito.cz\/produkt\/couteau-fixe-spartan-blades-damysus-sbsl003\/"},"modified":"2025-05-07T11:07:25","modified_gmt":"2025-05-07T10:07:25","slug":"couteau-fixe-spartan-blades-damysus-sbsl003","status":"publish","type":"product","link":"https:\/\/www.moskito.cz\/fr\/produkt\/couteau-fixe-spartan-blades-damysus-sbsl003\/","title":{"rendered":"Couteau Fixe Spartan Blades Damysus SBSL003"},"content":{"rendered":"<p>Couteau Fixe <strong>Spartan Blades<\/strong> Damysus SBSL003<\/p>\n<p><strong>Damysu<\/strong> s&nbsp;: Lib\u00e9rez un pouvoir mythique entre vos mains<\/p>\n<p>Dans le royaume de la mythologie grecque, <strong>Damysus<\/strong> r\u00e9gnait en ma\u00eetre en tant que g\u00e9ant le plus rapide, et maintenant cette essence l\u00e9gendaire est encapsul\u00e9e dans le couteau Damysus \u2013 une cr\u00e9ation des artisans qualifi\u00e9s de KA-BAR Knives \u00e0 Olean, NY, \u00c9tats-Unis. Cette lame massive est soigneusement con\u00e7ue pour servir de couteau de combat et utilitaire polyvalent, incarnant la puissance et la vitesse de son homonyme mythique.<\/p>\n<p>Propri\u00e9t\u00e9s cl\u00e9s&nbsp;:<\/p>\n<p>Performance globale : avec un bord droit et une pointe robuste, le Damysus est con\u00e7u pour exceller dans de nombreuses t\u00e2ches. Ses \u00e9cailles pleine soie et Canvas Micarta garantissent qu&rsquo;il r\u00e9pondra aux exigences des situations les plus exigeantes.<\/p>\n<p>Force de la pointe : Si la force de la pointe est primordiale pour vos besoins, le Damysus est le couteau de choix. Sa construction robuste le rend adapt\u00e9 aux manipulations o\u00f9 la r\u00e9sistance de la pointe est essentielle.<\/p>\n<p>Fabriqu\u00e9 avec expertise : fabriqu\u00e9 avec pr\u00e9cision et d\u00e9vouement par les artisans qualifi\u00e9s de KA-BAR Knives, situ\u00e9 \u00e0 Olean, New York, \u00c9tats-Unis, le Damysus est un t\u00e9moignage du savoir-faire am\u00e9ricain.<\/p>\n<p>Attrait visuel&nbsp;: le rev\u00eatement en poudre noire conf\u00e8re au Damysus une finition \u00e9l\u00e9gante et am\u00e9liore sa durabilit\u00e9 et son esth\u00e9tique tactique.<\/p>\n<p>Caract\u00e9ristiques:<\/p>\n<p>Nom du couteau : Damysus<br \/>\nConcepteur(s): Iovito<br \/>\nLongueur totale : 127 cm<br \/>\nLongueur de la lame : 14 cm<br \/>\nAcier de la lame : 1095 Cro-Van (origine allemande)<br \/>\nDuret\u00e9 de la lame&nbsp;: 56-58 HRC<br \/>\nStyle de lame&nbsp;: Solide&nbsp;&#8211;&nbsp;Point de chute&nbsp;&#8211;&nbsp;Surface plane<br \/>\nRev\u00eatement : rev\u00eatement en poudre noire<br \/>\nMat\u00e9riau du manche : CE Canvas Micarta\u00ae (noir ou vert)<br \/>\nBo\u00eetier&nbsp;: bo\u00eetier moul\u00e9 par injection avec levier de r\u00e9tention actif pour le pouce<br \/>\nPoids&nbsp;: 0,5630 LBS (couteau)<\/p>\n<p><iframe title=\"Spartan Blades Company Knife Company Story with Co-Founders Mark Carey and Curtis Iovito.\" width=\"800\" height=\"450\" src=\"https:\/\/www.youtube.com\/embed\/S-EVJgZR57Y?feature=oembed\" frameborder=\"0\" allow=\"accelerometer; autoplay; clipboard-write; encrypted-media; gyroscope; picture-in-picture; web-share\" allowfullscreen><\/iframe><\/p>\n<p>&nbsp;<\/p>\n<p>&nbsp;<\/p>\n<p>&nbsp;<\/p>\n","protected":false},"excerpt":{"rendered":"<p><strong>\u00c9levez votre collection de lames avec le Damysus, un couteau con\u00e7u pour honorer la vitesse et la puissance de la mythologie grecque. Con\u00e7u pour la polyvalence et la durabilit\u00e9, le Damysus est pr\u00eat \u00e0 affronter facilement vos t\u00e2ches les plus difficiles. Adoptez un pouvoir mythique entre vos mains et ma\u00eetrisez Damysus pour une exp\u00e9rience de combat et d&rsquo;utilit\u00e9 sans pr\u00e9c\u00e9dent.<\/strong><\/p>\n<p><strong>Transports gratuits.<\/strong><\/p>\n","protected":false},"featured_media":322954,"comment_status":"open","ping_status":"closed","template":"","meta":[],"pwb-brand":[3837],"product_brand":[],"product_cat":[3697,3696],"product_tag":[3754],"class_list":{"0":"post-322996","1":"product","2":"type-product","3":"status-publish","4":"has-post-thumbnail","6":"pwb-brand-lames-spartiates","7":"product_cat-couteaux-solides","8":"product_cat-des-couteaux","9":"product_tag-b2b-fr","11":"first","12":"instock","13":"taxable","14":"shipping-taxable","15":"purchasable","16":"product-type-simple"},"brands":[{"id":3837,"name":"Lames spartiates","slug":"lames-spartiates"}],"_links":{"self":[{"href":"https:\/\/www.moskito.cz\/fr\/wp-json\/wp\/v2\/product\/322996","targetHints":{"allow":["GET"]}}],"collection":[{"href":"https:\/\/www.moskito.cz\/fr\/wp-json\/wp\/v2\/product"}],"about":[{"href":"https:\/\/www.moskito.cz\/fr\/wp-json\/wp\/v2\/types\/product"}],"replies":[{"embeddable":true,"href":"https:\/\/www.moskito.cz\/fr\/wp-json\/wp\/v2\/comments?post=322996"}],"wp:featuredmedia":[{"embeddable":true,"href":"https:\/\/www.moskito.cz\/fr\/wp-json\/wp\/v2\/media\/322954"}],"wp:attachment":[{"href":"https:\/\/www.moskito.cz\/fr\/wp-json\/wp\/v2\/media?parent=322996"}],"wp:term":[{"taxonomy":"pwb-brand","embeddable":true,"href":"https:\/\/www.moskito.cz\/fr\/wp-json\/wp\/v2\/pwb-brand?post=322996"},{"taxonomy":"product_brand","embeddable":true,"href":"https:\/\/www.moskito.cz\/fr\/wp-json\/wp\/v2\/product_brand?post=322996"},{"taxonomy":"product_cat","embeddable":true,"href":"https:\/\/www.moskito.cz\/fr\/wp-json\/wp\/v2\/product_cat?post=322996"},{"taxonomy":"product_tag","embeddable":true,"href":"https:\/\/www.moskito.cz\/fr\/wp-json\/wp\/v2\/product_tag?post=322996"}],"curies":[{"name":"wp","href":"https:\/\/api.w.org\/{rel}","templated":true}]}}