{"id":323037,"date":"2024-03-20T14:41:31","date_gmt":"2024-03-20T13:44:54","guid":{"rendered":"https:\/\/www.moskito.cz\/produkt\/couteau-fixe-harsey-defensa-spartan-blades\/"},"modified":"2025-05-07T11:07:27","modified_gmt":"2025-05-07T10:07:27","slug":"couteau-fixe-harsey-defensa-spartan-blades","status":"publish","type":"product","link":"https:\/\/www.moskito.cz\/fr\/produkt\/couteau-fixe-harsey-defensa-spartan-blades\/","title":{"rendered":"Couteau fixe Harsey Defensa Spartan Blades"},"content":{"rendered":"<p>Couteau fixe Harsey Defensa <strong>Spartan Blades<\/strong> .<\/p>\n<p><strong>Lames spartiates | D\u00e9fense Harsey<\/strong><\/p>\n<p>En 1943, une bataille eut lieu en Italie entre les premi\u00e8res forces sp\u00e9ciales am\u00e9ricano-canadiennes et les troupes allemandes. Une performance audacieuse des forces am\u00e9ricaines et canadiennes, connue sous le nom de bataille de Monte la Difensa, fut essentielle \u00e0 la victoire \u00e9ventuelle des Alli\u00e9s en Italie.<\/p>\n<p>Lorsque les Forces sp\u00e9ciales canadiennes ont charg\u00e9 <strong>Spartan Blades<\/strong> et le ma\u00eetre coutelier William Harsey de fabriquer une lame pour eux, nous savions que nous voulions cr\u00e9er quelque chose de sp\u00e9cial. Notre objectif \u00e9tait de cr\u00e9er un couteau qui servirait bien leurs forces sp\u00e9ciales pendant des ann\u00e9es \u2013 \u00e0 la fois dans les for\u00eats du nord de leur pays et lors de d\u00e9ploiements mondiaux. Le r\u00e9sultat fut la D\u00e9fense Spartan Harsey, du nom de la victoire tristement c\u00e9l\u00e8bre et \u00e2prement disput\u00e9e obtenue gr\u00e2ce \u00e0 la coop\u00e9ration des forces canadiennes et am\u00e9ricaines.<\/p>\n<p>Le nom en dit long sur l&rsquo;excellente utilisation polyvalente de ce couteau tactique sur le terrain et sur le champ de bataille. Le profil de la pointe de lance de ce couteau fabriqu\u00e9 \u00e0 la main est plat, avec un bord sup\u00e9rieur biseaut\u00e9 qui offre une excellente r\u00e9sistance de la pointe, un \u00e9quilibre de p\u00e9n\u00e9tration et une capacit\u00e9 de coupe nette.<\/p>\n<p><strong>La poign\u00e9e compl\u00e8te du Spartan Harsey Difensa<\/strong> permet un \u00e9quilibre neutre dans la main de l&rsquo;utilisateur. Combin\u00e9 avec un manche en toile Micarta textur\u00e9 et ergonomique \u2013 modifi\u00e9 \u00e0 partir de notre mod\u00e8le II sans moletage arri\u00e8re \u2013 ce couteau de combat personnalis\u00e9 offre \u00e0 son utilisateur une prise confortable et s\u00fbre, humide et sec.<\/p>\n<p>Caract\u00e9ristiques:<br \/>\nLongueur totale : 29,52 cm<br \/>\nLongueur de la lame : 15,87 cm<br \/>\n\u00c9paisseur de la lame : 0,47 cm<br \/>\nAcier de la lame&nbsp;: CPM S45VN \u00e0 59-60 HRC<br \/>\nTraitement de surface de la lame&nbsp;: traitement de surface FDE<br \/>\nStyle de lame&nbsp;: pointe de lance<br \/>\nStyle de bordure&nbsp;:&nbsp;Unie<br \/>\nMat\u00e9riau du manche : Micarta noir<br \/>\nPoids&nbsp;: 11,36 onces (322,06 g)<br \/>\nTang&nbsp;: complet<br \/>\nFabricant R\u00e9f. #&nbsp;: SB19DEBKNLMC<br \/>\nPays d&rsquo;origine : \u00c9tats-Unis<\/p>\n<p><iframe title=\"Spartan Blades Company Knife Company Story with Co-Founders Mark Carey and Curtis Iovito.\" width=\"800\" height=\"450\" src=\"https:\/\/www.youtube.com\/embed\/S-EVJgZR57Y?feature=oembed\" frameborder=\"0\" allow=\"accelerometer; autoplay; clipboard-write; encrypted-media; gyroscope; picture-in-picture; web-share\" allowfullscreen><\/iframe><\/p>\n<p>&nbsp;<\/p>\n","protected":false},"excerpt":{"rendered":"<p>Couteau fixe Harsey Defensa Spartan Blades . Lames spartiates | D\u00e9fense Harsey En 1943, une bataille eut lieu en Italie entre les premi\u00e8res forces sp\u00e9ciales am\u00e9ricano-canadiennes et les troupes allemandes. Une performance audacieuse des forces am\u00e9ricaines et canadiennes, connue sous le nom de bataille de Monte la Difensa, fut essentielle \u00e0 la victoire \u00e9ventuelle des [&hellip;]<\/p>\n","protected":false},"featured_media":323003,"comment_status":"open","ping_status":"closed","template":"","meta":[],"pwb-brand":[3837],"product_brand":[],"product_cat":[3697,3696],"product_tag":[3754],"class_list":{"0":"post-323037","1":"product","2":"type-product","3":"status-publish","4":"has-post-thumbnail","6":"pwb-brand-lames-spartiates","7":"product_cat-couteaux-solides","8":"product_cat-des-couteaux","9":"product_tag-b2b-fr","11":"first","12":"outofstock","13":"taxable","14":"shipping-taxable","15":"purchasable","16":"product-type-simple"},"brands":[{"id":3837,"name":"Lames spartiates","slug":"lames-spartiates"}],"_links":{"self":[{"href":"https:\/\/www.moskito.cz\/fr\/wp-json\/wp\/v2\/product\/323037","targetHints":{"allow":["GET"]}}],"collection":[{"href":"https:\/\/www.moskito.cz\/fr\/wp-json\/wp\/v2\/product"}],"about":[{"href":"https:\/\/www.moskito.cz\/fr\/wp-json\/wp\/v2\/types\/product"}],"replies":[{"embeddable":true,"href":"https:\/\/www.moskito.cz\/fr\/wp-json\/wp\/v2\/comments?post=323037"}],"wp:featuredmedia":[{"embeddable":true,"href":"https:\/\/www.moskito.cz\/fr\/wp-json\/wp\/v2\/media\/323003"}],"wp:attachment":[{"href":"https:\/\/www.moskito.cz\/fr\/wp-json\/wp\/v2\/media?parent=323037"}],"wp:term":[{"taxonomy":"pwb-brand","embeddable":true,"href":"https:\/\/www.moskito.cz\/fr\/wp-json\/wp\/v2\/pwb-brand?post=323037"},{"taxonomy":"product_brand","embeddable":true,"href":"https:\/\/www.moskito.cz\/fr\/wp-json\/wp\/v2\/product_brand?post=323037"},{"taxonomy":"product_cat","embeddable":true,"href":"https:\/\/www.moskito.cz\/fr\/wp-json\/wp\/v2\/product_cat?post=323037"},{"taxonomy":"product_tag","embeddable":true,"href":"https:\/\/www.moskito.cz\/fr\/wp-json\/wp\/v2\/product_tag?post=323037"}],"curies":[{"name":"wp","href":"https:\/\/api.w.org\/{rel}","templated":true}]}}