{"id":323303,"date":"2024-03-20T20:46:05","date_gmt":"2024-03-20T19:47:21","guid":{"rendered":"https:\/\/www.moskito.cz\/produkt\/couteau-pliant-malibu-pro-tech-shot-show-2024\/"},"modified":"2025-05-07T11:07:31","modified_gmt":"2025-05-07T10:07:31","slug":"couteau-pliant-malibu-pro-tech-shot-show-2024","status":"publish","type":"product","link":"https:\/\/www.moskito.cz\/fr\/produkt\/couteau-pliant-malibu-pro-tech-shot-show-2024\/","title":{"rendered":"Couteau pliant Malibu Pro-Tech SHOT Show 2024"},"content":{"rendered":"<p>Couteau pliant Malibu <strong>Pro-Tech<\/strong> SHOT Show 2024.<\/p>\n<p><strong>Malibu<\/strong>, mis en valeur par son action douce et soyeuse et sa l\u00e9g\u00e8ret\u00e9, est une force EDC avec laquelle il faut compter. La lame tanto invers\u00e9e est particuli\u00e8rement adapt\u00e9e aux t\u00e2ches utilitaires avec un ventre l\u00e9ger et une pointe utilitaire solide. La poign\u00e9e ergonomique est en aluminium frais\u00e9 avec une forme effil\u00e9e et des rainures pour les doigts qui permettent une prise ferme et antid\u00e9rapante. Un clip de transport profond est configur\u00e9 pour un transport \u00e0 droite avec un rabat, et un petit trou pour lani\u00e8re est int\u00e9gr\u00e9 dans la poign\u00e9e\/espaceur arri\u00e8re monobloc. Cela nous rappelle un peu le Kershaw Leek et le Benchmade 940&#8230; deux des meilleurs couteaux EDC du march\u00e9, et nous pensons qu&rsquo;ils trouveront bient\u00f4t leur place aux c\u00f4t\u00e9s de ces puissances. Ce mod\u00e8le est dot\u00e9 d&rsquo;une lame tanto invers\u00e9e DLC gris fum\u00e9e et d&rsquo;une balance en aluminium noir avec un bouton nacr\u00e9 blanc.  <strong>Seules 100 unit\u00e9s ont \u00e9t\u00e9 produites.<\/strong><\/p>\n<p>Caract\u00e9ristiques:<br \/>\nLongueur de la lame : 8,25 cm<br \/>\nLongueur ferm\u00e9 : 10,5 cm<br \/>\nLongueur totale : 19 cm<br \/>\nMat\u00e9riau de la lame : acier inoxydable CPM-20CV<br \/>\n\u00c9paisseur de la lame : 0,125&Prime;<br \/>\nStyle de lame&nbsp;:&nbsp;Tanto invers\u00e9<br \/>\nMeulage de la lame&nbsp;:&nbsp;Plat<br \/>\nFinition de la lame : DLC Smokey Grey<br \/>\nMat\u00e9riau du manche : aluminium noir T6-6061<br \/>\n\u00c9paisseur du manche : 0,49&Prime;<br \/>\nM\u00e9canisme de verrouillage : Bouton en nacre blanche<br \/>\nAssemblage de broches&nbsp;: roulements<br \/>\nClip de poche&nbsp;: rabattable, \u00e0 porter \u00e0 droite<br \/>\nPoids : 3,1 onces.<br \/>\nFabriqu\u00e9 aux \u00c9tats-Unis<\/p>\n<p><iframe title=\"Meet Pro-Tech Knives\" width=\"800\" height=\"450\" src=\"https:\/\/www.youtube.com\/embed\/0TueVbHVDY4?feature=oembed\" frameborder=\"0\" allow=\"accelerometer; autoplay; clipboard-write; encrypted-media; gyroscope; picture-in-picture; web-share\" allowfullscreen><\/iframe><\/p>\n<p>&nbsp;<\/p>\n","protected":false},"excerpt":{"rendered":"<p><strong>Nos mod\u00e8les de couteaux de production offrent le meilleur design, la meilleure fonction et la meilleure valeur de tous les couteaux sur le march\u00e9 aujourd&rsquo;hui. Nos couteaux d&rsquo;art personnalis\u00e9s sont des \u0153uvres d&rsquo;art uniques. Chacun de nos couteaux personnalis\u00e9s en \u00e9dition limit\u00e9e illustre un h\u00e9ritage de qualit\u00e9. Quel que soit le couteau que vous choisissez, nous sommes s\u00fbrs que vous serez tr\u00e8s satisfait de votre achat.<\/strong><\/p>\n<p><strong>Merci de votre int\u00e9r\u00eat pour nos couteaux de qualit\u00e9.<\/strong><\/p>\n<p>Transports gratuits.<\/p>\n","protected":false},"featured_media":323254,"comment_status":"open","ping_status":"closed","template":"","meta":[],"pwb-brand":[3817],"product_brand":[],"product_cat":[3700,3696],"product_tag":[3754],"class_list":{"0":"post-323303","1":"product","2":"type-product","3":"status-publish","4":"has-post-thumbnail","6":"pwb-brand-pour-la-technologie","7":"product_cat-couteaux-de-fermeture","8":"product_cat-des-couteaux","9":"product_tag-b2b-fr","11":"first","12":"instock","13":"taxable","14":"shipping-taxable","15":"purchasable","16":"product-type-simple"},"brands":[{"id":3817,"name":"Pour la technologie","slug":"pour-la-technologie"}],"_links":{"self":[{"href":"https:\/\/www.moskito.cz\/fr\/wp-json\/wp\/v2\/product\/323303","targetHints":{"allow":["GET"]}}],"collection":[{"href":"https:\/\/www.moskito.cz\/fr\/wp-json\/wp\/v2\/product"}],"about":[{"href":"https:\/\/www.moskito.cz\/fr\/wp-json\/wp\/v2\/types\/product"}],"replies":[{"embeddable":true,"href":"https:\/\/www.moskito.cz\/fr\/wp-json\/wp\/v2\/comments?post=323303"}],"wp:featuredmedia":[{"embeddable":true,"href":"https:\/\/www.moskito.cz\/fr\/wp-json\/wp\/v2\/media\/323254"}],"wp:attachment":[{"href":"https:\/\/www.moskito.cz\/fr\/wp-json\/wp\/v2\/media?parent=323303"}],"wp:term":[{"taxonomy":"pwb-brand","embeddable":true,"href":"https:\/\/www.moskito.cz\/fr\/wp-json\/wp\/v2\/pwb-brand?post=323303"},{"taxonomy":"product_brand","embeddable":true,"href":"https:\/\/www.moskito.cz\/fr\/wp-json\/wp\/v2\/product_brand?post=323303"},{"taxonomy":"product_cat","embeddable":true,"href":"https:\/\/www.moskito.cz\/fr\/wp-json\/wp\/v2\/product_cat?post=323303"},{"taxonomy":"product_tag","embeddable":true,"href":"https:\/\/www.moskito.cz\/fr\/wp-json\/wp\/v2\/product_tag?post=323303"}],"curies":[{"name":"wp","href":"https:\/\/api.w.org\/{rel}","templated":true}]}}