{"id":323373,"date":"2023-03-30T20:58:26","date_gmt":"2023-03-30T19:58:26","guid":{"rendered":"https:\/\/www.moskito.cz\/produkt\/couteau-solide-cold-steel-mini-leatherneck-tanto-point\/"},"modified":"2025-05-07T11:07:34","modified_gmt":"2025-05-07T10:07:34","slug":"couteau-solide-cold-steel-mini-leatherneck-tanto-point","status":"publish","type":"product","link":"https:\/\/www.moskito.cz\/fr\/produkt\/couteau-solide-cold-steel-mini-leatherneck-tanto-point\/","title":{"rendered":"Couteau Solide Cold Steel MINI LEATHERNECK TANTO POINT"},"content":{"rendered":"<p>Couteau Solide <strong>Cold Steel<\/strong> MINI LEATHERNECK TANTO POINT<\/p>\n<p>La taille du chien dans le combat n&rsquo;a pas autant d&rsquo;importance que la taille du combat du chien ! La ligne Mini Leatherneck incarne parfaitement ce dicton. Fabriqu\u00e9 en acier 8Cr13MoV et propos\u00e9 en trois styles de lames, chacun est dot\u00e9 d&rsquo;une protection en acier inoxydable avec de larges quillons pour prot\u00e9ger vos doigts. La poign\u00e9e est fabriqu\u00e9e \u00e0 partir du mat\u00e9riau Kray-Ex\u2122 et est con\u00e7ue pour ressembler \u00e0 nos plus grands mod\u00e8les Leatherneck. Ces couteaux sont livr\u00e9s avec un \u00e9tui Secure-Ex\u2122 solide et robuste qui peut contenir un cordon de perles ou un Cold Steel\u00ae C-Clip. Mieux encore, ils sont abordables.<\/p>\n<p>Mat\u00e9riau de la lame&nbsp;: 8cr13mov<br \/>\nMat\u00e9riau du manche : Kraton<br \/>\nMat\u00e9riau du bo\u00eetier&nbsp;: Secure-Ex<br \/>\nLongueur de la lame : 8,9 cm<br \/>\nLongueur totale : 17,1 cm<br \/>\nLongueur du manche : 8,3 cm<br \/>\n\u00c9paisseur de la lame : 3 mm<br \/>\nPoids : 94g<br \/>\nType de lame : Tanto<\/p>\n","protected":false},"excerpt":{"rendered":"<p><strong>La forme du petit Leatherneck est bas\u00e9e sur son grand mod\u00e8le. Gr\u00e2ce \u00e0 sa taille et \u00e0 son poids r\u00e9duits, il devient un outil \u00e0 porter au quotidien et n&rsquo;attirera pas inutilement l&rsquo;attention n\u00e9gative.<\/strong><\/p>\n","protected":false},"featured_media":323376,"comment_status":"open","ping_status":"closed","template":"","meta":[],"pwb-brand":[3789],"product_brand":[],"product_cat":[3697,3696],"product_tag":[3754],"class_list":{"0":"post-323373","1":"product","2":"type-product","3":"status-publish","4":"has-post-thumbnail","6":"pwb-brand-acier-froid","7":"product_cat-couteaux-solides","8":"product_cat-des-couteaux","9":"product_tag-b2b-fr","11":"first","12":"outofstock","13":"taxable","14":"shipping-taxable","15":"purchasable","16":"product-type-simple"},"brands":[{"id":3789,"name":"Acier froid","slug":"acier-froid"}],"_links":{"self":[{"href":"https:\/\/www.moskito.cz\/fr\/wp-json\/wp\/v2\/product\/323373","targetHints":{"allow":["GET"]}}],"collection":[{"href":"https:\/\/www.moskito.cz\/fr\/wp-json\/wp\/v2\/product"}],"about":[{"href":"https:\/\/www.moskito.cz\/fr\/wp-json\/wp\/v2\/types\/product"}],"replies":[{"embeddable":true,"href":"https:\/\/www.moskito.cz\/fr\/wp-json\/wp\/v2\/comments?post=323373"}],"wp:featuredmedia":[{"embeddable":true,"href":"https:\/\/www.moskito.cz\/fr\/wp-json\/wp\/v2\/media\/323376"}],"wp:attachment":[{"href":"https:\/\/www.moskito.cz\/fr\/wp-json\/wp\/v2\/media?parent=323373"}],"wp:term":[{"taxonomy":"pwb-brand","embeddable":true,"href":"https:\/\/www.moskito.cz\/fr\/wp-json\/wp\/v2\/pwb-brand?post=323373"},{"taxonomy":"product_brand","embeddable":true,"href":"https:\/\/www.moskito.cz\/fr\/wp-json\/wp\/v2\/product_brand?post=323373"},{"taxonomy":"product_cat","embeddable":true,"href":"https:\/\/www.moskito.cz\/fr\/wp-json\/wp\/v2\/product_cat?post=323373"},{"taxonomy":"product_tag","embeddable":true,"href":"https:\/\/www.moskito.cz\/fr\/wp-json\/wp\/v2\/product_tag?post=323373"}],"curies":[{"name":"wp","href":"https:\/\/api.w.org\/{rel}","templated":true}]}}