{"id":323587,"date":"2024-03-22T11:51:28","date_gmt":"2024-03-22T10:52:38","guid":{"rendered":"https:\/\/www.moskito.cz\/produkt\/couteau-fixe-spartan-blades-ares\/"},"modified":"2025-05-07T11:07:38","modified_gmt":"2025-05-07T10:07:38","slug":"couteau-fixe-spartan-blades-ares","status":"publish","type":"product","link":"https:\/\/www.moskito.cz\/fr\/produkt\/couteau-fixe-spartan-blades-ares\/","title":{"rendered":"Couteau Fixe Spartan Blades Ares"},"content":{"rendered":"<p>Couteau fixe <strong>Spartan Blades<\/strong> Ares.<\/p>\n<p>Au c\u0153ur de la mythologie grecque, <strong>Ares<\/strong> , le fils indompt\u00e9 de Zeus et d&rsquo;H\u00e9ra, \u00e9tait le dieu de la guerre f\u00e9roce, de la soif de sang et des prouesses au combat. \u00c0 partir de cette inspiration ancienne, nous sommes fiers de pr\u00e9senter notre propre couteau de combat Spartan Ares \u2013 une lame soigneusement forg\u00e9e au fil des ann\u00e9es d&rsquo;exp\u00e9rience collective en mati\u00e8re de fabrication de couteaux qui vise \u00e0 \u00eatre l&rsquo;outil de combat par excellence.<\/p>\n<p>Con\u00e7u pour le guerrier moderne : le <strong>Spartan Ares<\/strong> est plus qu&rsquo;un simple couteau ; c&rsquo;est un compagnon de combat finement con\u00e7u et utile de qualit\u00e9 militaire. Impeccablement con\u00e7u, il t\u00e9moigne de la pr\u00e9cision et de la perfection, con\u00e7u pour r\u00e9pondre aux normes rigoureuses des professionnels militaires s\u00e9rieux de l&rsquo;\u00e8re moderne.<\/p>\n<p>Con\u00e7u par des experts : le couteau de combat Ares est une symphonie de savoir-faire et de praticit\u00e9 n\u00e9e d&rsquo;un examen attentif par diverses unit\u00e9s d&rsquo;op\u00e9rations sp\u00e9ciales et agences gouvernementales am\u00e9ricaines. Chaque d\u00e9tail est d\u00e9lib\u00e9r\u00e9ment con\u00e7u pour r\u00e9pondre aux exigences strictes des unit\u00e9s militaires d&rsquo;\u00e9lite afin de garantir des performances in\u00e9gal\u00e9es.<\/p>\n<p>Qualit\u00e9 et durabilit\u00e9 in\u00e9gal\u00e9es : summum de l&rsquo;excellence, ce couteau de combat est le r\u00e9sultat d&rsquo;un engagement incessant envers la qualit\u00e9 et la fonctionnalit\u00e9. Con\u00e7u pour la durabilit\u00e9, le Spartan Ares incarne un savoir-faire de haute qualit\u00e9 et garantit des ann\u00e9es de service in\u00e9branlable.<\/p>\n<p>Propri\u00e9t\u00e9s cl\u00e9s&nbsp;:<\/p>\n<p>R\u00e9sistance de la lame&nbsp;: con\u00e7ue pour la r\u00e9sistance avec une conception \u00e0 point de chute fixe, alignant la pointe de la lame avec la main de l&rsquo;utilisateur.<br \/>\nExcellence de qualit\u00e9 militaire&nbsp;: Ares est construit pour r\u00e9pondre \u00e0 des normes militaires strictes et excelle dans les applications de combat et utilitaires.<br \/>\nCollaboration de designers&nbsp;: con\u00e7ue par Curtis Iovito et Mark Carey, cette collaboration rassemble une richesse d&rsquo;expertise pour un couteau cibl\u00e9.<\/p>\n<p>Bien \u00e9quilibr\u00e9 et l\u00e9ger&nbsp;:<\/p>\n<p>\u00c9quilibre : Le Spartan Ares est soigneusement \u00e9quilibr\u00e9 pour assurer une manipulation et un contr\u00f4le pr\u00e9cis dans diverses situations.<br \/>\nPoids : Pesant seulement 0,422 LBS, l\u2019Ares est l\u00e9ger, ce qui en fait le compagnon id\u00e9al pour une utilisation prolong\u00e9e sans compromettre la r\u00e9sistance et la durabilit\u00e9.<\/p>\n<p>Pour le professionnel exigeant : Que vous soyez un membre des forces arm\u00e9es ou une personne avertie \u00e0 la recherche d&rsquo;un couteau de combat personnalis\u00e9 de haute qualit\u00e9, le Spartan Ares est l&rsquo;incarnation du savoir-faire et de la fonctionnalit\u00e9. Choisissez parmi ses performances in\u00e9gal\u00e9es dans les situations les plus exigeantes.<\/p>\n<p>Longueur totale : 26,67 cm<br \/>\nLongueur de la lame : 13,65 cm<br \/>\n\u00c9paisseur de la lame : 0,47 cm<br \/>\nAcier de la lame&nbsp;: CPM S35VN \u00e0 59-60 HRC<br \/>\nTraitement de surface de la lame&nbsp;: traitement de surface FDE<br \/>\nStyle de lame&nbsp;:&nbsp;pointe de chute<br \/>\nStyle de bordure&nbsp;:&nbsp;Unie<br \/>\nMat\u00e9riau du manche : Micarta noir<br \/>\nPoids&nbsp;: 6,75 onces (191,36 g)<br \/>\nTang&nbsp;: complet<br \/>\nFabricant R\u00e9f. #&nbsp;: SB1DEBKNLBK<br \/>\nPays d&rsquo;origine : \u00c9tats-Unis<\/p>\n<p><iframe title=\"Spartan Blades Company Knife Company Story with Co-Founders Mark Carey and Curtis Iovito.\" width=\"800\" height=\"450\" src=\"https:\/\/www.youtube.com\/embed\/S-EVJgZR57Y?feature=oembed\" frameborder=\"0\" allow=\"accelerometer; autoplay; clipboard-write; encrypted-media; gyroscope; picture-in-picture; web-share\" allowfullscreen><\/iframe><\/p>\n<p>&nbsp;<\/p>\n<p>&nbsp;<\/p>\n<p>&nbsp;<\/p>\n","protected":false},"excerpt":{"rendered":"<p><strong>Au c\u0153ur de la mythologie grecque, Ar\u00e8s, le fils indompt\u00e9 de Zeus et d&rsquo;H\u00e9ra, \u00e9tait le dieu de la guerre f\u00e9roce, de la soif de sang et des prouesses martiales. \u00c0 partir de cette inspiration ancienne, nous sommes fiers de pr\u00e9senter notre propre couteau de combat Spartan Ares \u2013 une lame soigneusement forg\u00e9e au fil des ann\u00e9es d&rsquo;exp\u00e9rience collective en mati\u00e8re de fabrication de couteaux qui vise \u00e0 \u00eatre l&rsquo;outil de combat par excellence.<\/strong><\/p>\n<p>Transports gratuits.<\/p>\n","protected":false},"featured_media":323557,"comment_status":"open","ping_status":"closed","template":"","meta":[],"pwb-brand":[3837],"product_brand":[],"product_cat":[3697,3696],"product_tag":[3754],"class_list":{"0":"post-323587","1":"product","2":"type-product","3":"status-publish","4":"has-post-thumbnail","6":"pwb-brand-lames-spartiates","7":"product_cat-couteaux-solides","8":"product_cat-des-couteaux","9":"product_tag-b2b-fr","11":"first","12":"instock","13":"taxable","14":"shipping-taxable","15":"purchasable","16":"product-type-simple"},"brands":[{"id":3837,"name":"Lames spartiates","slug":"lames-spartiates"}],"_links":{"self":[{"href":"https:\/\/www.moskito.cz\/fr\/wp-json\/wp\/v2\/product\/323587","targetHints":{"allow":["GET"]}}],"collection":[{"href":"https:\/\/www.moskito.cz\/fr\/wp-json\/wp\/v2\/product"}],"about":[{"href":"https:\/\/www.moskito.cz\/fr\/wp-json\/wp\/v2\/types\/product"}],"replies":[{"embeddable":true,"href":"https:\/\/www.moskito.cz\/fr\/wp-json\/wp\/v2\/comments?post=323587"}],"wp:featuredmedia":[{"embeddable":true,"href":"https:\/\/www.moskito.cz\/fr\/wp-json\/wp\/v2\/media\/323557"}],"wp:attachment":[{"href":"https:\/\/www.moskito.cz\/fr\/wp-json\/wp\/v2\/media?parent=323587"}],"wp:term":[{"taxonomy":"pwb-brand","embeddable":true,"href":"https:\/\/www.moskito.cz\/fr\/wp-json\/wp\/v2\/pwb-brand?post=323587"},{"taxonomy":"product_brand","embeddable":true,"href":"https:\/\/www.moskito.cz\/fr\/wp-json\/wp\/v2\/product_brand?post=323587"},{"taxonomy":"product_cat","embeddable":true,"href":"https:\/\/www.moskito.cz\/fr\/wp-json\/wp\/v2\/product_cat?post=323587"},{"taxonomy":"product_tag","embeddable":true,"href":"https:\/\/www.moskito.cz\/fr\/wp-json\/wp\/v2\/product_tag?post=323587"}],"curies":[{"name":"wp","href":"https:\/\/api.w.org\/{rel}","templated":true}]}}