{"id":323604,"date":"2023-10-31T15:24:28","date_gmt":"2024-03-22T14:42:28","guid":{"rendered":"https:\/\/www.moskito.cz\/produkt\/couteau-de-fermeture-extrema-ratio-rao-c-noir\/"},"modified":"2025-05-07T11:07:40","modified_gmt":"2025-05-07T10:07:40","slug":"couteau-de-fermeture-extrema-ratio-rao-c-noir","status":"publish","type":"product","link":"https:\/\/www.moskito.cz\/fr\/produkt\/couteau-de-fermeture-extrema-ratio-rao-c-noir\/","title":{"rendered":"Couteau de fermeture Extrema Ratio RAO C NOIR"},"content":{"rendered":"<p>Couteau de fermeture <strong>Extrema Ratio<\/strong> RAO C NOIR<\/p>\n<p>L&rsquo;Extrema Ratio RAO C est un couteau pliant compact d\u00e9riv\u00e9 de l&#8217;embl\u00e9matique RAO II.<\/p>\n<p>Gr\u00e2ce \u00e0 sa structure, le RAO C est un outil qui, malgr\u00e9 ses petites dimensions, peut garantir les m\u00eames qualit\u00e9s de robustesse et de fiabilit\u00e9 que son grand fr\u00e8re, tout en offrant une meilleure portabilit\u00e9 et contr\u00f4le.<\/p>\n<p>La poign\u00e9e se compose de 2 poign\u00e9es en aluminium anodis\u00e9 finement usin\u00e9es auxquelles Extrema Ratio applique un traitement d&rsquo;oxydation dur qui rend les poign\u00e9es plus r\u00e9sistantes \u00e0 l&rsquo;usure et \u00e0 la corrosion.<\/p>\n<p>Deux cadres en acier contribuent \u00e0 augmenter la r\u00e9sistance de la poign\u00e9e pour r\u00e9pondre aux utilisations les plus exigeantes.<\/p>\n<p>Le m\u00e9canisme de verrouillage d&rsquo;ouverture est particuli\u00e8rement r\u00e9sistant, car il est soutenu par un syst\u00e8me de s\u00e9curit\u00e9 qui le transforme en une v\u00e9ritable lame fixe.<\/p>\n<p>La s\u00e9curit\u00e9 primaire sur la lame est activ\u00e9e en soulevant et en abaissant la goupille de s\u00e9curit\u00e9.<\/p>\n<p>Afin de garantir \u00e0 l&rsquo;utilisateur une s\u00e9curit\u00e9 maximale pendant l&rsquo;utilisation, un dispositif de s\u00e9curit\u00e9 secondaire pratique et rapide a \u00e9t\u00e9 utilis\u00e9, qui peut \u00eatre activ\u00e9 en d\u00e9pla\u00e7ant simplement la goupille de s\u00e9curit\u00e9 horizontalement.<\/p>\n<p>Le clip double face est con\u00e7u pour permettre un transport dissimul\u00e9 dans une poche, rendant le couteau invisible de l&rsquo;ext\u00e9rieur.<\/p>\n<p>La lame est en acier B\u00f6hler N690 tremp\u00e9 \u00e0 58 HRC avec une finition noire classique Extrema Ratio MIL-C-13924.<\/p>\n<p>Pour all\u00e9ger les cadres en acier, une forme a \u00e9t\u00e9 d\u00e9coup\u00e9e au laser dans le profil RAO \u200b\u200bC, qui a ensuite \u00e9t\u00e9 utilis\u00e9e pour cr\u00e9er le gadget fourni avec le couteau.<\/p>\n<p>Le Rao C est disponible en noir et gris tactique.<\/p>\n<p>&nbsp;<\/p>\n<p>LONGUEUR DE LA LAME (MM): 100<br \/>\nLONGUEUR DE LA LAME (PO): 3,93<br \/>\nLONGUEUR TOTALE (MM): 225<br \/>\nLONGUEUR TOTALE (H) : 8,85<br \/>\n\u00c9PAISSEUR DE LA LAME (MM): 4<br \/>\n\u00c9PAISSEUR DE LA LAME (PO): 0,15<br \/>\nMAT\u00c9RIAU DE LA LAME&nbsp;: ACIER B\u00f6HLER N690 (58HRC)<br \/>\nFINITION DU COUTEAU&nbsp;: POSE MIL-C-13924<br \/>\nAff\u00fbtage des couteaux&nbsp;: bord plat<br \/>\nMAT\u00c9RIAU DE LA POIGN\u00c9E&nbsp;: ALUMINIUM ANODIS\u00c9 ANTICORRODAL<\/p>\n<p>&nbsp;<\/p>\n<p>&nbsp;<\/p>\n","protected":false},"excerpt":{"rendered":"<p><strong>L&rsquo;Extrema Ratio RAO C est un couteau pliant compact d\u00e9riv\u00e9 de l&#8217;embl\u00e9matique RAO II.<\/strong><\/p>\n","protected":false},"featured_media":323605,"comment_status":"open","ping_status":"closed","template":"","meta":[],"pwb-brand":[3767],"product_brand":[],"product_cat":[3700,3696],"product_tag":[3754],"class_list":{"0":"post-323604","1":"product","2":"type-product","3":"status-publish","4":"has-post-thumbnail","6":"pwb-brand-rapport-extreme","7":"product_cat-couteaux-de-fermeture","8":"product_cat-des-couteaux","9":"product_tag-b2b-fr","11":"first","12":"instock","13":"taxable","14":"shipping-taxable","15":"purchasable","16":"product-type-simple"},"brands":[{"id":3767,"name":"Rapport extr\u00eame","slug":"rapport-extreme"}],"_links":{"self":[{"href":"https:\/\/www.moskito.cz\/fr\/wp-json\/wp\/v2\/product\/323604","targetHints":{"allow":["GET"]}}],"collection":[{"href":"https:\/\/www.moskito.cz\/fr\/wp-json\/wp\/v2\/product"}],"about":[{"href":"https:\/\/www.moskito.cz\/fr\/wp-json\/wp\/v2\/types\/product"}],"replies":[{"embeddable":true,"href":"https:\/\/www.moskito.cz\/fr\/wp-json\/wp\/v2\/comments?post=323604"}],"wp:featuredmedia":[{"embeddable":true,"href":"https:\/\/www.moskito.cz\/fr\/wp-json\/wp\/v2\/media\/323605"}],"wp:attachment":[{"href":"https:\/\/www.moskito.cz\/fr\/wp-json\/wp\/v2\/media?parent=323604"}],"wp:term":[{"taxonomy":"pwb-brand","embeddable":true,"href":"https:\/\/www.moskito.cz\/fr\/wp-json\/wp\/v2\/pwb-brand?post=323604"},{"taxonomy":"product_brand","embeddable":true,"href":"https:\/\/www.moskito.cz\/fr\/wp-json\/wp\/v2\/product_brand?post=323604"},{"taxonomy":"product_cat","embeddable":true,"href":"https:\/\/www.moskito.cz\/fr\/wp-json\/wp\/v2\/product_cat?post=323604"},{"taxonomy":"product_tag","embeddable":true,"href":"https:\/\/www.moskito.cz\/fr\/wp-json\/wp\/v2\/product_tag?post=323604"}],"curies":[{"name":"wp","href":"https:\/\/api.w.org\/{rel}","templated":true}]}}