{"id":323706,"date":"2024-03-24T13:22:38","date_gmt":"2024-03-24T12:24:26","guid":{"rendered":"https:\/\/www.moskito.cz\/produkt\/couteau-de-tir-pro-tech-2024-emerson-custom-002\/"},"modified":"2025-05-07T11:07:41","modified_gmt":"2025-05-07T10:07:41","slug":"couteau-de-tir-pro-tech-2024-emerson-custom-002","status":"publish","type":"product","link":"https:\/\/www.moskito.cz\/fr\/produkt\/couteau-de-tir-pro-tech-2024-emerson-custom-002\/","title":{"rendered":"Couteau de tir Pro-Tech 2024.Emerson.Custom.002"},"content":{"rendered":"<p>Couteau de tir <strong>Pro-Tech<\/strong> 2024.Emerson.Custom.002<\/p>\n<p>Chaque couteau <strong>Pro-Tech<\/strong> est un m\u00e9lange des meilleurs mat\u00e9riaux disponibles et un engagement envers le savoir-faire. Les couteaux <strong>Pro-Tech<\/strong> sont fabriqu\u00e9s \u00e0 l&rsquo;aide de processus de fabrication de pointe qui incluent&nbsp;: Usinage CNC, \u00e9lectro\u00e9rosion \u00e0 fil, d\u00e9coupe laser, etc. Les composants de haute technologie sont assembl\u00e9s et assembl\u00e9s \u00e0 la main par des artisans d\u00e9vou\u00e9s et m\u00e9ticuleux dans leur usine d&rsquo;Artesia, en Californie. Ils fabriquent de petits lots de leurs couteaux afin de pouvoir prendre le temps d&rsquo;ajuster et de finir individuellement chaque couteau \u00e0 la main \u00e0 un niveau rarement vu dans les couteaux d&rsquo;usine. Leurs mod\u00e8les de couteaux de production offrent le meilleur design, la meilleure fonction et la meilleure valeur de tous les couteaux sur le march\u00e9 aujourd&rsquo;hui. Leurs couteaux automatiques personnalis\u00e9s sont des \u0153uvres d\u2019art uniques. Chacun des couteaux personnalis\u00e9s en \u00e9dition limit\u00e9e illustre un h\u00e9ritage de qualit\u00e9. Quel que soit le couteau que vous choisissez, nous sommes s\u00fbrs que vous serez tr\u00e8s satisfait de votre achat.<\/p>\n<p>Pro-Tech Knives est fier d&rsquo;\u00eatre le premier choix des professionnels des forces de l&rsquo;ordre et des militaires du monde entier. Les couteaux Pro-Tech sont con\u00e7us pour durer et durer. Il s&rsquo;agit de la premi\u00e8re collaboration de couteaux entre Pro-Tech Knives et l&rsquo;ic\u00f4ne du couteau tactique Ernest Emerson, le Pro-Tech\/Emerson CQC7 AUTO. Ernest Emerson fabrique des couteaux depuis 1979 et s&rsquo;est forg\u00e9 la r\u00e9putation de produire certains des mod\u00e8les de couteaux tactiques les plus recherch\u00e9s de la plan\u00e8te. Le CQC7 est peut-\u00eatre le plus c\u00e9l\u00e8bre de ses mod\u00e8les, et la version \u00e0 ressorts h\u00e9lico\u00efdaux Pro-Tech sera construite selon les normes rigoureuses pour lesquelles Emerson est connu. M. Emerson a \u00e9t\u00e9 personnellement impliqu\u00e9 dans chaque d\u00e9tail de ce couteau de collaboration \u2013 le r\u00e9sultat est un couteau qui rendra vraiment tr\u00e8s heureux les fans d&rsquo;Emerson et les clients fid\u00e8les de Pro-Tech.<\/p>\n<p>L&rsquo;action est super forte mais fluide. Il a un joli coup de pied lorsque la lame est engag\u00e9e. Le CQC7 d&rsquo;Emerson\/Pro-Tech a \u00e9t\u00e9 vu pour la premi\u00e8re fois \u00e0 l&rsquo;ext\u00e9rieur du magasin lors du salon PKA (Professional Knife Maker&rsquo;s Association) \u00e0 Denver, Colorado, o\u00f9 il a remport\u00e9 le prix de la meilleure collaboration. Cette version est un mod\u00e8le personnalis\u00e9 cr\u00e9\u00e9 pour le SHOT Show 2024 \u00e0 Las Vegas et comprend une lame tanto de 154 cm avec des poign\u00e9es en titane textur\u00e9 \u00ab jigged \u00bb bicolore vert\/blast\u00e9 et un bouton en perle noire.<\/p>\n<p>Caract\u00e9ristiques:<br \/>\nLongueur de la lame : 8,12 CM<br \/>\nLongueur ferm\u00e9 : 11,67 CM<br \/>\nLongueur totale : 20 CM<br \/>\nMat\u00e9riau de la lame : acier inoxydable 154 cm.<br \/>\nStyle de lame : Tanto<br \/>\nAff\u00fbtage de la lame&nbsp;: ciseau<br \/>\nFinition de la lame&nbsp;:&nbsp;DLC bicolore noir<br \/>\nMat\u00e9riau du manche : Titane avec texture \u00ab\u00a0Jigged\u00a0\u00bb, bicolore vert\/bill\u00e9<br \/>\nM\u00e9canisme de verrouillage&nbsp;: bouton en nacre \u00e0 l\u00e8vres noires<br \/>\nClip de poche&nbsp;: transport large et profond (inclinaison, droite)<br \/>\nPoids : 4,1 onces.<br \/>\nFabriqu\u00e9 aux \u00c9tats-Unis<\/p>\n<p><iframe title=\"Meet Pro-Tech Knives\" width=\"800\" height=\"450\" src=\"https:\/\/www.youtube.com\/embed\/0TueVbHVDY4?feature=oembed\" frameborder=\"0\" allow=\"accelerometer; autoplay; clipboard-write; encrypted-media; gyroscope; picture-in-picture; web-share\" allowfullscreen><\/iframe><\/p>\n<p>&nbsp;<\/p>\n","protected":false},"excerpt":{"rendered":"<p><strong>Nos mod\u00e8les de couteaux de production offrent le meilleur design, la meilleure fonction et la meilleure valeur de tous les couteaux sur le march\u00e9 aujourd&rsquo;hui. Nos couteaux d&rsquo;art personnalis\u00e9s sont des \u0153uvres d&rsquo;art uniques. Chacun de nos couteaux personnalis\u00e9s en \u00e9dition limit\u00e9e illustre un h\u00e9ritage de qualit\u00e9. Quel que soit le couteau que vous choisissez, nous sommes s\u00fbrs que vous serez tr\u00e8s satisfait de votre achat.<\/strong><\/p>\n<p><strong>Merci de votre int\u00e9r\u00eat pour nos couteaux de qualit\u00e9.<\/strong><\/p>\n<p>Transports gratuits.<\/p>\n","protected":false},"featured_media":323649,"comment_status":"open","ping_status":"closed","template":"","meta":[],"pwb-brand":[3817],"product_brand":[],"product_cat":[3699,3696],"product_tag":[3754],"class_list":{"0":"post-323706","1":"product","2":"type-product","3":"status-publish","4":"has-post-thumbnail","6":"pwb-brand-pour-la-technologie","7":"product_cat-couteaux-de-tir","8":"product_cat-des-couteaux","9":"product_tag-b2b-fr","11":"first","12":"instock","13":"taxable","14":"shipping-taxable","15":"purchasable","16":"product-type-simple"},"brands":[{"id":3817,"name":"Pour la technologie","slug":"pour-la-technologie"}],"_links":{"self":[{"href":"https:\/\/www.moskito.cz\/fr\/wp-json\/wp\/v2\/product\/323706","targetHints":{"allow":["GET"]}}],"collection":[{"href":"https:\/\/www.moskito.cz\/fr\/wp-json\/wp\/v2\/product"}],"about":[{"href":"https:\/\/www.moskito.cz\/fr\/wp-json\/wp\/v2\/types\/product"}],"replies":[{"embeddable":true,"href":"https:\/\/www.moskito.cz\/fr\/wp-json\/wp\/v2\/comments?post=323706"}],"wp:featuredmedia":[{"embeddable":true,"href":"https:\/\/www.moskito.cz\/fr\/wp-json\/wp\/v2\/media\/323649"}],"wp:attachment":[{"href":"https:\/\/www.moskito.cz\/fr\/wp-json\/wp\/v2\/media?parent=323706"}],"wp:term":[{"taxonomy":"pwb-brand","embeddable":true,"href":"https:\/\/www.moskito.cz\/fr\/wp-json\/wp\/v2\/pwb-brand?post=323706"},{"taxonomy":"product_brand","embeddable":true,"href":"https:\/\/www.moskito.cz\/fr\/wp-json\/wp\/v2\/product_brand?post=323706"},{"taxonomy":"product_cat","embeddable":true,"href":"https:\/\/www.moskito.cz\/fr\/wp-json\/wp\/v2\/product_cat?post=323706"},{"taxonomy":"product_tag","embeddable":true,"href":"https:\/\/www.moskito.cz\/fr\/wp-json\/wp\/v2\/product_tag?post=323706"}],"curies":[{"name":"wp","href":"https:\/\/api.w.org\/{rel}","templated":true}]}}