{"id":323722,"date":"2022-11-07T21:56:00","date_gmt":"2022-11-07T20:56:00","guid":{"rendered":"https:\/\/www.moskito.cz\/produkt\/couteau-pliant-cold-steel-finn-wolf-de-vert\/"},"modified":"2025-05-07T11:07:43","modified_gmt":"2025-05-07T10:07:43","slug":"couteau-pliant-cold-steel-finn-wolf-de-vert","status":"publish","type":"product","link":"https:\/\/www.moskito.cz\/fr\/produkt\/couteau-pliant-cold-steel-finn-wolf-de-vert\/","title":{"rendered":"Couteau pliant Cold Steel FINN WOLF DE VERT"},"content":{"rendered":"<p>Couteau pliant FINN WOLF <strong>Cold Steel<\/strong> DE VERT.<\/p>\n<p>Cr\u00e9\u00e9 en collaboration entre le coutelier sur mesure Andrew Demke et la pr\u00e9sidente de Cold Steel Lynn C. Thompson, le Cold Steel Finn Wolf est un couteau utilitaire et de camping pliant qui s&rsquo;inspire du Pukko finlandais classique. \u00c9quip\u00e9 de notre verrou Tri-Ad pour une s\u00fbret\u00e9 et une s\u00e9curit\u00e9 sup\u00e9rieures, le Finn Wolf est un dossier sur lequel vous pouvez compter m\u00eame dans les conditions les plus sans compromis. Sa lame japonaise AUS 8A satin\u00e9e est pr\u00eate pour de longues heures et un travail acharn\u00e9, et son tranchant tranchant sans aff\u00fbtage facilite le r\u00e9aff\u00fbtage sur le terrain. Avec autant de puissance dans cet ensemble pratique, robuste, pratique et abordable, il n&rsquo;y a tout simplement aucune excuse pour ne pas ajouter le Finn Wolf \u00e0 votre collection d\u00e8s aujourd&rsquo;hui !<\/p>\n<p>PARAM\u00c8TRES DU PRODUIT<br \/>\nCouleur: vert\/argent<br \/>\nType de serrure&nbsp;: Serrure Tri-Ad<br \/>\nPoids : 96,38 g<br \/>\n\u00c9paisseur de la lame : 3 mm<br \/>\nLongueur du manche : 111 mm<br \/>\nMat\u00e9riau de l&rsquo;\u00e9tui&nbsp;: poche ambidextre\/clip de ceinture<br \/>\nTaille hors tout : 205 mm<br \/>\nLongueur de la lame : 89 mm<br \/>\nMat\u00e9riau du manche&nbsp;: Long OD Green Griv-Ex\u2122<br \/>\nAcier&nbsp;:&nbsp;acier inoxydable japonais AUS 8A<\/p>\n<p>&nbsp;<\/p>\n","protected":false},"excerpt":{"rendered":"<p>Le couteau pliant Finn Wolf de Cold Steel est un couteau \u00e0 transporter au quotidien (EDC) con\u00e7u pour les chasseurs, les p\u00eacheurs et le plein air en g\u00e9n\u00e9ral.<\/p>\n","protected":false},"featured_media":323725,"comment_status":"open","ping_status":"closed","template":"","meta":[],"pwb-brand":[3789],"product_brand":[],"product_cat":[3700,3696],"product_tag":[3754],"class_list":{"0":"post-323722","1":"product","2":"type-product","3":"status-publish","4":"has-post-thumbnail","6":"pwb-brand-acier-froid","7":"product_cat-couteaux-de-fermeture","8":"product_cat-des-couteaux","9":"product_tag-b2b-fr","11":"first","12":"instock","13":"taxable","14":"shipping-taxable","15":"purchasable","16":"product-type-simple"},"brands":[{"id":3789,"name":"Acier froid","slug":"acier-froid"}],"_links":{"self":[{"href":"https:\/\/www.moskito.cz\/fr\/wp-json\/wp\/v2\/product\/323722","targetHints":{"allow":["GET"]}}],"collection":[{"href":"https:\/\/www.moskito.cz\/fr\/wp-json\/wp\/v2\/product"}],"about":[{"href":"https:\/\/www.moskito.cz\/fr\/wp-json\/wp\/v2\/types\/product"}],"replies":[{"embeddable":true,"href":"https:\/\/www.moskito.cz\/fr\/wp-json\/wp\/v2\/comments?post=323722"}],"wp:featuredmedia":[{"embeddable":true,"href":"https:\/\/www.moskito.cz\/fr\/wp-json\/wp\/v2\/media\/323725"}],"wp:attachment":[{"href":"https:\/\/www.moskito.cz\/fr\/wp-json\/wp\/v2\/media?parent=323722"}],"wp:term":[{"taxonomy":"pwb-brand","embeddable":true,"href":"https:\/\/www.moskito.cz\/fr\/wp-json\/wp\/v2\/pwb-brand?post=323722"},{"taxonomy":"product_brand","embeddable":true,"href":"https:\/\/www.moskito.cz\/fr\/wp-json\/wp\/v2\/product_brand?post=323722"},{"taxonomy":"product_cat","embeddable":true,"href":"https:\/\/www.moskito.cz\/fr\/wp-json\/wp\/v2\/product_cat?post=323722"},{"taxonomy":"product_tag","embeddable":true,"href":"https:\/\/www.moskito.cz\/fr\/wp-json\/wp\/v2\/product_tag?post=323722"}],"curies":[{"name":"wp","href":"https:\/\/api.w.org\/{rel}","templated":true}]}}