{"id":323731,"date":"2023-03-25T14:30:44","date_gmt":"2024-03-25T14:11:33","guid":{"rendered":"https:\/\/www.moskito.cz\/produkt\/couteau-pliant-cold-steel-lynn-thompson-signature-spartan\/"},"modified":"2025-05-07T11:07:44","modified_gmt":"2025-05-07T10:07:44","slug":"couteau-pliant-cold-steel-lynn-thompson-signature-spartan","status":"publish","type":"product","link":"https:\/\/www.moskito.cz\/fr\/produkt\/couteau-pliant-cold-steel-lynn-thompson-signature-spartan\/","title":{"rendered":"Couteau pliant Cold Steel LYNN THOMPSON SIGNATURE SPARTAN"},"content":{"rendered":"<p>Couteau pliant <strong>Cold Steel<\/strong> LYNN THOMPSON SIGNATURE SPARTAN<\/p>\n<p><strong>Cold Steel<\/strong> Lynn Thompson Signature Spartan avec signature sur le devant de la lame et num\u00e9ro de s\u00e9rie d&rsquo;authenticit\u00e9. La lame dentel\u00e9e super tranchante des Spartans est fabriqu\u00e9e en acier S35VN et a \u00e9t\u00e9 con\u00e7ue pour refl\u00e9ter l&rsquo;esth\u00e9tique et les performances de coupe du c\u00e9l\u00e8bre Kukri, avec une lame incurv\u00e9e, un grand ventre et une pointe tranchante. La lame de ce couteau Cold Steel est dot\u00e9e d&rsquo;une plaque de pouce brevet\u00e9e \u00ab&nbsp;Demko&nbsp;\u00bb pour une ouverture \u00e0 une main ou extractible. La poign\u00e9e rainur\u00e9e OD Green G-10 pr\u00e9sente une courbe distincte du choil et de la t\u00eate pour une prise s\u00fbre, des inserts en acier pour plus de solidit\u00e9, un verrou Tri-Ad et un trou pour lani\u00e8re. Il est fortement profil\u00e9 pour plus de confort et pr\u00e9sente un moletage irr\u00e9gulier et une finition fortement textur\u00e9e pour une prise exceptionnellement efficace.<\/p>\n<p>Description:<br \/>\nMat\u00e9riau de la lame&nbsp;: CPM-S35VN<br \/>\nMat\u00e9riau du manche : G-10<br \/>\nS\u00e9curit\u00e9&nbsp;:&nbsp;verrouillage Tri-Ad<br \/>\nLongueur de la lame : 11,4 cm<br \/>\nLongueur totale : 26,7 cm<br \/>\nLongueur du couteau pli\u00e9 : 15,2 cm<br \/>\n\u00c9paisseur de la lame : 4 mm<br \/>\nPoids : 256 g<br \/>\nType de lame : Kukri<\/p>\n<p><iframe title=\"Cold Steel Lynn Thompson Signature Series Spartan Knife 1 Available at Cold Steel Dealers Nationwide\" width=\"800\" height=\"450\" src=\"https:\/\/www.youtube.com\/embed\/P5zbdjBcmpI?feature=oembed\" frameborder=\"0\" allow=\"accelerometer; autoplay; clipboard-write; encrypted-media; gyroscope; picture-in-picture; web-share\" allowfullscreen><\/iframe><\/p>\n<p>&nbsp;<\/p>\n<p>&nbsp;<\/p>\n","protected":false},"excerpt":{"rendered":"<p><strong>LYNN THOMPSON SIGNATURE SPARTAN, couteau pliant \u00e0 lame dentel\u00e9e. Cette fois dans une s\u00e9rie limit\u00e9e et num\u00e9rot\u00e9e, sign\u00e9e par le fondateur de Cold Steel.<\/strong><\/p>\n","protected":false},"featured_media":323732,"comment_status":"open","ping_status":"closed","template":"","meta":[],"pwb-brand":[3789],"product_brand":[],"product_cat":[3700,3696],"product_tag":[3754],"class_list":{"0":"post-323731","1":"product","2":"type-product","3":"status-publish","4":"has-post-thumbnail","6":"pwb-brand-acier-froid","7":"product_cat-couteaux-de-fermeture","8":"product_cat-des-couteaux","9":"product_tag-b2b-fr","11":"first","12":"instock","13":"taxable","14":"shipping-taxable","15":"purchasable","16":"product-type-simple"},"brands":[{"id":3789,"name":"Acier froid","slug":"acier-froid"}],"_links":{"self":[{"href":"https:\/\/www.moskito.cz\/fr\/wp-json\/wp\/v2\/product\/323731","targetHints":{"allow":["GET"]}}],"collection":[{"href":"https:\/\/www.moskito.cz\/fr\/wp-json\/wp\/v2\/product"}],"about":[{"href":"https:\/\/www.moskito.cz\/fr\/wp-json\/wp\/v2\/types\/product"}],"replies":[{"embeddable":true,"href":"https:\/\/www.moskito.cz\/fr\/wp-json\/wp\/v2\/comments?post=323731"}],"wp:featuredmedia":[{"embeddable":true,"href":"https:\/\/www.moskito.cz\/fr\/wp-json\/wp\/v2\/media\/323732"}],"wp:attachment":[{"href":"https:\/\/www.moskito.cz\/fr\/wp-json\/wp\/v2\/media?parent=323731"}],"wp:term":[{"taxonomy":"pwb-brand","embeddable":true,"href":"https:\/\/www.moskito.cz\/fr\/wp-json\/wp\/v2\/pwb-brand?post=323731"},{"taxonomy":"product_brand","embeddable":true,"href":"https:\/\/www.moskito.cz\/fr\/wp-json\/wp\/v2\/product_brand?post=323731"},{"taxonomy":"product_cat","embeddable":true,"href":"https:\/\/www.moskito.cz\/fr\/wp-json\/wp\/v2\/product_cat?post=323731"},{"taxonomy":"product_tag","embeddable":true,"href":"https:\/\/www.moskito.cz\/fr\/wp-json\/wp\/v2\/product_tag?post=323731"}],"curies":[{"name":"wp","href":"https:\/\/api.w.org\/{rel}","templated":true}]}}