{"id":323814,"date":"2024-03-25T17:00:42","date_gmt":"2024-03-25T16:04:17","guid":{"rendered":"https:\/\/www.moskito.cz\/produkt\/couteau-fixe-spartan-blades-phrike-sb17bkgrkybk\/"},"modified":"2025-05-07T11:07:46","modified_gmt":"2025-05-07T10:07:46","slug":"couteau-fixe-spartan-blades-phrike-sb17bkgrkybk","status":"publish","type":"product","link":"https:\/\/www.moskito.cz\/fr\/produkt\/couteau-fixe-spartan-blades-phrike-sb17bkgrkybk\/","title":{"rendered":"Couteau Fixe Spartan Blades Phrike SB17BKGRKYBK"},"content":{"rendered":"<p>Couteau fixe <strong>Spartan Blades<\/strong> Phrike SB17BKGRKYBK.<\/p>\n<p><strong>Le couteau d&rsquo;autod\u00e9fense\/utilitaire Spartan Phrike<\/strong> s&rsquo;inspire de la mythologie grecque antique, Phrike \u00e9tant une d\u00e9esse associ\u00e9e \u00e0 la terreur et \u00e0 la peur. En grec, \u00ab phrike \u00bb est traduit par \u00ab trembler \u00bb ou \u00ab trembler \u00bb. Malgr\u00e9 sa taille compacte, le couteau d&rsquo;auto-d\u00e9fense personnalis\u00e9 Spartan Phrike est un outil impressionnant et finement con\u00e7u, con\u00e7u \u00e0 la fois pour l&rsquo;auto-d\u00e9fense et pour un usage utilitaire.<\/p>\n<p><strong>Le Phrike<\/strong> a une lame petite et l\u00e9g\u00e8re, mesurant 4,25 pouces, sp\u00e9cialement con\u00e7ue pour une portabilit\u00e9 facile et des applications polyvalentes telles que l&rsquo;autod\u00e9fense et le bushcraft. Le manche peu encastr\u00e9 du couteau contribue \u00e0 son confort, \u00e0 son profil mince et \u00e0 sa grande portabilit\u00e9.<\/p>\n<p>Excellent couteau utilitaire, le Phrike convient aux t\u00e2ches quotidiennes et fait ses preuves dans diverses situations. Ses capacit\u00e9s ext\u00e9rieures en font un compagnon fiable pour la chasse et la randonn\u00e9e. En plus de son utilit\u00e9, <strong>le Phrike<\/strong> excelle comme couteau d&rsquo;auto-d\u00e9fense fait main, id\u00e9al pour les urgences et les circonstances impr\u00e9vues.<\/p>\n<p>Le couteau est livr\u00e9 avec un \u00e9tui Kydex \u00e9quip\u00e9 d&rsquo;une boucle IWB (Inside the Belt), disponible en noir ou en coyote.<\/p>\n<p>Les sp\u00e9cifications du couteau d\u2019autod\u00e9fense\/utilitaire Spartan Phrike sont les suivantes&nbsp;:<\/p>\n<p>Nom du couteau : Phrike<br \/>\nConcepteurs&nbsp;: Iovito\/Carey<br \/>\nLongueur de la lame : 10,62 cm<br \/>\nLongueur totale : 21,25 cm<br \/>\nAcier de la lame : S45VN<br \/>\nDuret\u00e9 de la lame&nbsp;: 59-61 HRC<br \/>\nStyle de lame&nbsp;: pointe de chute solide et incurv\u00e9e<br \/>\nRev\u00eatement : SpartaCoat \u2013 PVD \u2013 Tungsten DLC (Flat Black) ou ZrN (Flat Dark Earth)<br \/>\nMat\u00e9riau du manche&nbsp;: G10 (noir, vert et coyote tan)<br \/>\nFourreau : Kydex avec boucle IWB (noir ou coyote)<br \/>\nPoids&nbsp;: 0,244 LBS<\/p>\n<p><iframe title=\"Spartan Blades Company Knife Company Story with Co-Founders Mark Carey and Curtis Iovito.\" width=\"800\" height=\"450\" src=\"https:\/\/www.youtube.com\/embed\/S-EVJgZR57Y?feature=oembed\" frameborder=\"0\" allow=\"accelerometer; autoplay; clipboard-write; encrypted-media; gyroscope; picture-in-picture; web-share\" allowfullscreen><\/iframe><\/p>\n<p>&nbsp;<\/p>\n","protected":false},"excerpt":{"rendered":"<p><strong>Le couteau d&rsquo;autod\u00e9fense\/utilitaire Spartan Phrike s&rsquo;inspire de la mythologie grecque antique, Phrike \u00e9tant une d\u00e9esse associ\u00e9e \u00e0 la terreur et \u00e0 la peur. En grec, \u00ab phrike \u00bb est traduit par \u00ab trembler \u00bb ou \u00ab trembler \u00bb. Malgr\u00e9 sa taille compacte, le couteau d&rsquo;auto-d\u00e9fense personnalis\u00e9 Spartan Phrike est un outil impressionnant et finement con\u00e7u, con\u00e7u \u00e0 la fois pour l&rsquo;auto-d\u00e9fense et pour un usage utilitaire.<\/strong><\/p>\n<p><strong>Transports gratuits.<\/strong><\/p>\n","protected":false},"featured_media":323769,"comment_status":"open","ping_status":"closed","template":"","meta":[],"pwb-brand":[3837],"product_brand":[],"product_cat":[3697,3696],"product_tag":[3754],"class_list":{"0":"post-323814","1":"product","2":"type-product","3":"status-publish","4":"has-post-thumbnail","6":"pwb-brand-lames-spartiates","7":"product_cat-couteaux-solides","8":"product_cat-des-couteaux","9":"product_tag-b2b-fr","11":"first","12":"instock","13":"taxable","14":"shipping-taxable","15":"purchasable","16":"product-type-simple"},"brands":[{"id":3837,"name":"Lames spartiates","slug":"lames-spartiates"}],"_links":{"self":[{"href":"https:\/\/www.moskito.cz\/fr\/wp-json\/wp\/v2\/product\/323814","targetHints":{"allow":["GET"]}}],"collection":[{"href":"https:\/\/www.moskito.cz\/fr\/wp-json\/wp\/v2\/product"}],"about":[{"href":"https:\/\/www.moskito.cz\/fr\/wp-json\/wp\/v2\/types\/product"}],"replies":[{"embeddable":true,"href":"https:\/\/www.moskito.cz\/fr\/wp-json\/wp\/v2\/comments?post=323814"}],"wp:featuredmedia":[{"embeddable":true,"href":"https:\/\/www.moskito.cz\/fr\/wp-json\/wp\/v2\/media\/323769"}],"wp:attachment":[{"href":"https:\/\/www.moskito.cz\/fr\/wp-json\/wp\/v2\/media?parent=323814"}],"wp:term":[{"taxonomy":"pwb-brand","embeddable":true,"href":"https:\/\/www.moskito.cz\/fr\/wp-json\/wp\/v2\/pwb-brand?post=323814"},{"taxonomy":"product_brand","embeddable":true,"href":"https:\/\/www.moskito.cz\/fr\/wp-json\/wp\/v2\/product_brand?post=323814"},{"taxonomy":"product_cat","embeddable":true,"href":"https:\/\/www.moskito.cz\/fr\/wp-json\/wp\/v2\/product_cat?post=323814"},{"taxonomy":"product_tag","embeddable":true,"href":"https:\/\/www.moskito.cz\/fr\/wp-json\/wp\/v2\/product_tag?post=323814"}],"curies":[{"name":"wp","href":"https:\/\/api.w.org\/{rel}","templated":true}]}}