{"id":323909,"date":"2023-10-26T19:40:56","date_gmt":"2024-03-26T09:44:57","guid":{"rendered":"https:\/\/www.moskito.cz\/produkt\/couteau-de-fermeture-kershaw-payout-2075\/"},"modified":"2025-05-07T11:07:48","modified_gmt":"2025-05-07T10:07:48","slug":"couteau-de-fermeture-kershaw-payout-2075","status":"publish","type":"product","link":"https:\/\/www.moskito.cz\/fr\/produkt\/couteau-de-fermeture-kershaw-payout-2075\/","title":{"rendered":"Couteau de fermeture Kershaw PAYOUT 2075"},"content":{"rendered":"<p>Couteau de fermeture <strong>Kershaw<\/strong> PAYOUT 2075<\/p>\n<p><strong>Le paiement<\/strong> est un couteau plus grand qui attirera certainement des regards admiratifs. La grande lame en acier D2 de 3,5 pouces pr\u00e9sente une encoche sup\u00e9rieure unique qui donne au Payout un aspect dynamique et soulage une partie du poids de la lame plus grande. L&rsquo;avant de la poign\u00e9e G10 en acier usin\u00e9 et noir est compl\u00e9t\u00e9 par une \u00e9pingle d\u00e9corative et une \u00e9pingle en aluminium anodis\u00e9 cuivre. Le dos de la poign\u00e9e refl\u00e8te l&rsquo;anneau pivotant avec sa propre but\u00e9e contre le croisement, \u00e9galement anodis\u00e9e en cuivre. La touche finale en cuivre est le support, qui sert de trou pour la corde.<\/p>\n<p>Couteau de poche de haute qualit\u00e9 \u00e0 l&rsquo;apparence unique, haute performance<br \/>\nL&rsquo;acier \u00e0 outils D2 \u00e0 haute teneur en carbone est tr\u00e8s r\u00e9sistant \u00e0 l&rsquo;usure, robuste et offre une excellente r\u00e9tention des bords.<br \/>\nUn anneau pivotant en aluminium anodis\u00e9 en cuivre, un trou d&rsquo;espacement\/de lani\u00e8re et une but\u00e9e anti-course offrent une touche personnalis\u00e9e<br \/>\nLa poign\u00e9e en acier et G10 est profond\u00e9ment profil\u00e9e pour s&rsquo;incurver confortablement dans la paume<br \/>\nLa grande lame s&rsquo;ouvre rapidement gr\u00e2ce \u00e0 l&rsquo;ouverture assist\u00e9e de Kershaw<br \/>\nLe clip de poche enveloppant offre un port profond et confortable.<\/p>\n<p>Utiliser tous les jours, \u00e0 l&rsquo;ext\u00e9rieur, au travail<br \/>\nType assist\u00e9, dossier<br \/>\nCouteau de poche \u00e9l\u00e9gant<br \/>\nCr\u00e9ateur Kershaw Originals<br \/>\nPoint de chute de style lame<br \/>\nBord de lame uni<br \/>\nAction d\u2019ouverture assist\u00e9e<br \/>\nS&rsquo;ouvre avec Flipper<br \/>\nType de verrouillage Verrouillage du cadre<br \/>\nClip de poche Transport extra profond dans une position (\u00e0 droite, pliable)<br \/>\nCouleur de la poign\u00e9e argent et noir<br \/>\nQuincaillerie \u00c9crou pivotant en acier anodis\u00e9 bronze, manchon pivotant en aluminium anodis\u00e9 bronze, clip de poche en acier anodis\u00e9 bronze, entretoises de tube en aluminium anodis\u00e9 bronze, vis en acier anodis\u00e9 bronze<br \/>\nPays d&rsquo;origine USA : Conception, Prototype, Contr\u00f4le Qualit\u00e9.<br \/>\nGarantie Garantie \u00e0 vie limit\u00e9e<\/p>\n<p>CARACT\u00c9RISTIQUES:<br \/>\nLongueur de la lame : 8,9 cm<br \/>\nMat\u00e9riau de la lame D2<br \/>\nFinition lame\/gaine Finition Stonewash<br \/>\n\u00c9paisseur de la lame 0,284 cm<br \/>\nLongueur ferm\u00e9 : 12,6 cm<br \/>\nMat\u00e9riau du manche G10 \u00e0 l&rsquo;avant, acier inoxydable \u00e0 l&rsquo;arri\u00e8re<br \/>\nFinition poign\u00e9e\/rev\u00eatement dos avec finition Stonewash<br \/>\n\u00c9paisseur du manche : 10 cm<br \/>\nLongueur totale : 21,3 cm<br \/>\nPoids : 150,3 g<\/p>\n","protected":false},"excerpt":{"rendered":"<p><strong>Couteau de poche de haute qualit\u00e9 \u00e0 l&rsquo;apparence unique, haute performance.<\/strong><\/p>\n","protected":false},"featured_media":323912,"comment_status":"open","ping_status":"closed","template":"","meta":[],"pwb-brand":[3775],"product_brand":[],"product_cat":[3700,3696],"product_tag":[],"class_list":{"0":"post-323909","1":"product","2":"type-product","3":"status-publish","4":"has-post-thumbnail","6":"pwb-brand-kershaw-fr","7":"product_cat-couteaux-de-fermeture","8":"product_cat-des-couteaux","10":"first","11":"outofstock","12":"taxable","13":"shipping-taxable","14":"purchasable","15":"product-type-simple"},"brands":[{"id":3775,"name":"Kershaw","slug":"kershaw-fr"}],"_links":{"self":[{"href":"https:\/\/www.moskito.cz\/fr\/wp-json\/wp\/v2\/product\/323909","targetHints":{"allow":["GET"]}}],"collection":[{"href":"https:\/\/www.moskito.cz\/fr\/wp-json\/wp\/v2\/product"}],"about":[{"href":"https:\/\/www.moskito.cz\/fr\/wp-json\/wp\/v2\/types\/product"}],"replies":[{"embeddable":true,"href":"https:\/\/www.moskito.cz\/fr\/wp-json\/wp\/v2\/comments?post=323909"}],"wp:featuredmedia":[{"embeddable":true,"href":"https:\/\/www.moskito.cz\/fr\/wp-json\/wp\/v2\/media\/323912"}],"wp:attachment":[{"href":"https:\/\/www.moskito.cz\/fr\/wp-json\/wp\/v2\/media?parent=323909"}],"wp:term":[{"taxonomy":"pwb-brand","embeddable":true,"href":"https:\/\/www.moskito.cz\/fr\/wp-json\/wp\/v2\/pwb-brand?post=323909"},{"taxonomy":"product_brand","embeddable":true,"href":"https:\/\/www.moskito.cz\/fr\/wp-json\/wp\/v2\/product_brand?post=323909"},{"taxonomy":"product_cat","embeddable":true,"href":"https:\/\/www.moskito.cz\/fr\/wp-json\/wp\/v2\/product_cat?post=323909"},{"taxonomy":"product_tag","embeddable":true,"href":"https:\/\/www.moskito.cz\/fr\/wp-json\/wp\/v2\/product_tag?post=323909"}],"curies":[{"name":"wp","href":"https:\/\/api.w.org\/{rel}","templated":true}]}}