{"id":323972,"date":"2024-03-26T18:06:37","date_gmt":"2024-03-26T17:07:23","guid":{"rendered":"https:\/\/www.moskito.cz\/produkt\/couteau-de-tir-pro-tech-les-george-sbr-stonewashed-lg401-blue\/"},"modified":"2025-05-07T11:07:49","modified_gmt":"2025-05-07T10:07:49","slug":"couteau-de-tir-pro-tech-les-george-sbr-stonewashed-lg401-blue","status":"publish","type":"product","link":"https:\/\/www.moskito.cz\/fr\/produkt\/couteau-de-tir-pro-tech-les-george-sbr-stonewashed-lg401-blue\/","title":{"rendered":"Couteau de tir Pro-Tech Les George SBR Stonewashed LG401-BLUE"},"content":{"rendered":"<p>Couteau de tir <strong>Pro-Tech<\/strong> Les George SBR Stonewashed LG401-BLUE<\/p>\n<p>Chaque couteau <strong>Pro-Tech<\/strong> est un m\u00e9lange des meilleurs mat\u00e9riaux disponibles et un engagement envers le savoir-faire. Les couteaux <strong>Pro-Tech<\/strong> sont fabriqu\u00e9s \u00e0 l&rsquo;aide de processus de fabrication de pointe qui incluent&nbsp;: Usinage CNC, \u00e9lectro\u00e9rosion \u00e0 fil, d\u00e9coupe laser, etc. Les composants de haute technologie sont assembl\u00e9s et assembl\u00e9s \u00e0 la main par des artisans d\u00e9vou\u00e9s et m\u00e9ticuleux dans leur usine d&rsquo;Artesia, en Californie. Ils fabriquent de petits lots de leurs couteaux afin de pouvoir prendre le temps d&rsquo;ajuster et de finir individuellement chaque couteau \u00e0 la main \u00e0 un niveau rarement vu dans les couteaux d&rsquo;usine. Leurs mod\u00e8les de couteaux de production offrent le meilleur design, la meilleure fonction et la meilleure valeur de tous les couteaux sur le march\u00e9 aujourd&rsquo;hui. Leurs couteaux automatiques personnalis\u00e9s sont des \u0153uvres d\u2019art uniques. Chacun des couteaux personnalis\u00e9s en \u00e9dition limit\u00e9e illustre la qualit\u00e9 de l&rsquo;h\u00e9ritage. Quel que soit le couteau que vous choisissez, nous sommes s\u00fbrs que vous serez tr\u00e8s satisfait de votre achat.<\/p>\n<p>Pro-Tech Knives est fier d&rsquo;\u00eatre le premier choix des professionnels des forces de l&rsquo;ordre et des militaires du monde entier. Les couteaux Pro-Tech sont con\u00e7us pour durer et durer. Le Short Bladed Rockeye, ou SBR en abr\u00e9g\u00e9, est une version compacte de l&rsquo;excellent Rockeye Auto pleine grandeur. Les deux couteaux sont con\u00e7us par Les George, concepteur de couteaux du Corps des Marines, dont les couteaux ergonomiques robustes ont \u00e9t\u00e9 fid\u00e8lement traduits en versions automatiques par Pro-Tech. Le SBR pr\u00e9sente une conception compacte avec une lame de 2,5&Prime; con\u00e7ue pour une vari\u00e9t\u00e9 de t\u00e2ches de coupe. Un dos frais\u00e9 en poche ajoute une adh\u00e9rence et une profondeur suppl\u00e9mentaires au design. Le couteau s&rsquo;ouvre avec autorit\u00e9 gr\u00e2ce au m\u00e9canisme automatique \u00e0 ressort h\u00e9lico\u00efdal Pro-Tech. Ne vous laissez pas tromper par sa taille, le SBR est une puissance bantam. Ce mod\u00e8le comprend des poign\u00e9es anodis\u00e9es bleues solides, du mat\u00e9riel sabl\u00e9, un clip de poche profond et une finition de lame en pierre.<\/p>\n<p>Caract\u00e9ristiques:<br \/>\nLongueur de la lame : 6,25 cm<br \/>\nLongueur ferm\u00e9 : 10 cm<br \/>\nLongueur totale : 17 cm<br \/>\nMat\u00e9riau de la lame : acier inoxydable CPM-S35VN<br \/>\nDuret\u00e9 de la lame : 59HRC<br \/>\nStyle de lame&nbsp;:&nbsp;pointe de chute<br \/>\nMeulage de la lame&nbsp;:&nbsp;Plat<br \/>\nTraitement de surface de la lame : Stonewash<br \/>\nMat\u00e9riau du manche : aluminium T6-6061, bleu<br \/>\nM\u00e9canisme de verrouillage : Bouton<br \/>\nClip de poche&nbsp;: acier inoxydable avec transport profond (rabattable, transport \u00e0 droite)<br \/>\nPoids : 2,9 onces.<br \/>\nCr\u00e9ateur : Les Georges<br \/>\nFabriqu\u00e9 aux \u00c9tats-Unis<\/p>\n<p><iframe title=\"Meet Pro-Tech Knives\" width=\"800\" height=\"450\" src=\"https:\/\/www.youtube.com\/embed\/0TueVbHVDY4?feature=oembed\" frameborder=\"0\" allow=\"accelerometer; autoplay; clipboard-write; encrypted-media; gyroscope; picture-in-picture; web-share\" allowfullscreen><\/iframe><\/p>\n<p>&nbsp;<\/p>\n","protected":false},"excerpt":{"rendered":"<p><strong>Nos mod\u00e8les de couteaux de production offrent le meilleur design, la meilleure fonction et la meilleure valeur de tous les couteaux sur le march\u00e9 aujourd&rsquo;hui. Nos couteaux d&rsquo;art personnalis\u00e9s sont des \u0153uvres d&rsquo;art uniques. Chacun de nos couteaux personnalis\u00e9s en \u00e9dition limit\u00e9e illustre un h\u00e9ritage de qualit\u00e9. Quel que soit le couteau que vous choisissez, nous sommes s\u00fbrs que vous serez tr\u00e8s satisfait de votre achat.<\/strong><\/p>\n<p><strong>Merci de votre int\u00e9r\u00eat pour nos couteaux de qualit\u00e9.<\/strong><\/p>\n<p>Transports gratuits.<\/p>\n","protected":false},"featured_media":323921,"comment_status":"open","ping_status":"closed","template":"","meta":[],"pwb-brand":[3817],"product_brand":[],"product_cat":[3699,3696],"product_tag":[3754],"class_list":{"0":"post-323972","1":"product","2":"type-product","3":"status-publish","4":"has-post-thumbnail","6":"pwb-brand-pour-la-technologie","7":"product_cat-couteaux-de-tir","8":"product_cat-des-couteaux","9":"product_tag-b2b-fr","11":"first","12":"instock","13":"taxable","14":"shipping-taxable","15":"purchasable","16":"product-type-simple"},"brands":[{"id":3817,"name":"Pour la technologie","slug":"pour-la-technologie"}],"_links":{"self":[{"href":"https:\/\/www.moskito.cz\/fr\/wp-json\/wp\/v2\/product\/323972","targetHints":{"allow":["GET"]}}],"collection":[{"href":"https:\/\/www.moskito.cz\/fr\/wp-json\/wp\/v2\/product"}],"about":[{"href":"https:\/\/www.moskito.cz\/fr\/wp-json\/wp\/v2\/types\/product"}],"replies":[{"embeddable":true,"href":"https:\/\/www.moskito.cz\/fr\/wp-json\/wp\/v2\/comments?post=323972"}],"wp:featuredmedia":[{"embeddable":true,"href":"https:\/\/www.moskito.cz\/fr\/wp-json\/wp\/v2\/media\/323921"}],"wp:attachment":[{"href":"https:\/\/www.moskito.cz\/fr\/wp-json\/wp\/v2\/media?parent=323972"}],"wp:term":[{"taxonomy":"pwb-brand","embeddable":true,"href":"https:\/\/www.moskito.cz\/fr\/wp-json\/wp\/v2\/pwb-brand?post=323972"},{"taxonomy":"product_brand","embeddable":true,"href":"https:\/\/www.moskito.cz\/fr\/wp-json\/wp\/v2\/product_brand?post=323972"},{"taxonomy":"product_cat","embeddable":true,"href":"https:\/\/www.moskito.cz\/fr\/wp-json\/wp\/v2\/product_cat?post=323972"},{"taxonomy":"product_tag","embeddable":true,"href":"https:\/\/www.moskito.cz\/fr\/wp-json\/wp\/v2\/product_tag?post=323972"}],"curies":[{"name":"wp","href":"https:\/\/api.w.org\/{rel}","templated":true}]}}