{"id":324054,"date":"2023-07-04T14:30:22","date_gmt":"2024-03-28T10:39:54","guid":{"rendered":"https:\/\/www.moskito.cz\/produkt\/couteau-pliant-marfione-amphibian-hot-blued-tiger-mai-baker-forge-damas\/"},"modified":"2025-05-07T11:07:51","modified_gmt":"2025-05-07T10:07:51","slug":"couteau-pliant-marfione-amphibian-hot-blued-tiger-mai-baker-forge-damas","status":"publish","type":"product","link":"https:\/\/www.moskito.cz\/fr\/produkt\/couteau-pliant-marfione-amphibian-hot-blued-tiger-mai-baker-forge-damas\/","title":{"rendered":"Couteau pliant Marfione Amphibian Hot Blued Tiger Mai Baker Forge Damas"},"content":{"rendered":"<p>Marfione Custom Knives Amphibian RAM-LOK Hot Blued Tiger Mai Baker Forge Damas et poign\u00e9es en fibre de carbone avec entretoise arri\u00e8re en cuivre pointill\u00e9.<\/p>\n<p>Ceci est un autre incroyable amphibien personnalis\u00e9 Marfione. Il comporte une lame fabriqu\u00e9e \u00e0 partir de Damas Hot Blued Tiger Mai Baker Forge avec une incrustation arri\u00e8re en cuivre pointill\u00e9e \u00e0 la main assortie ! Il est dot\u00e9 de poign\u00e9es en fibre de carbone avec du mat\u00e9riel DLC bicolore. Comprend une bo\u00eete personnalis\u00e9e Marfione, un tissu, un COA en m\u00e9tal sign\u00e9, un patch en m\u00e9tal, un \u00e9tui en peluche et un poignard \u00e0 fermeture \u00e9clair&nbsp;!<\/p>\n<p>Chaque couteau est unique, les motifs damass\u00e9s varient et peuvent ne pas \u00eatre comme indiqu\u00e9 sur les photos.<\/p>\n<p>Longueur de la lame : 10 cm<\/p>\n<p>Acier de lame : Tigre bleui \u00e0 chaud Mai Baker Forge Damas Damas<\/p>\n<p>Longueur totale : 23 cm<\/p>\n<p>Mat\u00e9riau de la poign\u00e9e&nbsp;: fibre de carbone avec mat\u00e9riel DLC bicolore<\/p>\n<p>Poids : 5,8 onces<\/p>\n<p>&nbsp;<\/p>\n<p>&nbsp;<\/p>\n","protected":false},"excerpt":{"rendered":"<p><strong>C&rsquo;est un autre incroyable Marfione Custom Amphibian, le seul en Europe.<\/strong><\/p>\n<p><strong>Livraison gratuite.<\/strong><\/p>\n<p>&nbsp;<\/p>\n<p>&nbsp;<\/p>\n","protected":false},"featured_media":324055,"comment_status":"open","ping_status":"closed","template":"","meta":[],"pwb-brand":[3751],"product_brand":[],"product_cat":[3700,3696],"product_tag":[],"class_list":{"0":"post-324054","1":"product","2":"type-product","3":"status-publish","4":"has-post-thumbnail","6":"pwb-brand-microtechnologie","7":"product_cat-couteaux-de-fermeture","8":"product_cat-des-couteaux","10":"first","11":"outofstock","12":"taxable","13":"shipping-taxable","14":"purchasable","15":"product-type-simple"},"brands":[{"id":3751,"name":"Microtechnologie","slug":"microtechnologie"}],"_links":{"self":[{"href":"https:\/\/www.moskito.cz\/fr\/wp-json\/wp\/v2\/product\/324054","targetHints":{"allow":["GET"]}}],"collection":[{"href":"https:\/\/www.moskito.cz\/fr\/wp-json\/wp\/v2\/product"}],"about":[{"href":"https:\/\/www.moskito.cz\/fr\/wp-json\/wp\/v2\/types\/product"}],"replies":[{"embeddable":true,"href":"https:\/\/www.moskito.cz\/fr\/wp-json\/wp\/v2\/comments?post=324054"}],"wp:featuredmedia":[{"embeddable":true,"href":"https:\/\/www.moskito.cz\/fr\/wp-json\/wp\/v2\/media\/324055"}],"wp:attachment":[{"href":"https:\/\/www.moskito.cz\/fr\/wp-json\/wp\/v2\/media?parent=324054"}],"wp:term":[{"taxonomy":"pwb-brand","embeddable":true,"href":"https:\/\/www.moskito.cz\/fr\/wp-json\/wp\/v2\/pwb-brand?post=324054"},{"taxonomy":"product_brand","embeddable":true,"href":"https:\/\/www.moskito.cz\/fr\/wp-json\/wp\/v2\/product_brand?post=324054"},{"taxonomy":"product_cat","embeddable":true,"href":"https:\/\/www.moskito.cz\/fr\/wp-json\/wp\/v2\/product_cat?post=324054"},{"taxonomy":"product_tag","embeddable":true,"href":"https:\/\/www.moskito.cz\/fr\/wp-json\/wp\/v2\/product_tag?post=324054"}],"curies":[{"name":"wp","href":"https:\/\/api.w.org\/{rel}","templated":true}]}}