{"id":324237,"date":"2024-03-29T14:44:35","date_gmt":"2024-03-29T13:46:15","guid":{"rendered":"https:\/\/www.moskito.cz\/produkt\/couteau-fixe-spartan-blades-formido-sb39bkkybk\/"},"modified":"2025-05-07T11:07:55","modified_gmt":"2025-05-07T10:07:55","slug":"couteau-fixe-spartan-blades-formido-sb39bkkybk","status":"publish","type":"product","link":"https:\/\/www.moskito.cz\/fr\/produkt\/couteau-fixe-spartan-blades-formido-sb39bkkybk\/","title":{"rendered":"Couteau Fixe Spartan Blades Formido SB39BKKYBK"},"content":{"rendered":"<p>Couteau Fixe <strong>Spartan Blades<\/strong> Formido SB39BKKYBK.<\/p>\n<p>Pr\u00e9sentation du couteau de transport quotidien d&rsquo;autod\u00e9fense Formido de Spartan, une lame fixe haut de gamme qui red\u00e9finit le confort, la durabilit\u00e9 et la fiabilit\u00e9. Soigneusement con\u00e7u par Curtis Iovito, ce couteau personnalis\u00e9 est votre compagnon id\u00e9al pour les sc\u00e9narios de transport quotidien et d&rsquo;autod\u00e9fense.<\/p>\n<p>Propri\u00e9t\u00e9s cl\u00e9s&nbsp;:<\/p>\n<p>Conception de lame fixe cibl\u00e9e&nbsp;: Le Formido est dot\u00e9 d&rsquo;une lame fixe squelett\u00e9e soigneusement con\u00e7ue, adapt\u00e9e \u00e0 l&rsquo;autod\u00e9fense et \u00e0 la brousse. Avec une longueur de lame \u00e9quilibr\u00e9e de 3 7\/8&Prime;, il offre un transport fin et confortable, facilitant un d\u00e9ploiement rapide et efficace en cas de besoin.<\/p>\n<p>Artisanat haut de gamme : fabriqu\u00e9 avec pr\u00e9cision et soin, le Formido incarne l&rsquo;engagement de Spartan envers la qualit\u00e9. La lame solide et droite est fabriqu\u00e9e en acier CPM S45VN, connu pour sa r\u00e9tention exceptionnelle des bords et sa r\u00e9sistance \u00e0 la corrosion, garantissant durabilit\u00e9 et polyvalence.<\/p>\n<p>Technologie PVD de pointe&nbsp;: Formido pr\u00e9sente la technologie PVD (d\u00e9p\u00f4t physique en phase vapeur) de pointe utilisant le tungst\u00e8ne DLC en noir plat ou le ZrN en terre sombre plate. Cette finition avanc\u00e9e ajoute non seulement une esth\u00e9tique distincte, mais augmente \u00e9galement la durabilit\u00e9 et garantit que votre couteau r\u00e9sistera \u00e0 l&rsquo;\u00e9preuve du temps.<\/p>\n<p>Options de transport polyvalentes&nbsp;: Le Formido est dot\u00e9 d&rsquo;une gaine en kydex con\u00e7ue pour un transport int\u00e9rieur \u00e0 la taille (IWB) ou horizontal, offrant une polyvalence dans le style de transport et un acc\u00e8s \u00e0 la lame fixe. Choisissez entre le noir ou le coyote pour correspondre \u00e0 votre style personnel.<\/p>\n<p>Caract\u00e9ristiques:<\/p>\n<p>Nom du couteau : Formido<br \/>\nCr\u00e9ateur(s) : Curtis Iovito<br \/>\nLongueur de la lame : 10 cm<br \/>\nLongueur totale : 22 cm<br \/>\nAcier de la lame : CPM S45VN<br \/>\nDuret\u00e9 de la lame : 58-60<br \/>\nStyle de lame&nbsp;: solide, dos droit<br \/>\nRev\u00eatement&nbsp;: PVD \u2013 Tungst\u00e8ne DLC (Flat Black) ou ZrN (Flat Dark Earth)<br \/>\nFourreau : Kydex avec boucle IWB (noir ou coyote)<br \/>\nPoids&nbsp;: 0,157 LBS<\/p>\n<p>Am\u00e9liorez votre transport quotidien avec le couteau \u00e0 lame fixe Formido, combinant un design cibl\u00e9 et un savoir-faire unique. Faites confiance \u00e0 Spartan pour vous fournir une lame solide qui non seulement r\u00e9pondra, mais d\u00e9passera vos attentes en mati\u00e8re de performance, de durabilit\u00e9 et de style.<\/p>\n<p><iframe title=\"Spartan Blades Company Knife Company Story with Co-Founders Mark Carey and Curtis Iovito.\" width=\"800\" height=\"450\" src=\"https:\/\/www.youtube.com\/embed\/S-EVJgZR57Y?feature=oembed\" frameborder=\"0\" allow=\"accelerometer; autoplay; clipboard-write; encrypted-media; gyroscope; picture-in-picture; web-share\" referrerpolicy=\"strict-origin-when-cross-origin\" allowfullscreen><\/iframe><\/p>\n<p>&nbsp;<\/p>\n","protected":false},"excerpt":{"rendered":"<p><strong>Pr\u00e9sentation du couteau de transport quotidien d&rsquo;autod\u00e9fense Formido de Spartan, une lame fixe haut de gamme qui red\u00e9finit le confort, la durabilit\u00e9 et la fiabilit\u00e9. Soigneusement con\u00e7u par Curtis Iovito, ce couteau personnalis\u00e9 est votre compagnon id\u00e9al pour les sc\u00e9narios de transport quotidien et d&rsquo;autod\u00e9fense.<\/strong><\/p>\n<p><strong>Sans frais de port.<\/strong><\/p>\n","protected":false},"featured_media":324198,"comment_status":"open","ping_status":"closed","template":"","meta":[],"pwb-brand":[3837],"product_brand":[],"product_cat":[3697,3696],"product_tag":[3754],"class_list":{"0":"post-324237","1":"product","2":"type-product","3":"status-publish","4":"has-post-thumbnail","6":"pwb-brand-lames-spartiates","7":"product_cat-couteaux-solides","8":"product_cat-des-couteaux","9":"product_tag-b2b-fr","11":"first","12":"instock","13":"taxable","14":"shipping-taxable","15":"purchasable","16":"product-type-simple"},"brands":[{"id":3837,"name":"Lames spartiates","slug":"lames-spartiates"}],"_links":{"self":[{"href":"https:\/\/www.moskito.cz\/fr\/wp-json\/wp\/v2\/product\/324237","targetHints":{"allow":["GET"]}}],"collection":[{"href":"https:\/\/www.moskito.cz\/fr\/wp-json\/wp\/v2\/product"}],"about":[{"href":"https:\/\/www.moskito.cz\/fr\/wp-json\/wp\/v2\/types\/product"}],"replies":[{"embeddable":true,"href":"https:\/\/www.moskito.cz\/fr\/wp-json\/wp\/v2\/comments?post=324237"}],"wp:featuredmedia":[{"embeddable":true,"href":"https:\/\/www.moskito.cz\/fr\/wp-json\/wp\/v2\/media\/324198"}],"wp:attachment":[{"href":"https:\/\/www.moskito.cz\/fr\/wp-json\/wp\/v2\/media?parent=324237"}],"wp:term":[{"taxonomy":"pwb-brand","embeddable":true,"href":"https:\/\/www.moskito.cz\/fr\/wp-json\/wp\/v2\/pwb-brand?post=324237"},{"taxonomy":"product_brand","embeddable":true,"href":"https:\/\/www.moskito.cz\/fr\/wp-json\/wp\/v2\/product_brand?post=324237"},{"taxonomy":"product_cat","embeddable":true,"href":"https:\/\/www.moskito.cz\/fr\/wp-json\/wp\/v2\/product_cat?post=324237"},{"taxonomy":"product_tag","embeddable":true,"href":"https:\/\/www.moskito.cz\/fr\/wp-json\/wp\/v2\/product_tag?post=324237"}],"curies":[{"name":"wp","href":"https:\/\/api.w.org\/{rel}","templated":true}]}}