{"id":324281,"date":"2024-03-29T15:03:01","date_gmt":"2024-03-29T14:08:08","guid":{"rendered":"https:\/\/www.moskito.cz\/produkt\/couteau-fixe-spartan-blades-alala-sbsl004bkbk\/"},"modified":"2025-05-07T11:07:57","modified_gmt":"2025-05-07T10:07:57","slug":"couteau-fixe-spartan-blades-alala-sbsl004bkbk","status":"publish","type":"product","link":"https:\/\/www.moskito.cz\/fr\/produkt\/couteau-fixe-spartan-blades-alala-sbsl004bkbk\/","title":{"rendered":"Couteau fixe Spartan Blades Alala SBSL004BKBK"},"content":{"rendered":"<p>Couteau fixe <strong>Spartan Blades<\/strong> Alala SBSL004BKBK.<\/p>\n<p><strong>Alala<\/strong> , nomm\u00e9 d&rsquo;apr\u00e8s le grec ancien signifiant \u00ab cri de guerre \u00bb ou \u00ab cri de guerre \u00bb, \u00e9tait l&rsquo;incarnation du cri de guerre dans la mythologie grecque. L&rsquo;Alala est un couteau \u00e0 lame fixe, fabriqu\u00e9 par KA-BAR Knives \u00e0 Olean, NY, USA, pour des performances robustes et un transport quotidien. Offrant une ergonomie et une fiabilit\u00e9 exceptionnelles, c&rsquo;est un outil polyvalent pr\u00eat \u00e0 vous aider dans une vari\u00e9t\u00e9 de t\u00e2ches ext\u00e9rieures.<\/p>\n<p>Propri\u00e9t\u00e9s cl\u00e9s&nbsp;:<\/p>\n<p>Confort au quotidien : Con\u00e7u pour une praticit\u00e9 sans effort <strong>, l&rsquo;Alala<\/strong> allie robustesse et perfection ergonomique. C&rsquo;est le compagnon id\u00e9al pour la coupe quotidienne et offre un outil fiable chaque fois que vous en avez besoin.<\/p>\n<p>Artisanat de qualit\u00e9 : cr\u00e9\u00e9 par les artisans qualifi\u00e9s de KA-BAR Knives, situ\u00e9 \u00e0 Olean, New York, \u00c9tats-Unis, <strong>l&rsquo;<\/strong> Alala refl\u00e8te l&rsquo;excellence de la coutellerie am\u00e9ricaine.<\/p>\n<p>Lame ext\u00e9rieure polyvalente&nbsp;: La lame solide et plate de 3,75&nbsp;pouces, fabriqu\u00e9e \u00e0 partir d&rsquo;acier Cro-Van 1095 d&rsquo;origine allemande, est le compagnon id\u00e9al pour l&rsquo;ext\u00e9rieur. Sa durabilit\u00e9 et son tranchant le rendent id\u00e9al pour une vari\u00e9t\u00e9 de t\u00e2ches ext\u00e9rieures.<\/p>\n<p>Esth\u00e9tique \u00e9l\u00e9gante : le rev\u00eatement en poudre noire am\u00e9liore non seulement l&rsquo;attrait visuel de l&rsquo;Alal, mais ajoute \u00e9galement une couche de protection \u00e0 la lame pour garantir sa long\u00e9vit\u00e9.<\/p>\n<p>Poign\u00e9e confortable : La poign\u00e9e CE Canvas Micarta\u00ae, disponible en noir ou vert, offre une prise s\u00fbre et confortable qui vous permet d&rsquo;aborder les t\u00e2ches ext\u00e9rieures en toute confiance.<\/p>\n<p>Options de transport s\u00e9curis\u00e9es : l&rsquo;\u00e9tui moul\u00e9 par injection est dot\u00e9 d&rsquo;un levier de pr\u00e9hension actif pour le pouce et d&rsquo;une sangle de r\u00e9tention secondaire pour offrir des options de transport s\u00fbres et confortables.<\/p>\n<p>Caract\u00e9ristiques:<\/p>\n<p>Nom du couteau : Alala<br \/>\nConcepteur(s): Iovito<br \/>\nLongueur totale : 20 cm<br \/>\nLongueur de la lame : 9,5 cm<br \/>\nAcier de la lame : 1095 Cro-Van (origine allemande)<br \/>\nDuret\u00e9 de la lame&nbsp;: 56-58 HRC<br \/>\nStyle de lame&nbsp;: Solide&nbsp;&#8211;&nbsp;Point de chute&nbsp;&#8211;&nbsp;Surface plane<br \/>\nRev\u00eatement : rev\u00eatement en poudre noire<br \/>\nMat\u00e9riau du manche : CE Canvas Micarta\u00ae (noir ou vert)<br \/>\nGaine&nbsp;: Gaine inject\u00e9e avec levier de pouce de r\u00e9tention active et sangle de r\u00e9tention secondaire<br \/>\nPoids&nbsp;: 0,294 LBS (couteau)<\/p>\n<p>\u00c9levez vos aventures en plein air avec l&rsquo;Alala, con\u00e7u pour une polyvalence in\u00e9gal\u00e9e lors de la conqu\u00eate des d\u00e9fis de la nature. Con\u00e7u pour le confort, la durabilit\u00e9 et la fonctionnalit\u00e9, l&rsquo;Alala est un compagnon fiable pour l&rsquo;ext\u00e9rieur.<\/p>\n<p><iframe title=\"Spartan Blades Company Knife Company Story with Co-Founders Mark Carey and Curtis Iovito.\" width=\"800\" height=\"450\" src=\"https:\/\/www.youtube.com\/embed\/S-EVJgZR57Y?feature=oembed\" frameborder=\"0\" allow=\"accelerometer; autoplay; clipboard-write; encrypted-media; gyroscope; picture-in-picture; web-share\" referrerpolicy=\"strict-origin-when-cross-origin\" allowfullscreen><\/iframe><\/p>\n<p>&nbsp;<\/p>\n<p>&nbsp;<\/p>\n","protected":false},"excerpt":{"rendered":"<p><strong>Alala, nomm\u00e9 d&rsquo;apr\u00e8s le grec ancien signifiant \u00ab cri de guerre \u00bb ou \u00ab cri de guerre \u00bb, \u00e9tait l&rsquo;incarnation du cri de guerre dans la mythologie grecque. L&rsquo;Alala est un couteau \u00e0 lame fixe, fabriqu\u00e9 par KA-BAR Knives \u00e0 Olean, NY, USA, pour des performances robustes et un transport quotidien. Offrant une ergonomie et une fiabilit\u00e9 exceptionnelles, c&rsquo;est un outil polyvalent pr\u00eat \u00e0 vous aider dans une vari\u00e9t\u00e9 de t\u00e2ches ext\u00e9rieures.<\/strong><\/p>\n<p><strong>Transports gratuits.<\/strong><\/p>\n","protected":false},"featured_media":324246,"comment_status":"open","ping_status":"closed","template":"","meta":[],"pwb-brand":[3837],"product_brand":[],"product_cat":[3697,3696],"product_tag":[3754],"class_list":{"0":"post-324281","1":"product","2":"type-product","3":"status-publish","4":"has-post-thumbnail","6":"pwb-brand-lames-spartiates","7":"product_cat-couteaux-solides","8":"product_cat-des-couteaux","9":"product_tag-b2b-fr","11":"first","12":"instock","13":"taxable","14":"shipping-taxable","15":"purchasable","16":"product-type-simple"},"brands":[{"id":3837,"name":"Lames spartiates","slug":"lames-spartiates"}],"_links":{"self":[{"href":"https:\/\/www.moskito.cz\/fr\/wp-json\/wp\/v2\/product\/324281","targetHints":{"allow":["GET"]}}],"collection":[{"href":"https:\/\/www.moskito.cz\/fr\/wp-json\/wp\/v2\/product"}],"about":[{"href":"https:\/\/www.moskito.cz\/fr\/wp-json\/wp\/v2\/types\/product"}],"replies":[{"embeddable":true,"href":"https:\/\/www.moskito.cz\/fr\/wp-json\/wp\/v2\/comments?post=324281"}],"wp:featuredmedia":[{"embeddable":true,"href":"https:\/\/www.moskito.cz\/fr\/wp-json\/wp\/v2\/media\/324246"}],"wp:attachment":[{"href":"https:\/\/www.moskito.cz\/fr\/wp-json\/wp\/v2\/media?parent=324281"}],"wp:term":[{"taxonomy":"pwb-brand","embeddable":true,"href":"https:\/\/www.moskito.cz\/fr\/wp-json\/wp\/v2\/pwb-brand?post=324281"},{"taxonomy":"product_brand","embeddable":true,"href":"https:\/\/www.moskito.cz\/fr\/wp-json\/wp\/v2\/product_brand?post=324281"},{"taxonomy":"product_cat","embeddable":true,"href":"https:\/\/www.moskito.cz\/fr\/wp-json\/wp\/v2\/product_cat?post=324281"},{"taxonomy":"product_tag","embeddable":true,"href":"https:\/\/www.moskito.cz\/fr\/wp-json\/wp\/v2\/product_tag?post=324281"}],"curies":[{"name":"wp","href":"https:\/\/api.w.org\/{rel}","templated":true}]}}