{"id":324437,"date":"2024-03-29T15:48:01","date_gmt":"2024-03-29T14:51:06","guid":{"rendered":"https:\/\/www.moskito.cz\/produkt\/couteau-fixe-spartan-blades-cqb-sb9de\/"},"modified":"2025-05-07T11:07:59","modified_gmt":"2025-05-07T10:07:59","slug":"couteau-fixe-spartan-blades-cqb-sb9de","status":"publish","type":"product","link":"https:\/\/www.moskito.cz\/fr\/produkt\/couteau-fixe-spartan-blades-cqb-sb9de\/","title":{"rendered":"Couteau Fixe Spartan Blades CQB SB9DE"},"content":{"rendered":"<p>Couteau fixe <strong>Spartan Blades<\/strong> CQB SB9DE.<\/p>\n<p>Couteau fixe <strong>Spartan Blades<\/strong> CQB SB9BK.<\/p>\n<p><strong>L&rsquo;outil Spartan CQB<\/strong> porte bien son nom, con\u00e7u sp\u00e9cifiquement pour les sc\u00e9narios de combat rapproch\u00e9. Ce poignard \u00e0 anneau est livr\u00e9 avec un \u00e9tui en kydex qui compl\u00e8te parfaitement l&rsquo;anneau et permet un retrait rapide et efficace. La gaine est strat\u00e9giquement con\u00e7ue pour se fixer aux syst\u00e8mes MOLLE\/PALS et s&rsquo;adapte parfaitement derri\u00e8re les magazines ou autres poches avant du gilet. Alternativement, il peut \u00eatre port\u00e9 \u00e0 la ceinture ou \u00e0 l&rsquo;int\u00e9rieur de la taille pour un acc\u00e8s facile.<\/p>\n<p>Le concept de l&rsquo;outil CQB a \u00e9t\u00e9 d\u00e9velopp\u00e9 par Greg Thompson, instructeur renomm\u00e9 en techniques de combat rapproch\u00e9 pour les forces sp\u00e9ciales am\u00e9ricaines. M. Thompson, fondateur du groupe de formation H2H\/Team ROC et d\u00e9veloppeur du programme d&rsquo;op\u00e9rations sp\u00e9ciales de combat (SOCP), a con\u00e7u l&rsquo;outil dans le cadre de l&rsquo;\u00e9quipement du programme. L&rsquo;outil CQB, \u00e9galement connu sous le nom d&rsquo;\u00ab outil de transition \u00bb, sert de couteau fin et facile \u00e0 ranger, dot\u00e9 de capacit\u00e9s d&rsquo;acquisition rapide pour les situations de combat en combat CQB. Le profil annulaire et fin permet aux op\u00e9rateurs de d\u00e9ployer et de d\u00e9ployer rapidement le poignard, se lib\u00e9rant de l&#8217;emprise d&rsquo;un attaquant et facilitant une transition en douceur vers leur syst\u00e8me d&rsquo;arme principal.<\/p>\n<p>Caract\u00e9ristiques:<\/p>\n<p>Nom du couteau : outil CQB.<br \/>\nCr\u00e9ateurs : Thompson\/Iovito\/Carey<br \/>\nLongueur totale : 16 cm<br \/>\nLongueur de la lame : 7 cm (semi-aff\u00fbt\u00e9e)<br \/>\nAcier de la lame : 154 cm<br \/>\nDuret\u00e9 de la lame&nbsp;: 57-59 HRC<br \/>\nStyle de lame&nbsp;:&nbsp;Dague au sol Sabre<br \/>\nRev\u00eatement : SpartaCoat \u2013 PVD \u2013 Tungsten DLC (Noir) ou ZrN (Flat Dark Earth)<br \/>\nFourreau : Kydex (noir) ou (coyote) selon la conception de la lame.<br \/>\nPoids&nbsp;: 0,126 LBS (couteau)<\/p>\n<p><iframe title=\"Spartan Blades Company Knife Company Story with Co-Founders Mark Carey and Curtis Iovito.\" width=\"800\" height=\"450\" src=\"https:\/\/www.youtube.com\/embed\/S-EVJgZR57Y?feature=oembed\" frameborder=\"0\" allow=\"accelerometer; autoplay; clipboard-write; encrypted-media; gyroscope; picture-in-picture; web-share\" referrerpolicy=\"strict-origin-when-cross-origin\" allowfullscreen><\/iframe><\/p>\n","protected":false},"excerpt":{"rendered":"<div class=\"elementor-element elementor-element-bbb542b elementor-widget elementor-widget-woocommerce-product-short-description\" data-id=\"bbb542b\" data-element_type=\"widget\" data-widget_type=\"woocommerce-product-short-description.default\">\n<div class=\"elementor-widget-container\">\n<div class=\"woocommerce-product-details__short-description\">\n<p><strong>L&rsquo;outil Spartan CQB porte bien son nom, con\u00e7u sp\u00e9cifiquement pour les sc\u00e9narios de combat rapproch\u00e9. Ce poignard \u00e0 anneau est livr\u00e9 avec un \u00e9tui en kydex qui compl\u00e8te parfaitement l&rsquo;anneau et permet un retrait rapide et efficace. La gaine est strat\u00e9giquement con\u00e7ue pour se fixer aux syst\u00e8mes MOLLE\/PALS et s&rsquo;adapte parfaitement derri\u00e8re les magazines ou autres poches avant du gilet. Alternativement, il peut \u00eatre port\u00e9 \u00e0 la ceinture ou \u00e0 l&rsquo;int\u00e9rieur de la taille pour un acc\u00e8s facile.<\/strong><\/p>\n<p><strong>Transports gratuits.<\/strong><\/p>\n<\/div>\n<\/div>\n<\/div>\n","protected":false},"featured_media":324401,"comment_status":"open","ping_status":"closed","template":"","meta":[],"pwb-brand":[3837],"product_brand":[],"product_cat":[3697,3696],"product_tag":[3754],"class_list":{"0":"post-324437","1":"product","2":"type-product","3":"status-publish","4":"has-post-thumbnail","6":"pwb-brand-lames-spartiates","7":"product_cat-couteaux-solides","8":"product_cat-des-couteaux","9":"product_tag-b2b-fr","11":"first","12":"outofstock","13":"taxable","14":"shipping-taxable","15":"purchasable","16":"product-type-simple"},"brands":[{"id":3837,"name":"Lames spartiates","slug":"lames-spartiates"}],"_links":{"self":[{"href":"https:\/\/www.moskito.cz\/fr\/wp-json\/wp\/v2\/product\/324437","targetHints":{"allow":["GET"]}}],"collection":[{"href":"https:\/\/www.moskito.cz\/fr\/wp-json\/wp\/v2\/product"}],"about":[{"href":"https:\/\/www.moskito.cz\/fr\/wp-json\/wp\/v2\/types\/product"}],"replies":[{"embeddable":true,"href":"https:\/\/www.moskito.cz\/fr\/wp-json\/wp\/v2\/comments?post=324437"}],"wp:featuredmedia":[{"embeddable":true,"href":"https:\/\/www.moskito.cz\/fr\/wp-json\/wp\/v2\/media\/324401"}],"wp:attachment":[{"href":"https:\/\/www.moskito.cz\/fr\/wp-json\/wp\/v2\/media?parent=324437"}],"wp:term":[{"taxonomy":"pwb-brand","embeddable":true,"href":"https:\/\/www.moskito.cz\/fr\/wp-json\/wp\/v2\/pwb-brand?post=324437"},{"taxonomy":"product_brand","embeddable":true,"href":"https:\/\/www.moskito.cz\/fr\/wp-json\/wp\/v2\/product_brand?post=324437"},{"taxonomy":"product_cat","embeddable":true,"href":"https:\/\/www.moskito.cz\/fr\/wp-json\/wp\/v2\/product_cat?post=324437"},{"taxonomy":"product_tag","embeddable":true,"href":"https:\/\/www.moskito.cz\/fr\/wp-json\/wp\/v2\/product_tag?post=324437"}],"curies":[{"name":"wp","href":"https:\/\/api.w.org\/{rel}","templated":true}]}}