{"id":324481,"date":"2024-03-29T15:56:02","date_gmt":"2024-03-29T14:57:41","guid":{"rendered":"https:\/\/www.moskito.cz\/produkt\/couteau-fixe-spartan-blades-enyo-sb2bk\/"},"modified":"2025-05-07T11:07:59","modified_gmt":"2025-05-07T10:07:59","slug":"couteau-fixe-spartan-blades-enyo-sb2bk","status":"publish","type":"product","link":"https:\/\/www.moskito.cz\/fr\/produkt\/couteau-fixe-spartan-blades-enyo-sb2bk\/","title":{"rendered":"Couteau Fixe Spartan Blades Enyo SB2BK"},"content":{"rendered":"<p>Couteau fixe Spartan Blades Enyo SB2BK.<\/p>\n<p><strong>Enyo<\/strong> (prononc\u00e9 i-nye-oh) \u00e9tait la d\u00e9esse grecque de la guerre. Elle est souvent consid\u00e9r\u00e9e comme la compagne d\u2019Ar\u00e8s, le dieu grec de la guerre. Nous avons choisi le nom Enyo pour ce compagnon de tous les jours (EDC) car il peut \u00eatre port\u00e9 dans une poche, \u00e0 l&rsquo;int\u00e9rieur de la taille (IWB) ou autour du cou.<\/p>\n<p>En tant que couteau \u00e0 lame fixe personnalis\u00e9 pour un transport quotidien, <strong>l&rsquo;Enyo<\/strong> est con\u00e7u dans un souci d&rsquo;ergonomie et de portabilit\u00e9. Lorsqu&rsquo;il s&rsquo;agit de t\u00e2ches de coupe quotidiennes, l&rsquo;Enyo est toujours pr\u00eate \u00e0 relever le d\u00e9fi. Gr\u00e2ce \u00e0 la conception \u00e0 point de chute fixe, la force de la lame est transf\u00e9r\u00e9e vers la pointe. Quelle que soit la situation, Enyo sera pr\u00eat \u00e0 partir.<\/p>\n<p><strong>Le Spartan Enyo<\/strong> comprend une gaine Kydex profil\u00e9e ainsi qu&rsquo;une cha\u00eene de cou en acier inoxydable, une boucle pour tableau blanc interactif et une paracorde de 2 pieds pour une vari\u00e9t\u00e9 d&rsquo;options de transport pratiques au quotidien. Ce couteau fait main pour un transport quotidien comprend \u00e9galement une lani\u00e8re avec un casque Spartan en \u00e9tain plaqu\u00e9.<\/p>\n<p>&nbsp;<\/p>\n<p>Caract\u00e9ristiques:<\/p>\n<p>Nom du couteau : Enyo<br \/>\nConcepteurs&nbsp;: Iovito\/Carey<br \/>\nLongueur totale : 16 cm<br \/>\nLongueur de la lame : 7 cm<br \/>\nAcier de la lame : CPM S45VN<br \/>\nDuret\u00e9 de la lame&nbsp;: 59-61 HRC<br \/>\nStyle de lame : point de chute fixe \u2013 Cette conception permet de renforcer la pointe de la lame en la pla\u00e7ant align\u00e9e avec la main de l&rsquo;utilisateur tout en maintenant la courbe ascendante de la lame.<br \/>\nRev\u00eatement : SpartaCoat \u2013 PVD \u2013 Tungsten DLC (Noir) ou ZrN (Flat Dark Earth)<br \/>\nFourreau : Kydex (noir) ou (coyote) selon la conception de la lame.<br \/>\nPoids&nbsp;: 0,176 LBS (couteau)<\/p>\n<p><iframe title=\"Spartan Blades Company Knife Company Story with Co-Founders Mark Carey and Curtis Iovito.\" width=\"800\" height=\"450\" src=\"https:\/\/www.youtube.com\/embed\/S-EVJgZR57Y?feature=oembed\" frameborder=\"0\" allow=\"accelerometer; autoplay; clipboard-write; encrypted-media; gyroscope; picture-in-picture; web-share\" referrerpolicy=\"strict-origin-when-cross-origin\" allowfullscreen><\/iframe><\/p>\n<p>&nbsp;<\/p>\n","protected":false},"excerpt":{"rendered":"<div class=\"elementor-element elementor-element-bbb542b elementor-widget elementor-widget-woocommerce-product-short-description\" data-id=\"bbb542b\" data-element_type=\"widget\" data-widget_type=\"woocommerce-product-short-description.default\">\n<div class=\"elementor-widget-container\">\n<div class=\"woocommerce-product-details__short-description\">\n<p><strong>Enyo (prononc\u00e9 i-nye-oh) \u00e9tait la d\u00e9esse grecque de la guerre. Elle est souvent consid\u00e9r\u00e9e comme la compagne d\u2019Ar\u00e8s, le dieu grec de la guerre. Nous avons choisi le nom Enyo pour ce compagnon de tous les jours (EDC) car il peut \u00eatre port\u00e9 dans une poche, \u00e0 l&rsquo;int\u00e9rieur de la taille (IWB) ou autour du cou.<\/strong><\/p>\n<p><strong>Transports gratuits.<\/strong><\/p>\n<\/div>\n<\/div>\n<\/div>\n","protected":false},"featured_media":324441,"comment_status":"open","ping_status":"closed","template":"","meta":[],"pwb-brand":[3837],"product_brand":[],"product_cat":[3697,3696],"product_tag":[3754],"class_list":{"0":"post-324481","1":"product","2":"type-product","3":"status-publish","4":"has-post-thumbnail","6":"pwb-brand-lames-spartiates","7":"product_cat-couteaux-solides","8":"product_cat-des-couteaux","9":"product_tag-b2b-fr","11":"first","12":"instock","13":"taxable","14":"shipping-taxable","15":"purchasable","16":"product-type-simple"},"brands":[{"id":3837,"name":"Lames spartiates","slug":"lames-spartiates"}],"_links":{"self":[{"href":"https:\/\/www.moskito.cz\/fr\/wp-json\/wp\/v2\/product\/324481","targetHints":{"allow":["GET"]}}],"collection":[{"href":"https:\/\/www.moskito.cz\/fr\/wp-json\/wp\/v2\/product"}],"about":[{"href":"https:\/\/www.moskito.cz\/fr\/wp-json\/wp\/v2\/types\/product"}],"replies":[{"embeddable":true,"href":"https:\/\/www.moskito.cz\/fr\/wp-json\/wp\/v2\/comments?post=324481"}],"wp:featuredmedia":[{"embeddable":true,"href":"https:\/\/www.moskito.cz\/fr\/wp-json\/wp\/v2\/media\/324441"}],"wp:attachment":[{"href":"https:\/\/www.moskito.cz\/fr\/wp-json\/wp\/v2\/media?parent=324481"}],"wp:term":[{"taxonomy":"pwb-brand","embeddable":true,"href":"https:\/\/www.moskito.cz\/fr\/wp-json\/wp\/v2\/pwb-brand?post=324481"},{"taxonomy":"product_brand","embeddable":true,"href":"https:\/\/www.moskito.cz\/fr\/wp-json\/wp\/v2\/product_brand?post=324481"},{"taxonomy":"product_cat","embeddable":true,"href":"https:\/\/www.moskito.cz\/fr\/wp-json\/wp\/v2\/product_cat?post=324481"},{"taxonomy":"product_tag","embeddable":true,"href":"https:\/\/www.moskito.cz\/fr\/wp-json\/wp\/v2\/product_tag?post=324481"}],"curies":[{"name":"wp","href":"https:\/\/api.w.org\/{rel}","templated":true}]}}