{"id":324529,"date":"2024-03-31T20:32:55","date_gmt":"2024-03-31T19:33:58","guid":{"rendered":"https:\/\/www.moskito.cz\/produkt\/couteau-de-tir-pro-tech-knives-sinkevich-oligarch-blade-show-texas-2024\/"},"modified":"2025-05-07T11:08:01","modified_gmt":"2025-05-07T10:08:01","slug":"couteau-de-tir-pro-tech-knives-sinkevich-oligarch-blade-show-texas-2024","status":"publish","type":"product","link":"https:\/\/www.moskito.cz\/fr\/produkt\/couteau-de-tir-pro-tech-knives-sinkevich-oligarch-blade-show-texas-2024\/","title":{"rendered":"Couteau de tir PRO-TECH KNIVES SINKEVICH OLIGARCH BLADE SHOW TEXAS 2024"},"content":{"rendered":"<p>Couteau de tir <strong>PRO-TECH KNIVES<\/strong> SINKEVICH OLIGARCH BLADE SHOW TEXAS 2024<\/p>\n<p><strong>Dmitri Sinkevich<\/strong> est connu pour ses cr\u00e9ations saisissantes, tr\u00e8s reconnaissables en raison de l&rsquo;utilisation de lignes g\u00e9om\u00e9triques excentriques et de l&rsquo;attention port\u00e9e aux d\u00e9tails. Tout cela se voit facilement sur cette derni\u00e8re voiture. Ces d\u00e9tails raffin\u00e9s comprennent du mat\u00e9riel en titane anodis\u00e9 bleu qui compense les poign\u00e9es en acier inoxydable tremp\u00e9 monochromatique, un collier finement frais\u00e9, un bouton incrust\u00e9 de nacre dans une l\u00e8vre noire, un joli motif cannel\u00e9 frais\u00e9 qui s&rsquo;\u00e9tend sur toute la longueur de la colonne vert\u00e9brale de la poign\u00e9e. et continue sur la lame, tandis que l&rsquo;inspection minutieuse r\u00e9v\u00e8le que ces lignes rainur\u00e9es s&rsquo;\u00e9tendent \u00e9galement jusqu&rsquo;\u00e0 la base de la lame ; les rendant discr\u00e8tement visibles une fois ferm\u00e9s et vus entre les poign\u00e9es. Les poign\u00e9es elles-m\u00eames pr\u00e9sentent un design exceptionnel avec de beaux grands bords chanfrein\u00e9s et des fraisages \u00e0 motifs. Tous pr\u00e9sentent une finition bicolore et satin\u00e9e \u00e0 la main pour mettre en valeur chacun. L&rsquo;avers pr\u00e9sente ce fraisage de pr\u00e9cision avec une plaque d&rsquo;atterrissage en forme de diamant pour un mini clip en titane anodis\u00e9 bleu pour une usure en profondeur. La nouvelle forme du manche s&rsquo;int\u00e8gre parfaitement sur la lame aff\u00fbt\u00e9e \u00e0 la main, qui pr\u00e9sente une superbe finition aff\u00fbt\u00e9e et polie miroir par Mike Irie. Le dos de la lame est marqu\u00e9 \u00ab Prototype \u00bb.  <strong>Une version de production tr\u00e8s limit\u00e9e et difficile \u00e0 trouver n&rsquo;\u00e9tait en vente qu&rsquo;au Blade Show 2024.<\/strong><\/p>\n<p>Pays d&rsquo;origine : \u00c9tats-Unis<br \/>\nDate d&rsquo;origine : 2024<br \/>\n\u00c9tat : tout neuf<br \/>\nMat\u00e9riau du manche : Acier inoxydable<br \/>\nMat\u00e9riau de la lame : 154 cm.<br \/>\nStyle de lame&nbsp;: Pied de mouton<br \/>\nTraitement de surface de la lame : Brillant miroir<br \/>\nType de bord&nbsp;:&nbsp;Standard<br \/>\nMod\u00e8le\/Motif&nbsp;: oligarque<br \/>\nType de couteau : Automatique<br \/>\nLongueur de la lame : 8,12 cm<br \/>\nLongueur totale : 18,62 cm<\/p>\n","protected":false},"excerpt":{"rendered":"<p><strong>Une version de production tr\u00e8s limit\u00e9e et difficile \u00e0 trouver n&rsquo;\u00e9tait en vente qu&rsquo;au Blade Show 2024.<\/strong><\/p>\n<p>Transports gratuits.<\/p>\n","protected":false},"featured_media":324504,"comment_status":"open","ping_status":"closed","template":"","meta":[],"pwb-brand":[3817],"product_brand":[],"product_cat":[3699,3696],"product_tag":[3754],"class_list":{"0":"post-324529","1":"product","2":"type-product","3":"status-publish","4":"has-post-thumbnail","6":"pwb-brand-pour-la-technologie","7":"product_cat-couteaux-de-tir","8":"product_cat-des-couteaux","9":"product_tag-b2b-fr","11":"first","12":"instock","13":"taxable","14":"shipping-taxable","15":"purchasable","16":"product-type-simple"},"brands":[{"id":3817,"name":"Pour la technologie","slug":"pour-la-technologie"}],"_links":{"self":[{"href":"https:\/\/www.moskito.cz\/fr\/wp-json\/wp\/v2\/product\/324529","targetHints":{"allow":["GET"]}}],"collection":[{"href":"https:\/\/www.moskito.cz\/fr\/wp-json\/wp\/v2\/product"}],"about":[{"href":"https:\/\/www.moskito.cz\/fr\/wp-json\/wp\/v2\/types\/product"}],"replies":[{"embeddable":true,"href":"https:\/\/www.moskito.cz\/fr\/wp-json\/wp\/v2\/comments?post=324529"}],"wp:featuredmedia":[{"embeddable":true,"href":"https:\/\/www.moskito.cz\/fr\/wp-json\/wp\/v2\/media\/324504"}],"wp:attachment":[{"href":"https:\/\/www.moskito.cz\/fr\/wp-json\/wp\/v2\/media?parent=324529"}],"wp:term":[{"taxonomy":"pwb-brand","embeddable":true,"href":"https:\/\/www.moskito.cz\/fr\/wp-json\/wp\/v2\/pwb-brand?post=324529"},{"taxonomy":"product_brand","embeddable":true,"href":"https:\/\/www.moskito.cz\/fr\/wp-json\/wp\/v2\/product_brand?post=324529"},{"taxonomy":"product_cat","embeddable":true,"href":"https:\/\/www.moskito.cz\/fr\/wp-json\/wp\/v2\/product_cat?post=324529"},{"taxonomy":"product_tag","embeddable":true,"href":"https:\/\/www.moskito.cz\/fr\/wp-json\/wp\/v2\/product_tag?post=324529"}],"curies":[{"name":"wp","href":"https:\/\/api.w.org\/{rel}","templated":true}]}}