{"id":324604,"date":"2024-04-02T18:49:30","date_gmt":"2024-04-02T17:52:31","guid":{"rendered":"https:\/\/www.moskito.cz\/produkt\/couteau-de-fermeture-spartan-blades-special-edition-dragon-stonewashed-sf5dragon\/"},"modified":"2025-05-07T11:08:02","modified_gmt":"2025-05-07T10:08:02","slug":"couteau-de-fermeture-spartan-blades-special-edition-dragon-stonewashed-sf5dragon","status":"publish","type":"product","link":"https:\/\/www.moskito.cz\/fr\/produkt\/couteau-de-fermeture-spartan-blades-special-edition-dragon-stonewashed-sf5dragon\/","title":{"rendered":"Couteau de fermeture Spartan Blades Special Edition Dragon Stonewashed SF5DRAGON"},"content":{"rendered":"<p>Couteau de fermeture <strong>Spartan Blades<\/strong> Special Edition Dragon Stonewashed SF5DRAGON.<\/p>\n<p><strong>Le Spartan SHF<\/strong> est le r\u00e9sultat d&rsquo;une collaboration entre <strong>Spartan Knives<\/strong> et le designer de couteaux de renomm\u00e9e mondiale Bill Harsey. Il est con\u00e7u pour un transport quotidien, tactique ou sur le terrain. Ils sont dot\u00e9s d&rsquo;une lame en acier inoxydable CPM-S45VN et, \u00e0 l&rsquo;exception de la lame, de la goupille du canon et de la goupille d&rsquo;arr\u00eat, toutes les pi\u00e8ces du couteau sont en titane. La poign\u00e9e ergonomique comporte des rainures pour les doigts et des rainures pour fixer le design dans la main lors de mouvements durs. utiliser. La poign\u00e9e est dot\u00e9e d&rsquo;un m\u00e9canisme interne anti-glissement et le clip de poche en titane est r\u00e9versible pour un transport ambidextre de la pointe. Les doubles broches de pouce sont extr\u00eamement faciles d&rsquo;acc\u00e8s car Spartan a frais\u00e9 la rampe parfaite pour votre pouce. C&rsquo;est une conception bien pens\u00e9e et construite avec une qualit\u00e9 spartiate, vous savez donc que vous obtenez un couteau qui peut et vous servira bien dans n&rsquo;importe quel environnement d&rsquo;utilisation.<\/p>\n<p>Caract\u00e9ristiques:<br \/>\nLongueur de la lame : 10 cm<br \/>\nLongueur totale : 22 cm<br \/>\nMat\u00e9riau de la lame : acier inoxydable CPM-S45VN<br \/>\nDuret\u00e9 de la lame : 58-60HRC<br \/>\nStyle de lame&nbsp;:&nbsp;pointe de chute<br \/>\nMeulage de la lame&nbsp;: creux<br \/>\nTraitement de surface de la lame : Stonewash<br \/>\nMat\u00e9riau du manche&nbsp;:&nbsp;Titane grav\u00e9 dragon<br \/>\nM\u00e9canisme de verrouillage&nbsp;:&nbsp;Frame Lock<br \/>\nAssemblage des broches&nbsp;: Rondelles en bronze<br \/>\nClip de poche : Titane (pliable, usure droite\/gauche)<br \/>\nPoids : 5,8 onces.<br \/>\nConcepteur : William Harsey<br \/>\nFabriqu\u00e9 aux \u00c9tats-Unis<\/p>\n<p><iframe title=\"Spartan Blades Company Knife Company Story with Co-Founders Mark Carey and Curtis Iovito.\" width=\"800\" height=\"450\" src=\"https:\/\/www.youtube.com\/embed\/S-EVJgZR57Y?feature=oembed\" frameborder=\"0\" allow=\"accelerometer; autoplay; clipboard-write; encrypted-media; gyroscope; picture-in-picture; web-share\" referrerpolicy=\"strict-origin-when-cross-origin\" allowfullscreen><\/iframe><\/p>\n<p>&nbsp;<\/p>\n","protected":false},"excerpt":{"rendered":"<p><strong>Ce couteau particulier est grav\u00e9 d&rsquo;un dragon multicolore pour repr\u00e9senter la chance, la force et la sant\u00e9 dans tout ce que vous faites. Il est anodis\u00e9 en bleu avec plusieurs couleurs anodis\u00e9es au laser pour donner au couteau une impression de mouvement en r\u00e9fl\u00e9chissant la lumi\u00e8re pendant le mouvement.<\/strong>.<\/p>\n<p>Transports gratuits.<\/p>\n","protected":false},"featured_media":324563,"comment_status":"open","ping_status":"closed","template":"","meta":[],"pwb-brand":[3837],"product_brand":[],"product_cat":[3700,3696],"product_tag":[3754],"class_list":{"0":"post-324604","1":"product","2":"type-product","3":"status-publish","4":"has-post-thumbnail","6":"pwb-brand-lames-spartiates","7":"product_cat-couteaux-de-fermeture","8":"product_cat-des-couteaux","9":"product_tag-b2b-fr","11":"first","12":"instock","13":"taxable","14":"shipping-taxable","15":"purchasable","16":"product-type-simple"},"brands":[{"id":3837,"name":"Lames spartiates","slug":"lames-spartiates"}],"_links":{"self":[{"href":"https:\/\/www.moskito.cz\/fr\/wp-json\/wp\/v2\/product\/324604","targetHints":{"allow":["GET"]}}],"collection":[{"href":"https:\/\/www.moskito.cz\/fr\/wp-json\/wp\/v2\/product"}],"about":[{"href":"https:\/\/www.moskito.cz\/fr\/wp-json\/wp\/v2\/types\/product"}],"replies":[{"embeddable":true,"href":"https:\/\/www.moskito.cz\/fr\/wp-json\/wp\/v2\/comments?post=324604"}],"wp:featuredmedia":[{"embeddable":true,"href":"https:\/\/www.moskito.cz\/fr\/wp-json\/wp\/v2\/media\/324563"}],"wp:attachment":[{"href":"https:\/\/www.moskito.cz\/fr\/wp-json\/wp\/v2\/media?parent=324604"}],"wp:term":[{"taxonomy":"pwb-brand","embeddable":true,"href":"https:\/\/www.moskito.cz\/fr\/wp-json\/wp\/v2\/pwb-brand?post=324604"},{"taxonomy":"product_brand","embeddable":true,"href":"https:\/\/www.moskito.cz\/fr\/wp-json\/wp\/v2\/product_brand?post=324604"},{"taxonomy":"product_cat","embeddable":true,"href":"https:\/\/www.moskito.cz\/fr\/wp-json\/wp\/v2\/product_cat?post=324604"},{"taxonomy":"product_tag","embeddable":true,"href":"https:\/\/www.moskito.cz\/fr\/wp-json\/wp\/v2\/product_tag?post=324604"}],"curies":[{"name":"wp","href":"https:\/\/api.w.org\/{rel}","templated":true}]}}