{"id":324666,"date":"2024-04-02T19:21:18","date_gmt":"2024-04-02T18:24:18","guid":{"rendered":"https:\/\/www.moskito.cz\/produkt\/couteau-de-tir-spartan-blades-zelos-sf9bkbk\/"},"modified":"2025-08-04T00:00:37","modified_gmt":"2025-08-03T23:00:37","slug":"couteau-de-tir-spartan-blades-zelos-sf9bkbk","status":"publish","type":"product","link":"https:\/\/www.moskito.cz\/fr\/produkt\/couteau-de-tir-spartan-blades-zelos-sf9bkbk\/","title":{"rendered":"Couteau de tir Spartan Blades Zelos SF9BKBK"},"content":{"rendered":"<p>Couteau de tir <strong>Spartan Blades<\/strong> Zelos SF9BKBK.<\/p>\n<p>Excellence de la lame : Le Zelos est dot\u00e9 d&rsquo;une lame en acier CPM S45VN connue pour son tranchant exceptionnel, sa r\u00e9sistance \u00e0 la corrosion et sa r\u00e9tention des bords. L&rsquo;\u00e9paisseur de la lame de 0,153&Prime; offre durabilit\u00e9 et polyvalence pour une vari\u00e9t\u00e9 de t\u00e2ches de coupe.<\/p>\n<p>Construction robuste : Zelos dispose d&rsquo;un cadre usin\u00e9 avec pr\u00e9cision qui offre un maintien en position ouverte rarement trouv\u00e9 dans les ouvre-portes automatiques. Cette conception met l&rsquo;accent sur la fiabilit\u00e9 et la s\u00e9curit\u00e9 \u00e0 chaque utilisation.<\/p>\n<p>Esth\u00e9tique \u00e9l\u00e9gante : le style de lame \u00e0 pointe tombante, recouvert de PVD noir (Physical Vapor Deposition), augmente non seulement la r\u00e9sistance \u00e0 la corrosion, mais contribue \u00e9galement \u00e0 l&rsquo;apparence \u00e9l\u00e9gante et tactique du couteau.<\/p>\n<p>Innovation de poign\u00e9e&nbsp;: optez pour les poign\u00e9es en aluminium Black Mil Elox 6061 qui offrent l&rsquo;\u00e9quilibre parfait entre une conception l\u00e9g\u00e8re et une construction robuste. La conception ergonomique de la poign\u00e9e assure une prise en main confortable, faisant de Zelos un compagnon fiable pour une utilisation prolong\u00e9e.<\/p>\n<p>Options de transport polyvalentes : Zelos propose des options de transport rabattables vers le haut\/bas, offrant une flexibilit\u00e9 adapt\u00e9e aux pr\u00e9f\u00e9rences individuelles. Un clip de poche en fibre de carbone ou en titane ajoute une touche high-tech tout en assurant un transport s\u00e9curis\u00e9 et discret.<\/p>\n<p>Artisanat d&rsquo;\u00e9lite : Spartan Blades est fier de fabriquer des outils d&rsquo;\u00e9lite, et le Zelos ne fait pas exception. Le double traitement thermique cryog\u00e9nique en profondeur augmente la t\u00e9nacit\u00e9 et le tranchant de la lame et la distingue du couteau pliant haut de gamme.<\/p>\n<p>Disponibilit\u00e9 limit\u00e9e&nbsp;: non disponible en ligne, Zelos est exclusivement destin\u00e9 aux revendeurs Spartan Blades agr\u00e9\u00e9s ou aux ventes en magasin uniquement. Les militaires, les forces de l&rsquo;ordre, les services m\u00e9dicaux d&rsquo;urgence, les pompiers et autres acheteurs autoris\u00e9s sont encourag\u00e9s \u00e0 demander un devis personnalis\u00e9.<\/p>\n<p>Adoptez l&rsquo;esprit de Zelos \u2013 la fusion du design, de la technologie et de la fonctionnalit\u00e9. Que vous recherchiez un outil de transport fiable au quotidien ou un outil fiable pour vos besoins professionnels, le Spartan Blades Zelos est pr\u00eat \u00e0 relever le d\u00e9fi avec un z\u00e8le in\u00e9gal\u00e9. \u00c9levez votre collection d&rsquo;\u00e9quipement avec un couteau qui incarne l&rsquo;essence du d\u00e9vouement et de la rivalit\u00e9 dans chaque coupe pr\u00e9cise.<\/p>\n<p>Caract\u00e9ristiques:<br \/>\nLongueur de la lame : 8 cm<br \/>\nLongueur ferm\u00e9 : 12 cm<br \/>\nLongueur totale : 20 cm<br \/>\nMat\u00e9riau de la lame : acier inoxydable CPM-S45VN<br \/>\nDuret\u00e9 de la lame&nbsp;: 58-59HRC<br \/>\nStyle de lame&nbsp;:&nbsp;pointe de chute<br \/>\nMeulage de la lame&nbsp;:&nbsp;Plat<br \/>\nTraitement de surface de la lame : PVD noir<br \/>\nMat\u00e9riau du manche : Aluminium anodis\u00e9 noir 6061<br \/>\nM\u00e9canisme de verrouillage : Bouton<br \/>\nClip de poche&nbsp;: fibre de carbone (inclinaison vers le haut\/vers le bas, transport \u00e0 droite)<br \/>\nPoids : 4,58 onces.<br \/>\nCr\u00e9ateur : Curtis Iovito<br \/>\nFabriqu\u00e9 aux \u00c9tats-Unis<\/p>\n<p><iframe title=\"Spartan Blades Company Knife Company Story with Co-Founders Mark Carey and Curtis Iovito.\" width=\"800\" height=\"450\" src=\"https:\/\/www.youtube.com\/embed\/S-EVJgZR57Y?feature=oembed\" frameborder=\"0\" allow=\"accelerometer; autoplay; clipboard-write; encrypted-media; gyroscope; picture-in-picture; web-share\" referrerpolicy=\"strict-origin-when-cross-origin\" allowfullscreen><\/iframe><\/p>\n<p>&nbsp;<\/p>\n","protected":false},"excerpt":{"rendered":"<p><strong>Pr\u00e9sentation du Spartan Blades Zelos, un couteau pliant qui allie harmonieusement ing\u00e9nierie de pr\u00e9cision et mat\u00e9riaux de qualit\u00e9 sup\u00e9rieure, incarnant l&rsquo;esprit de d\u00e9vouement et de z\u00e8le de son homonyme mythologique grec. Fabriqu\u00e9 avec une attention m\u00e9ticuleuse aux d\u00e9tails par le designer Iovito, Zelos se distingue comme un t\u00e9moignage d&rsquo;excellence tant dans la forme que dans la fonction.<\/strong><\/p>\n<p>Transports gratuits.<\/p>\n","protected":false},"featured_media":324614,"comment_status":"open","ping_status":"closed","template":"","meta":[],"pwb-brand":[3837],"product_brand":[],"product_cat":[3699,3696],"product_tag":[3754],"class_list":{"0":"post-324666","1":"product","2":"type-product","3":"status-publish","4":"has-post-thumbnail","6":"pwb-brand-lames-spartiates","7":"product_cat-couteaux-de-tir","8":"product_cat-des-couteaux","9":"product_tag-b2b-fr","11":"first","12":"instock","13":"taxable","14":"shipping-taxable","15":"purchasable","16":"product-type-simple"},"brands":[{"id":3837,"name":"Lames spartiates","slug":"lames-spartiates"}],"_links":{"self":[{"href":"https:\/\/www.moskito.cz\/fr\/wp-json\/wp\/v2\/product\/324666","targetHints":{"allow":["GET"]}}],"collection":[{"href":"https:\/\/www.moskito.cz\/fr\/wp-json\/wp\/v2\/product"}],"about":[{"href":"https:\/\/www.moskito.cz\/fr\/wp-json\/wp\/v2\/types\/product"}],"replies":[{"embeddable":true,"href":"https:\/\/www.moskito.cz\/fr\/wp-json\/wp\/v2\/comments?post=324666"}],"wp:featuredmedia":[{"embeddable":true,"href":"https:\/\/www.moskito.cz\/fr\/wp-json\/wp\/v2\/media\/324614"}],"wp:attachment":[{"href":"https:\/\/www.moskito.cz\/fr\/wp-json\/wp\/v2\/media?parent=324666"}],"wp:term":[{"taxonomy":"pwb-brand","embeddable":true,"href":"https:\/\/www.moskito.cz\/fr\/wp-json\/wp\/v2\/pwb-brand?post=324666"},{"taxonomy":"product_brand","embeddable":true,"href":"https:\/\/www.moskito.cz\/fr\/wp-json\/wp\/v2\/product_brand?post=324666"},{"taxonomy":"product_cat","embeddable":true,"href":"https:\/\/www.moskito.cz\/fr\/wp-json\/wp\/v2\/product_cat?post=324666"},{"taxonomy":"product_tag","embeddable":true,"href":"https:\/\/www.moskito.cz\/fr\/wp-json\/wp\/v2\/product_tag?post=324666"}],"curies":[{"name":"wp","href":"https:\/\/api.w.org\/{rel}","templated":true}]}}