{"id":324705,"date":"2024-04-02T19:36:40","date_gmt":"2024-04-02T18:40:04","guid":{"rendered":"https:\/\/www.moskito.cz\/produkt\/couteau-de-fermeture-spartan-blades-special-edition-koi-fish-stonewashed-sf5koifish\/"},"modified":"2025-05-07T11:08:05","modified_gmt":"2025-05-07T10:08:05","slug":"couteau-de-fermeture-spartan-blades-special-edition-koi-fish-stonewashed-sf5koifish","status":"publish","type":"product","link":"https:\/\/www.moskito.cz\/fr\/produkt\/couteau-de-fermeture-spartan-blades-special-edition-koi-fish-stonewashed-sf5koifish\/","title":{"rendered":"Couteau de fermeture Spartan Blades Special Edition Koi Fish Stonewashed SF5KOIFISH"},"content":{"rendered":"<p>Couteau de fermeture <strong>Spartan Blades<\/strong> Special Edition Koi Fish Stonewashed SF5KOIFISH.<\/p>\n<p><strong>Spartan Blades<\/strong> produit chaque ann\u00e9e quatre dossiers Spartan Harsey en \u00e9dition sp\u00e9ciale. L&rsquo;\u00e9dition sp\u00e9ciale pour 2022 est l&rsquo;\u00e9dition Koi Fish 2022. Mark et Curtis, les fondateurs de Spartan Blades, ont pass\u00e9 plusieurs ann\u00e9es \u00e0 travailler en Asie et \u00e0 vivre au Japon. Ce couteau \u00e9tait cens\u00e9 repr\u00e9senter l\u2019incroyable culture japonaise. L\u2019une des choses que nous avons aim\u00e9es au Japon est la fa\u00e7on dont ils combinent les m\u00e9thodes anciennes et modernes pour cr\u00e9er de l\u2019efficacit\u00e9 et de l\u2019ordre pour les gens et leur vie quotidienne. Nous esp\u00e9rons y parvenir en combinant des mat\u00e9riaux modernes avec des \u0153uvres d&rsquo;art classiquement japonaises.<\/p>\n<p>Con\u00e7u par le prolifique coutelier William W. Harsey Jr., le Spartan Harsey Folder (SHF) est un couteau \u00e0 cadre fiable enti\u00e8rement fabriqu\u00e9 en titane 6AL-4V, \u00e0 l&rsquo;exception de la lame et de la goupille d&rsquo;arr\u00eat. Ce dossier de qualit\u00e9 est dot\u00e9 d&rsquo;un clip de poche double face et de deux repose-pouces pour accueillir nos amis gauchers. C&rsquo;est l&rsquo;outil id\u00e9al pour tous ceux qui appr\u00e9cient la qualit\u00e9 !<\/p>\n<p>&nbsp;<\/p>\n","protected":false},"excerpt":{"rendered":"<p><strong>Spartan Blades produit chaque ann\u00e9e quatre dossiers Spartan Harsey en \u00e9dition sp\u00e9ciale. L&rsquo;\u00e9dition sp\u00e9ciale pour 2022 est l&rsquo;\u00e9dition Koi Fish 2022.<\/strong><\/p>\n<p>Transports gratuits.<\/p>\n","protected":false},"featured_media":324671,"comment_status":"open","ping_status":"closed","template":"","meta":[],"pwb-brand":[3837],"product_brand":[],"product_cat":[3700,3696],"product_tag":[3754],"class_list":{"0":"post-324705","1":"product","2":"type-product","3":"status-publish","4":"has-post-thumbnail","6":"pwb-brand-lames-spartiates","7":"product_cat-couteaux-de-fermeture","8":"product_cat-des-couteaux","9":"product_tag-b2b-fr","11":"first","12":"instock","13":"taxable","14":"shipping-taxable","15":"purchasable","16":"product-type-simple"},"brands":[{"id":3837,"name":"Lames spartiates","slug":"lames-spartiates"}],"_links":{"self":[{"href":"https:\/\/www.moskito.cz\/fr\/wp-json\/wp\/v2\/product\/324705","targetHints":{"allow":["GET"]}}],"collection":[{"href":"https:\/\/www.moskito.cz\/fr\/wp-json\/wp\/v2\/product"}],"about":[{"href":"https:\/\/www.moskito.cz\/fr\/wp-json\/wp\/v2\/types\/product"}],"replies":[{"embeddable":true,"href":"https:\/\/www.moskito.cz\/fr\/wp-json\/wp\/v2\/comments?post=324705"}],"wp:featuredmedia":[{"embeddable":true,"href":"https:\/\/www.moskito.cz\/fr\/wp-json\/wp\/v2\/media\/324671"}],"wp:attachment":[{"href":"https:\/\/www.moskito.cz\/fr\/wp-json\/wp\/v2\/media?parent=324705"}],"wp:term":[{"taxonomy":"pwb-brand","embeddable":true,"href":"https:\/\/www.moskito.cz\/fr\/wp-json\/wp\/v2\/pwb-brand?post=324705"},{"taxonomy":"product_brand","embeddable":true,"href":"https:\/\/www.moskito.cz\/fr\/wp-json\/wp\/v2\/product_brand?post=324705"},{"taxonomy":"product_cat","embeddable":true,"href":"https:\/\/www.moskito.cz\/fr\/wp-json\/wp\/v2\/product_cat?post=324705"},{"taxonomy":"product_tag","embeddable":true,"href":"https:\/\/www.moskito.cz\/fr\/wp-json\/wp\/v2\/product_tag?post=324705"}],"curies":[{"name":"wp","href":"https:\/\/api.w.org\/{rel}","templated":true}]}}