{"id":324885,"date":"2024-04-02T20:59:22","date_gmt":"2024-04-02T20:02:26","guid":{"rendered":"https:\/\/www.moskito.cz\/produkt\/couteau-pliant-spartan-blades-harsey-stonewashed-sf10swbz\/"},"modified":"2025-05-07T11:08:07","modified_gmt":"2025-05-07T10:08:07","slug":"couteau-pliant-spartan-blades-harsey-stonewashed-sf10swbz","status":"publish","type":"product","link":"https:\/\/www.moskito.cz\/fr\/produkt\/couteau-pliant-spartan-blades-harsey-stonewashed-sf10swbz\/","title":{"rendered":"Couteau pliant Spartan Blades Harsey Stonewashed SF10SWBZ"},"content":{"rendered":"<p>Couteau pliant <strong>Spartan Blades<\/strong> Harsey Stonewashed SF10SWBZ.<\/p>\n<p>D\u00e9couvrez le Spartan Harsey Folder 3.25, la derni\u00e8re collaboration de <strong>Spartan Blades<\/strong> et du l\u00e9gendaire coutelier William \u00ab\u00a0Bill\u00a0\u00bb Harsey Jr. Ce couteau \u00e0 verrouillage \u00e0 cadre en titane 6AL4V est dot\u00e9 d&rsquo;une lame CPM S45VN qui garantit des performances exceptionnelles pour les amateurs de couteaux.<\/p>\n<p>Propri\u00e9t\u00e9s cl\u00e9s&nbsp;:<\/p>\n<p>\u00c9l\u00e9gance du titane : enti\u00e8rement fabriqu\u00e9 en titane 6AL-4V, le SHF 3.25 repr\u00e9sente le summum de la durabilit\u00e9 et du style dans le monde des couteaux.<\/p>\n<p>Lame de qualit\u00e9 sup\u00e9rieure : la lame en acier inoxydable CPM S45VN de 3,25 pouces de diam\u00e8tre offre une excellente r\u00e9tention des bords et une excellente r\u00e9sistance \u00e0 la corrosion, ce qui la rend id\u00e9ale pour une vari\u00e9t\u00e9 de t\u00e2ches de coupe.<\/p>\n<p>M\u00e9canisme de verrouillage du cadre s\u00e9curis\u00e9 : profitez de la confiance d&rsquo;un m\u00e9canisme de verrouillage du cadre fiable qui garantit un engagement s\u00fbr et stable de la lame pour tous vos besoins de coupe.<\/p>\n<p>Confortable \u00e0 transporter : Con\u00e7u pour \u00eatre facile \u00e0 utiliser, le SHF 3.25 est non seulement facile \u00e0 transporter, mais \u00e9galement confortable \u00e0 manipuler, ce qui en fait le dossier parfait pour homme (ou femme).<\/p>\n<p>Clip de poche polyvalent : avec un clip de poche double face et deux broches pour le pouce, ce couteau offre des options de transport pratiques \u00e0 gauche et \u00e0 droite selon vos pr\u00e9f\u00e9rences.<\/p>\n<p>Finition saisissante&nbsp;: une finition satin\u00e9e sur le cadre en titane 6AL4V compl\u00e9t\u00e9e par du mat\u00e9riel anodis\u00e9 en bronze ajoute de la sophistication \u00e0 cette pi\u00e8ce exceptionnelle.<\/p>\n<p>Caract\u00e9ristiques:<\/p>\n<p>Fabricant : Lames spartiates<br \/>\nConcepteur : William W. Harsey<br \/>\nLongueur de la lame : 8,12 cm<br \/>\nLongueur totale : 18 cm<br \/>\nMat\u00e9riau de la lame : acier inoxydable CPM S45VN<br \/>\nDuret\u00e9 de la lame : 59-61<br \/>\nStyle de lame : Drop Point \u2013 Terrain plat \u2013 Stone Washed<br \/>\nMat\u00e9riau du cadre : Titane 6AL4V \u2013 Satin\u00e9 \u2013 Finition sabl\u00e9e<br \/>\nQuincaillerie&nbsp;:&nbsp;6AL4V Titanium &#8211; Quincaillerie anodis\u00e9e en bronze<br \/>\nPoids : 2,9 onces. \/ 0,184 lb<\/p>\n<p><iframe title=\"Spartan Blades Company Knife Company Story with Co-Founders Mark Carey and Curtis Iovito.\" width=\"800\" height=\"450\" src=\"https:\/\/www.youtube.com\/embed\/S-EVJgZR57Y?feature=oembed\" frameborder=\"0\" allow=\"accelerometer; autoplay; clipboard-write; encrypted-media; gyroscope; picture-in-picture; web-share\" referrerpolicy=\"strict-origin-when-cross-origin\" allowfullscreen><\/iframe><\/p>\n<p>&nbsp;<\/p>\n","protected":false},"excerpt":{"rendered":"<p><strong>D\u00e9couvrez le Spartan Harsey Folder 3.25, la derni\u00e8re collaboration de Spartan Blades et du l\u00e9gendaire coutelier William \u00ab\u00a0Bill\u00a0\u00bb Harsey Jr. Ce couteau \u00e0 verrouillage \u00e0 cadre en titane 6AL4V est dot\u00e9 d&rsquo;une lame CPM S45VN qui garantit des performances exceptionnelles pour les amateurs de couteaux.<\/strong><\/p>\n<p>Transports gratuits.<\/p>\n","protected":false},"featured_media":324840,"comment_status":"open","ping_status":"closed","template":"","meta":[],"pwb-brand":[3837],"product_brand":[],"product_cat":[3700,3696],"product_tag":[3754],"class_list":{"0":"post-324885","1":"product","2":"type-product","3":"status-publish","4":"has-post-thumbnail","6":"pwb-brand-lames-spartiates","7":"product_cat-couteaux-de-fermeture","8":"product_cat-des-couteaux","9":"product_tag-b2b-fr","11":"first","12":"instock","13":"taxable","14":"shipping-taxable","15":"purchasable","16":"product-type-simple"},"brands":[{"id":3837,"name":"Lames spartiates","slug":"lames-spartiates"}],"_links":{"self":[{"href":"https:\/\/www.moskito.cz\/fr\/wp-json\/wp\/v2\/product\/324885","targetHints":{"allow":["GET"]}}],"collection":[{"href":"https:\/\/www.moskito.cz\/fr\/wp-json\/wp\/v2\/product"}],"about":[{"href":"https:\/\/www.moskito.cz\/fr\/wp-json\/wp\/v2\/types\/product"}],"replies":[{"embeddable":true,"href":"https:\/\/www.moskito.cz\/fr\/wp-json\/wp\/v2\/comments?post=324885"}],"wp:featuredmedia":[{"embeddable":true,"href":"https:\/\/www.moskito.cz\/fr\/wp-json\/wp\/v2\/media\/324840"}],"wp:attachment":[{"href":"https:\/\/www.moskito.cz\/fr\/wp-json\/wp\/v2\/media?parent=324885"}],"wp:term":[{"taxonomy":"pwb-brand","embeddable":true,"href":"https:\/\/www.moskito.cz\/fr\/wp-json\/wp\/v2\/pwb-brand?post=324885"},{"taxonomy":"product_brand","embeddable":true,"href":"https:\/\/www.moskito.cz\/fr\/wp-json\/wp\/v2\/product_brand?post=324885"},{"taxonomy":"product_cat","embeddable":true,"href":"https:\/\/www.moskito.cz\/fr\/wp-json\/wp\/v2\/product_cat?post=324885"},{"taxonomy":"product_tag","embeddable":true,"href":"https:\/\/www.moskito.cz\/fr\/wp-json\/wp\/v2\/product_tag?post=324885"}],"curies":[{"name":"wp","href":"https:\/\/api.w.org\/{rel}","templated":true}]}}