{"id":325163,"date":"2024-04-03T18:19:46","date_gmt":"2024-04-03T17:42:27","guid":{"rendered":"https:\/\/www.moskito.cz\/produkt\/spartan-blades-custom-harsey-damascus-sf10dmbz-couteau-de-damas-pliant\/"},"modified":"2025-05-07T11:08:09","modified_gmt":"2025-05-07T10:08:09","slug":"spartan-blades-custom-harsey-damascus-sf10dmbz-couteau-de-damas-pliant","status":"publish","type":"product","link":"https:\/\/www.moskito.cz\/fr\/produkt\/spartan-blades-custom-harsey-damascus-sf10dmbz-couteau-de-damas-pliant\/","title":{"rendered":"Spartan Blades Custom Harsey Damascus SF10DMBZ Couteau de Damas pliant"},"content":{"rendered":"<p><strong>Spartan Blades<\/strong> Custom Harsey Damascus SF10DMBZ Couteau damas pliant.<\/p>\n<p>Pr\u00e9sentation du Spartan-Harsey Folder, le dernier summum du design de Spartan Blades en collaboration avec le c\u00e9l\u00e8bre coutelier William \u00ab\u00a0Bill\u00a0\u00bb Harsey Jr. Ce couteau de poche \u00e0 cadre en titane 6AL4V est soigneusement con\u00e7u pour ceux qui appr\u00e9cient la fiabilit\u00e9, le savoir-faire et une touche d&rsquo;\u00e9l\u00e9gance.<\/p>\n<p>Propri\u00e9t\u00e9s cl\u00e9s&nbsp;:<\/p>\n<p>Excellence de la lame : La lame en acier inoxydable Chad Nichols Damascus de 3,25 pouces offre non seulement une esth\u00e9tique exceptionnelle, mais offre \u00e9galement des performances sup\u00e9rieures. Le style \u00e0 point de chute, la surface plate et la finition en pierre assurent polyvalence et durabilit\u00e9.<\/p>\n<p>Conception Frame-Lock&nbsp;: Le verrou du cadre est enti\u00e8rement fabriqu\u00e9 en titane 6AL-4V et offre un verrouillage s\u00fbr et fiable. Le dossier de taille moyenne offre l&rsquo;\u00e9quilibre parfait entre fonctionnalit\u00e9 et portabilit\u00e9.<\/p>\n<p>Clip de poche r\u00e9versible&nbsp;: profitez de la flexibilit\u00e9 de transport avec un clip de poche double face et deux goujons pour le pouce pour un port sans couture \u00e0 gauche et \u00e0 droite.<\/p>\n<p>Quincaillerie anodis\u00e9e bleue&nbsp;: Cette variante pr\u00e9sente une quincaillerie anodis\u00e9e bleue accrocheuse qui ajoute une touche distinctive \u00e0 votre tenue quotidienne.<\/p>\n<p>Artisanat expert : fabriqu\u00e9 avec pr\u00e9cision et soin, le SHF 3.25 refl\u00e8te l&rsquo;engagement de Spartan Blades envers la qualit\u00e9. La finition satin\u00e9e et sabl\u00e9e de la monture en titane ajoute une touche de sophistication.<\/p>\n<p>Caract\u00e9ristiques:<\/p>\n<p>Fabricant : Lames spartiates<br \/>\nConcepteur : William W. Harsey<br \/>\nLongueur de la lame : 8,12 cm<br \/>\nLongueur totale : 18 cm<br \/>\nMat\u00e9riau de la lame : Chad Nichols Acier inoxydable Damas<br \/>\nDuret\u00e9 de la lame : 59-61<br \/>\nStyle de lame : Drop Point \u2013 Terrain plat \u2013 Stone Washed<br \/>\nMat\u00e9riau du cadre : Titane 6AL4V \u2013 Satin\u00e9 \u2013 Finition sabl\u00e9e<br \/>\nMat\u00e9riel&nbsp;:&nbsp;6AL4V Titanium &#8211; mat\u00e9riel anodis\u00e9 bleu<br \/>\nPoids : 2,9 onces. \/ 0,184 lb<br \/>\nAm\u00e9liorez votre transport quotidien avec le dossier Spartan-Harsey 3.25 \u2013 o\u00f9 l&rsquo;art rencontre la fonctionnalit\u00e9 dans un v\u00e9ritable dossier de gentleman.<\/p>\n<p><iframe title=\"Spartan Blades Company Knife Company Story with Co-Founders Mark Carey and Curtis Iovito.\" width=\"800\" height=\"450\" src=\"https:\/\/www.youtube.com\/embed\/S-EVJgZR57Y?feature=oembed\" frameborder=\"0\" allow=\"accelerometer; autoplay; clipboard-write; encrypted-media; gyroscope; picture-in-picture; web-share\" referrerpolicy=\"strict-origin-when-cross-origin\" allowfullscreen><\/iframe><\/p>\n<p>&nbsp;<\/p>\n","protected":false},"excerpt":{"rendered":"<p><strong>Pr\u00e9sentation du Spartan-Harsey Folder, le dernier summum du design de Spartan Blades en collaboration avec le c\u00e9l\u00e8bre coutelier William \u00ab\u00a0Bill\u00a0\u00bb Harsey Jr.<\/strong><\/p>\n<p>Transports gratuits.<\/p>\n","protected":false},"featured_media":325114,"comment_status":"open","ping_status":"closed","template":"","meta":[],"pwb-brand":[3837],"product_brand":[],"product_cat":[3760,3696],"product_tag":[3754],"class_list":{"0":"post-325163","1":"product","2":"type-product","3":"status-publish","4":"has-post-thumbnail","6":"pwb-brand-lames-spartiates","7":"product_cat-couteaux-damasquines","8":"product_cat-des-couteaux","9":"product_tag-b2b-fr","11":"first","12":"outofstock","13":"taxable","14":"shipping-taxable","15":"purchasable","16":"product-type-simple"},"brands":[{"id":3837,"name":"Lames spartiates","slug":"lames-spartiates"}],"_links":{"self":[{"href":"https:\/\/www.moskito.cz\/fr\/wp-json\/wp\/v2\/product\/325163","targetHints":{"allow":["GET"]}}],"collection":[{"href":"https:\/\/www.moskito.cz\/fr\/wp-json\/wp\/v2\/product"}],"about":[{"href":"https:\/\/www.moskito.cz\/fr\/wp-json\/wp\/v2\/types\/product"}],"replies":[{"embeddable":true,"href":"https:\/\/www.moskito.cz\/fr\/wp-json\/wp\/v2\/comments?post=325163"}],"wp:featuredmedia":[{"embeddable":true,"href":"https:\/\/www.moskito.cz\/fr\/wp-json\/wp\/v2\/media\/325114"}],"wp:attachment":[{"href":"https:\/\/www.moskito.cz\/fr\/wp-json\/wp\/v2\/media?parent=325163"}],"wp:term":[{"taxonomy":"pwb-brand","embeddable":true,"href":"https:\/\/www.moskito.cz\/fr\/wp-json\/wp\/v2\/pwb-brand?post=325163"},{"taxonomy":"product_brand","embeddable":true,"href":"https:\/\/www.moskito.cz\/fr\/wp-json\/wp\/v2\/product_brand?post=325163"},{"taxonomy":"product_cat","embeddable":true,"href":"https:\/\/www.moskito.cz\/fr\/wp-json\/wp\/v2\/product_cat?post=325163"},{"taxonomy":"product_tag","embeddable":true,"href":"https:\/\/www.moskito.cz\/fr\/wp-json\/wp\/v2\/product_tag?post=325163"}],"curies":[{"name":"wp","href":"https:\/\/api.w.org\/{rel}","templated":true}]}}