{"id":325280,"date":"2024-04-03T19:29:41","date_gmt":"2024-04-03T18:35:03","guid":{"rendered":"https:\/\/www.moskito.cz\/produkt\/couteau-pliant-spartan-blades-harsey-stonewashed-sf10sw\/"},"modified":"2025-05-07T11:08:11","modified_gmt":"2025-05-07T10:08:11","slug":"couteau-pliant-spartan-blades-harsey-stonewashed-sf10sw","status":"publish","type":"product","link":"https:\/\/www.moskito.cz\/fr\/produkt\/couteau-pliant-spartan-blades-harsey-stonewashed-sf10sw\/","title":{"rendered":"Couteau pliant Spartan Blades Harsey Stonewashed SF10SW"},"content":{"rendered":"<p>Couteau pliant <strong>Spartan Blades<\/strong> Harsey Stonewashed SF10SW.<\/p>\n<p>Pr\u00e9sentation du Spartan Harsey Folder &#8211; le dernier summum de l&rsquo;excellence de Spartan Blades en collaboration avec le l\u00e9gendaire coutelier William \u00ab\u00a0Bill\u00a0\u00bb Harsey Jr. Ce couteau combine l&rsquo;art du design avec la fonctionnalit\u00e9 qu&rsquo;exige un couteau. passionn\u00e9s. Fabriqu\u00e9 avec pr\u00e9cision et attention aux d\u00e9tails, le SHF 3.25 est un couteau fiable \u00e0 cadre en titane 6AL4V avec une lame en acier inoxydable CPM S45VN de 3,25 pouces.<\/p>\n<p>Propri\u00e9t\u00e9s cl\u00e9s&nbsp;:<\/p>\n<p>Mat\u00e9riaux haut de gamme&nbsp;: Le SHF 3.25 est soigneusement construit avec un verrou de cadre en titane 6AL4V pour une durabilit\u00e9 et une sensation de l\u00e9g\u00e8ret\u00e9. Fabriqu\u00e9e en acier inoxydable CPM S45VN, la lame t\u00e9moigne d&rsquo;une m\u00e9tallurgie et de performances sup\u00e9rieures.<\/p>\n<p>Conception prim\u00e9e&nbsp;: \u00e0 l&rsquo;instar de son pr\u00e9d\u00e9cesseur prim\u00e9 SHF, cette plieuse de taille moyenne maintient le m\u00eame niveau d&rsquo;excellence. Con\u00e7u en collaboration avec William W. Harsey, il est con\u00e7u pour ceux qui recherchent des dossiers pour hommes (ou femmes) vraiment exceptionnels.<\/p>\n<p>Clip de poche r\u00e9versible : avec un clip de poche double face et deux boutons-pouces, le SHF 3.25 s&rsquo;adapte aux pr\u00e9f\u00e9rences de transport des gauchers et des droitiers, offrant une polyvalence sans compromettre le style.<\/p>\n<p>Artisanat d&rsquo;\u00e9lite : le couteau \u00e0 verrouillage de cadre est enti\u00e8rement fabriqu\u00e9 en titane 6AL-4V et est satin\u00e9 pour offrir une esth\u00e9tique raffin\u00e9e et une finition durable. Le mat\u00e9riel, \u00e9galement en titane 6AL4V, compl\u00e8te la construction haut de gamme du couteau.<\/p>\n<p>Lame en acier inoxydable CPM S45VN&nbsp;: La lame \u00e0 pointe tombante de 3,25&nbsp;pouces, aff\u00fbt\u00e9e \u00e0 plat et lav\u00e9e \u00e0 la pierre, est fabriqu\u00e9e en acier inoxydable CPM S45VN, connu pour sa duret\u00e9 exceptionnelle (59-61 HRC) et sa r\u00e9tention des bords. Le double traitement thermique cryo profond garantit des performances optimales.<\/p>\n<p>Caract\u00e9ristiques:<\/p>\n<p>Fabricant : Lames spartiates<br \/>\nConcepteur : William W. Harsey<br \/>\nLongueur de la lame : 8,12 cm<br \/>\nLongueur totale : 18 cm<br \/>\nLame : CPM S45VN en acier inoxydable<br \/>\nDuret\u00e9 de la lame : 59-61<br \/>\nStyle de lame : Drop Point \u2013 Terrain plat \u2013 Stone Washed<br \/>\nCadre&nbsp;:&nbsp;Titane 6AL4V &#8211; Satin\u00e9 &#8211; Finition sabl\u00e9e<br \/>\nRaccords&nbsp;:&nbsp;6AL4V Titane<br \/>\nPoids : 2,9 onces. \/ 0,184 lb<br \/>\nAm\u00e9liorez votre exp\u00e9rience de transport quotidienne avec le Spartan Harsey Folder 3.25 \u2013 une fusion d&rsquo;art, de fonctionnalit\u00e9 et de savoir-faire sup\u00e9rieur. Con\u00e7u par les fabricants renomm\u00e9s de Spartan Blades, ce dossier est plus qu&rsquo;un simple outil&nbsp;; c&rsquo;est une d\u00e9claration d&rsquo;excellence dans le monde des couteaux haute performance<\/p>\n<p><iframe title=\"Spartan Blades Company Knife Company Story with Co-Founders Mark Carey and Curtis Iovito.\" width=\"800\" height=\"450\" src=\"https:\/\/www.youtube.com\/embed\/S-EVJgZR57Y?feature=oembed\" frameborder=\"0\" allow=\"accelerometer; autoplay; clipboard-write; encrypted-media; gyroscope; picture-in-picture; web-share\" referrerpolicy=\"strict-origin-when-cross-origin\" allowfullscreen><\/iframe><\/p>\n<p>&nbsp;<\/p>\n","protected":false},"excerpt":{"rendered":"<p><strong>Pr\u00e9sentation du Spartan Harsey Folder &#8211; le dernier summum de l&rsquo;excellence de Spartan Blades en collaboration avec le l\u00e9gendaire coutelier William \u00ab\u00a0Bill\u00a0\u00bb Harsey Jr.<\/strong><\/p>\n<p>Transports gratuits.<\/p>\n","protected":false},"featured_media":325230,"comment_status":"open","ping_status":"closed","template":"","meta":[],"pwb-brand":[3837],"product_brand":[],"product_cat":[3700,3696],"product_tag":[3754],"class_list":{"0":"post-325280","1":"product","2":"type-product","3":"status-publish","4":"has-post-thumbnail","6":"pwb-brand-lames-spartiates","7":"product_cat-couteaux-de-fermeture","8":"product_cat-des-couteaux","9":"product_tag-b2b-fr","11":"first","12":"instock","13":"taxable","14":"shipping-taxable","15":"purchasable","16":"product-type-simple"},"brands":[{"id":3837,"name":"Lames spartiates","slug":"lames-spartiates"}],"_links":{"self":[{"href":"https:\/\/www.moskito.cz\/fr\/wp-json\/wp\/v2\/product\/325280","targetHints":{"allow":["GET"]}}],"collection":[{"href":"https:\/\/www.moskito.cz\/fr\/wp-json\/wp\/v2\/product"}],"about":[{"href":"https:\/\/www.moskito.cz\/fr\/wp-json\/wp\/v2\/types\/product"}],"replies":[{"embeddable":true,"href":"https:\/\/www.moskito.cz\/fr\/wp-json\/wp\/v2\/comments?post=325280"}],"wp:featuredmedia":[{"embeddable":true,"href":"https:\/\/www.moskito.cz\/fr\/wp-json\/wp\/v2\/media\/325230"}],"wp:attachment":[{"href":"https:\/\/www.moskito.cz\/fr\/wp-json\/wp\/v2\/media?parent=325280"}],"wp:term":[{"taxonomy":"pwb-brand","embeddable":true,"href":"https:\/\/www.moskito.cz\/fr\/wp-json\/wp\/v2\/pwb-brand?post=325280"},{"taxonomy":"product_brand","embeddable":true,"href":"https:\/\/www.moskito.cz\/fr\/wp-json\/wp\/v2\/product_brand?post=325280"},{"taxonomy":"product_cat","embeddable":true,"href":"https:\/\/www.moskito.cz\/fr\/wp-json\/wp\/v2\/product_cat?post=325280"},{"taxonomy":"product_tag","embeddable":true,"href":"https:\/\/www.moskito.cz\/fr\/wp-json\/wp\/v2\/product_tag?post=325280"}],"curies":[{"name":"wp","href":"https:\/\/api.w.org\/{rel}","templated":true}]}}