{"id":325344,"date":"2021-07-22T08:32:18","date_gmt":"2021-07-22T07:32:18","guid":{"rendered":"https:\/\/www.moskito.cz\/produkt\/couteau-solide-cold-steel-kobun\/"},"modified":"2025-05-07T11:08:13","modified_gmt":"2025-05-07T10:08:13","slug":"couteau-solide-cold-steel-kobun","status":"publish","type":"product","link":"https:\/\/www.moskito.cz\/fr\/produkt\/couteau-solide-cold-steel-kobun\/","title":{"rendered":"Couteau Solide Cold Steel KOBUN"},"content":{"rendered":"<p>Couteau massif <strong>Cold Steel<\/strong> KOBUN.<\/p>\n<p>Le Cold Steel Kobun est un couteau l\u00e9ger qui tire son nom de la p\u00e8gre japonaise, o\u00f9 le mot \u00ab Kobun \u00bb est parfois utilis\u00e9 comme indicateur de rang, sugg\u00e9rant le mot \u00ab soldat \u00bb ou celui qui re\u00e7oit les ordres de son patron \u00ab Oyabun \u00bb. C&rsquo;est un nom appropri\u00e9 pour un couteau comme le Kobun qui a \u00e9t\u00e9 v\u00e9ritablement con\u00e7u pour \u00eatre un \u00ab bon soldat \u00bb. Il s&rsquo;est av\u00e9r\u00e9 incroyablement populaire aupr\u00e8s des militaires, o\u00f9 il est appr\u00e9ci\u00e9 pour sa l\u00e9g\u00e8ret\u00e9 et son profil discret, ainsi que pour sa durabilit\u00e9 et son potentiel de coupe. Le Kobun est dot\u00e9 de la pointe renforc\u00e9e \u00ab\u00a0American Tanto\u00a0\u00bb embl\u00e9matique de Cold Steel, ce qui le rend tr\u00e8s r\u00e9sistant \u00e0 la flexion ou \u00e0 la rupture car il est renforc\u00e9 sur toute l&rsquo;\u00e9paisseur du dos de la lame (qui s&rsquo;\u00e9tend presque jusqu&rsquo;au bout de la lame). Malgr\u00e9 son profil fin, la poign\u00e9e Kray-Ex profond\u00e9ment damier de Kobun est con\u00e7ue pour offrir une adh\u00e9rence maximale et est con\u00e7ue pour r\u00e9sister \u00e0 la rotation ou au d\u00e9placement de la main.<\/p>\n<p>Longueur totale : 252 mm<br \/>\nLa lame est en acier AUS 8A SS<br \/>\nLongueur de la lame : 137 mm<br \/>\nManche en mat\u00e9riau Kraton (Kray-Ex)<br \/>\nGaine en polym\u00e8re Secure-Ex durable avec clip en acier inoxydable<\/p>\n<p><strong>Cold Steel<\/strong> est une entreprise engag\u00e9e dans la production des couteaux les plus solides et les plus tranchants au monde. Au cours des trois derni\u00e8res d\u00e9cennies, Cold Steel a \u00e9t\u00e9 \u00e0 l&rsquo;avant-garde de nombreuses innovations qui ont contribu\u00e9 \u00e0 d\u00e9finir l&rsquo;industrie du couteau. Les succ\u00e8s successifs, notamment l&rsquo;introduction des manches \u00e0 carreaux Kraton\u00ae et des styles de lames \u00e0 pointe tanto, sont pass\u00e9s de caract\u00e9ristiques curieuses \u00e0 des marques industrielles de qualit\u00e9 et de sophistication. La nouvelle direction a \u00e9galement \u00e9t\u00e9 rompue avec l&rsquo;introduction de nouvelles lames en acier uniques telles que le San Mai III\u00ae et le m\u00e9canisme de verrouillage et de verrouillage Tri-Ad \u2122 pour les couteaux pliants. Par exemple, le verrou Tri-Ad \u2122 n&rsquo;a jamais \u00e9t\u00e9 \u00e9gal\u00e9 par aucun des concurrents de Cold Steel et il n&rsquo;a pas \u00e9t\u00e9 prouv\u00e9 qu&rsquo;il surpassait tout ce qu&rsquo;ils ont produit jusqu&rsquo;\u00e0 pr\u00e9sent. Bien entendu, Cold Steel sera toujours tourn\u00e9 vers l\u2019avenir et s\u2019efforcera constamment de produire les couteaux les plus solides et les plus tranchants au monde. Cet objectif, tout aussi insaisissable et difficile \u00e0 atteindre, est rest\u00e9 le m\u00eame au cours des quarante derni\u00e8res ann\u00e9es. Acier froid inc. est une entreprise ax\u00e9e sur la production des couteaux, \u00e9p\u00e9es, tomahawks, machettes, couverts et outils les plus solides et les plus tranchants pour le transport quotidien : EDC. Rapidement adopt\u00e9 par l&rsquo;arm\u00e9e, les forces sp\u00e9ciales charg\u00e9es de l&rsquo;application de la loi, les intervenants d&rsquo;urgence, les professionnels de l&rsquo;autod\u00e9fense et les membres de la communaut\u00e9 des arts martiaux, Cold Steel s&rsquo;est rapidement fait un nom pour sa qualit\u00e9, sa solidit\u00e9, sa fiabilit\u00e9 et sa fiabilit\u00e9 dans le transport quotidien (EDC). . Notre gamme diversifi\u00e9e et vari\u00e9e s&rsquo;est rapidement \u00e9largie pour inclure non seulement une vaste s\u00e9lection de couteaux pliants (des petites lames \u00ab EDC \u00bb \u00e0 nos embl\u00e9matiques \u00ab m\u00e9ga-dossiers \u00bb) g\u00e9ants, mais \u00e9galement des lames fixes, des \u00e9p\u00e9es, des sabres, des b\u00e2tons et des hallebardes, ainsi que ainsi que du mat\u00e9riel de chasse, des lances, des fusils, des haches, des machettes, des tomahawks et des outils ! Au fil des d\u00e9cennies, Cold Steel a introduit de nouveaux mat\u00e9riaux et conceptions r\u00e9volutionnaires qui ont contribu\u00e9 \u00e0 fa\u00e7onner le monde des couteaux, armes blanches et outils modernes. De l&rsquo;introduction de poign\u00e9es \u00e0 damier Kraton\u00ae et d&rsquo;une lame Tanto \u00ab am\u00e9ricanis\u00e9e \u00bb, \u00e0 l&rsquo;inclusion de nouveaux aciers de lame innovants comme le San Mai III\u00ae et de m\u00e9canismes de verrouillage r\u00e9volutionnaires (comme notre Tri-Ad \u2122 Lock). Alors que nous regardons vers l&rsquo;avenir, Cold Steel continue d&rsquo;apporter sur le march\u00e9 de nouveaux niveaux de r\u00e9sistance, de s\u00e9curit\u00e9 et de performance, en fournissant des produits \u00e9prouv\u00e9s sur lesquels vous pouvez compter, \u00e0 tout moment et en tout lieu !<\/p>\n<p>&nbsp;<\/p>\n","protected":false},"excerpt":{"rendered":"<p><strong>Kobun de Cold Steel est une v\u00e9ritable ic\u00f4ne ! C&rsquo;est un couteau solide avec une lame Tanto. Gr\u00e2ce \u00e0 sa taille et son poids, le Kobun est tr\u00e8s maniable.<\/strong><\/p>\n","protected":false},"featured_media":325345,"comment_status":"open","ping_status":"closed","template":"","meta":[],"pwb-brand":[3789],"product_brand":[],"product_cat":[3697,3696],"product_tag":[3754],"class_list":{"0":"post-325344","1":"product","2":"type-product","3":"status-publish","4":"has-post-thumbnail","6":"pwb-brand-acier-froid","7":"product_cat-couteaux-solides","8":"product_cat-des-couteaux","9":"product_tag-b2b-fr","11":"first","12":"instock","13":"taxable","14":"shipping-taxable","15":"purchasable","16":"product-type-simple"},"brands":[{"id":3789,"name":"Acier froid","slug":"acier-froid"}],"_links":{"self":[{"href":"https:\/\/www.moskito.cz\/fr\/wp-json\/wp\/v2\/product\/325344","targetHints":{"allow":["GET"]}}],"collection":[{"href":"https:\/\/www.moskito.cz\/fr\/wp-json\/wp\/v2\/product"}],"about":[{"href":"https:\/\/www.moskito.cz\/fr\/wp-json\/wp\/v2\/types\/product"}],"replies":[{"embeddable":true,"href":"https:\/\/www.moskito.cz\/fr\/wp-json\/wp\/v2\/comments?post=325344"}],"wp:featuredmedia":[{"embeddable":true,"href":"https:\/\/www.moskito.cz\/fr\/wp-json\/wp\/v2\/media\/325345"}],"wp:attachment":[{"href":"https:\/\/www.moskito.cz\/fr\/wp-json\/wp\/v2\/media?parent=325344"}],"wp:term":[{"taxonomy":"pwb-brand","embeddable":true,"href":"https:\/\/www.moskito.cz\/fr\/wp-json\/wp\/v2\/pwb-brand?post=325344"},{"taxonomy":"product_brand","embeddable":true,"href":"https:\/\/www.moskito.cz\/fr\/wp-json\/wp\/v2\/product_brand?post=325344"},{"taxonomy":"product_cat","embeddable":true,"href":"https:\/\/www.moskito.cz\/fr\/wp-json\/wp\/v2\/product_cat?post=325344"},{"taxonomy":"product_tag","embeddable":true,"href":"https:\/\/www.moskito.cz\/fr\/wp-json\/wp\/v2\/product_tag?post=325344"}],"curies":[{"name":"wp","href":"https:\/\/api.w.org\/{rel}","templated":true}]}}