{"id":325365,"date":"2022-04-21T20:06:46","date_gmt":"2024-04-04T13:38:10","guid":{"rendered":"https:\/\/www.moskito.cz\/produkt\/couteau-pliant-double-safe-hunter-cold-steel\/"},"modified":"2025-05-07T11:08:15","modified_gmt":"2025-05-07T10:08:15","slug":"couteau-pliant-double-safe-hunter-cold-steel","status":"publish","type":"product","link":"https:\/\/www.moskito.cz\/fr\/produkt\/couteau-pliant-double-safe-hunter-cold-steel\/","title":{"rendered":"Couteau pliant DOUBLE SAFE HUNTER Cold Steel"},"content":{"rendered":"<p>Couteau pliant DOUBLE SAFE HUNTER <strong>Cold Steel<\/strong> .<\/p>\n<p>Si vous recherchez un chasseur pliable peu co\u00fbteux mais performant, ne cherchez pas plus loin que le Double Safe Hunter. Il est calqu\u00e9 sur notre Voyager old-school extr\u00eamement populaire. Sa large lame avec clip mesure 3,5 de long et est en acier 8Cr13MoV, tremp\u00e9 \u00e0 une duret\u00e9 Rockwell de 57-58. Quel que soit le travail \u00e0 effectuer, vous pouvez \u00eatre s\u00fbr d&rsquo;avoir le bon couteau \u00e0 port\u00e9e de main, avec une lame suffisamment petite pour des coupes complexes mais suffisamment grande pour abattre n&rsquo;importe quoi, d&rsquo;une souris \u00e0 un \u00e9lan. Sa poign\u00e9e en nylon camouflage (GFN) est fine et ergonomique, et comporte un clip de poche en plastique rempla\u00e7able. Les clips de poche en plastique aident \u00e0 r\u00e9duire les rayures et les \u00e9raflures sur les tissus d&rsquo;ameublement et autres surfaces que les clips en acier sont connus pour provoquer. Comme toujours, Cold Steel a con\u00e7u le Double Safe en pensant \u00e0 vos doigts. Son verrou de berceau de pointe est dot\u00e9 d&rsquo;un m\u00e9canisme de s\u00e9curit\u00e9 secondaire extr\u00eamement r\u00e9sistant aux chocs et aux impacts lorsqu&rsquo;il est activ\u00e9.<\/p>\n<p>PARAM\u00c8TRES DU PRODUIT<br \/>\nLongueur de la lame. 89 millim\u00e8tres<br \/>\nAcier&nbsp;:&nbsp;8Cr13MoV inoxydable<br \/>\nPoids : 116g<br \/>\nLongueur du manche : 140 mm<br \/>\nTaille hors tout : 229 mm<br \/>\n\u00c9paisseur de la lame : 3 mm<br \/>\nCouleur : Marron\/Argent<br \/>\nType de fusible : Double verrouillage de s\u00e9curit\u00e9<br \/>\nMat\u00e9riau du manche&nbsp;: GFNhandle long<\/p>\n<p>Si vous recherchez un chasseur pliable \u00e9conomique mais performant, ne cherchez pas plus loin que le Double Safe Hunter. Il est calqu\u00e9 sur notre Voyager old-school extr\u00eamement populaire. Sa lame large \u00e0 pointe clip mesure 3,5 de longueur et est compos\u00e9e d&rsquo;acier 8Cr13MoV, tremp\u00e9 \u00e0 une duret\u00e9 Rockwell de 57-58. Quel que soit le travail, vous pouvez \u00eatre s\u00fbr d&rsquo;avoir le bon couteau sous la main, avec une lame suffisamment petite pour les t\u00e2ches de coupe complexes, mais suffisamment grande pour \u00e9corcher n&rsquo;importe quoi, d&rsquo;une souris \u00e0 un \u00e9lan. Un r\u00eave \u00e0 utiliser pendant une longue p\u00e9riode, sa poign\u00e9e en nylon renforc\u00e9 de verre (GFN) camouflage est fine et ergonomique et comporte un clip de poche en plastique rempla\u00e7able. Les clips de poche en plastique aident \u00e0 limiter les accrocs et les rayures sur les tissus d&rsquo;ameublement et autres surfaces que les clips en acier sont connus pour provoquer. Comme toujours, Cold Steel a pens\u00e9 \u00e0 vos doigts lors de la conception du Double Safe. Son verrou \u00e0 bascule de pointe est dot\u00e9 d&rsquo;un m\u00e9canisme de s\u00e9curit\u00e9 secondaire qui, une fois engag\u00e9, est extr\u00eamement r\u00e9sistant aux chocs et aux impacts.<br \/>\nPoids : 4,1 oz \u00c9paisseur de la lame : 3 mm Longueur de la lame : 3-1\/2 pouces Acier de la lame : 8Cr13MoV Longueur\/mat\u00e9riau du manche : 4-7\/8 pouces GFN (Camo) Longueur totale : 8-3\/8 pouces Caract\u00e9ristiques suppl\u00e9mentaires : Poche ambidextre\/clip de ceinture Type de couteau : Dossier Famille de produits : Double Safe Hunter Gamme de longueur de lame : 3-5 po Famille d&rsquo;acier : MoV Forme de la lame : Clip Point M\u00e9canisme de verrouillage : Rocker Lock<\/p>\n<p>&nbsp;<\/p>\n","protected":false},"excerpt":{"rendered":"<p>Le Double Safe Hunter est un couteau de travail de chasse, con\u00e7u par Andrew Demko en tenant compte du fait que les couteaux de travail sont fortement sollicit\u00e9s et souvent perdus.<\/p>\n","protected":false},"featured_media":325366,"comment_status":"open","ping_status":"closed","template":"","meta":[],"pwb-brand":[3789],"product_brand":[],"product_cat":[3700,3696],"product_tag":[],"class_list":{"0":"post-325365","1":"product","2":"type-product","3":"status-publish","4":"has-post-thumbnail","6":"pwb-brand-acier-froid","7":"product_cat-couteaux-de-fermeture","8":"product_cat-des-couteaux","10":"first","11":"instock","12":"taxable","13":"shipping-taxable","14":"purchasable","15":"product-type-simple"},"brands":[{"id":3789,"name":"Acier froid","slug":"acier-froid"}],"_links":{"self":[{"href":"https:\/\/www.moskito.cz\/fr\/wp-json\/wp\/v2\/product\/325365","targetHints":{"allow":["GET"]}}],"collection":[{"href":"https:\/\/www.moskito.cz\/fr\/wp-json\/wp\/v2\/product"}],"about":[{"href":"https:\/\/www.moskito.cz\/fr\/wp-json\/wp\/v2\/types\/product"}],"replies":[{"embeddable":true,"href":"https:\/\/www.moskito.cz\/fr\/wp-json\/wp\/v2\/comments?post=325365"}],"wp:featuredmedia":[{"embeddable":true,"href":"https:\/\/www.moskito.cz\/fr\/wp-json\/wp\/v2\/media\/325366"}],"wp:attachment":[{"href":"https:\/\/www.moskito.cz\/fr\/wp-json\/wp\/v2\/media?parent=325365"}],"wp:term":[{"taxonomy":"pwb-brand","embeddable":true,"href":"https:\/\/www.moskito.cz\/fr\/wp-json\/wp\/v2\/pwb-brand?post=325365"},{"taxonomy":"product_brand","embeddable":true,"href":"https:\/\/www.moskito.cz\/fr\/wp-json\/wp\/v2\/product_brand?post=325365"},{"taxonomy":"product_cat","embeddable":true,"href":"https:\/\/www.moskito.cz\/fr\/wp-json\/wp\/v2\/product_cat?post=325365"},{"taxonomy":"product_tag","embeddable":true,"href":"https:\/\/www.moskito.cz\/fr\/wp-json\/wp\/v2\/product_tag?post=325365"}],"curies":[{"name":"wp","href":"https:\/\/api.w.org\/{rel}","templated":true}]}}